{"id":19183,"date":"2024-08-13T14:26:20","date_gmt":"2024-08-13T12:26:20","guid":{"rendered":"https:\/\/calor.ee\/biokamins-slimfire-inside-black-1200\/"},"modified":"2024-08-13T14:26:20","modified_gmt":"2024-08-13T12:26:20","slug":"biokamins-slimfire-inside-black-1200","status":"publish","type":"product","link":"https:\/\/calor.ee\/lv\/biokamins-slimfire-inside-black-1200\/","title":{"rendered":"Biokam\u012bns SLIMfire Inside Black 1200"},"content":{"rendered":"<p>Komplekt\u0101 iek\u013cauts biokam\u012bns, r\u016bd\u012bt\u0101 stikla pane\u013ci (2 gab.) un aizdedzin\u0101t\u0101js.<\/p>\n","protected":false},"excerpt":{"rendered":"<p>Ieb\u016bv\u0113jamais biokam\u012bns SLIMfire Inside Black 1200 ir ide\u0101li piem\u0113rots dz\u012bvok\u013ciem, priv\u0101tm\u0101j\u0101m, viesn\u012bc\u0101m, restor\u0101niem un citiem interjeriem, jo tas neprasa piesl\u0113gumu skurstenim un neaiz\u0146em \u012bpa\u0161u ventil\u0101cijas sist\u0113mu. \u0160is biokam\u012bns izmanto ekolo\u0123iski t\u012bru bioetanolu, kas deg \u0101rk\u0101rt\u012bgi t\u012bri \u2014 bez d\u016bmiem, g\u0101z\u0113m un smak\u0101m, nodro\u0161inot dro\u0161u un pat\u012bkamu dz\u012bvas uguns baud\u012b\u0161anu. <\/p>\n<p>Biokam\u012bna deglim ir keramikas \u0161\u0137iedras iek\u0161\u0113j\u0101 da\u013ca ar sietu, kas uzlabo dro\u0161\u012bbu un vienlaikus pagarina un optimiz\u0113 deg\u0161anas procesu. Vi\u013c\u0146veida deglis rada papildu 3D efektu, padarot dz\u012bv\u0101s liesmas v\u0113ro\u0161anu v\u0113l aizraujo\u0161\u0101ku. Ar \u0113rtu b\u012bd\u0101mo aizvaru ir iesp\u0113jams regul\u0113t liesmas augstumu un ar\u012b to nodz\u0113st. <strong>Biokam\u012bns SLIMfire Inside Black 1200<\/strong> ir apr\u012bkots ar 8 mm biezu r\u016bd\u012bt\u0101 Opti-White stikla paneli, kas palielina dro\u0161\u012bbu un stabiliz\u0113 liesmas l\u012bniju.  <\/p>\n<p>Biokam\u012bna lieto\u0161ana ir \u0101rk\u0101rt\u012bgi vienk\u0101r\u0161a \u2014 vienk\u0101r\u0161i ielejiet bioetanolu kam\u012bna deg\u013c\u012b, aizdedziniet to un J\u016bs uzreiz var\u0113siet baud\u012bt dz\u012bvu liesmu un tai l\u012bdzi n\u0101ko\u0161o siltumu. Tr\u012bs litri bioetanola \u013cauj baud\u012bt liesmu un siltumu 3\u20135 stundas. <\/p>\n","protected":false},"featured_media":19184,"comment_status":"closed","ping_status":"closed","template":"","meta":{"_acf_changed":false},"product_brand":[5545],"product_cat":[5117],"product_tag":[],"class_list":{"0":"post-19183","1":"product","2":"type-product","3":"status-publish","4":"has-post-thumbnail","6":"product_brand-slimfire","7":"product_cat-biokamini","8":"product_shipping_class-bezmaksas","9":"tm-no-options","11":"first","12":"instock","13":"taxable","14":"shipping-taxable","15":"purchasable","16":"product-type-simple"},"acf":[],"_links":{"self":[{"href":"https:\/\/calor.ee\/lv\/wp-json\/wp\/v2\/product\/19183","targetHints":{"allow":["GET"]}}],"collection":[{"href":"https:\/\/calor.ee\/lv\/wp-json\/wp\/v2\/product"}],"about":[{"href":"https:\/\/calor.ee\/lv\/wp-json\/wp\/v2\/types\/product"}],"replies":[{"embeddable":true,"href":"https:\/\/calor.ee\/lv\/wp-json\/wp\/v2\/comments?post=19183"}],"wp:featuredmedia":[{"embeddable":true,"href":"https:\/\/calor.ee\/lv\/wp-json\/wp\/v2\/media\/19184"}],"wp:attachment":[{"href":"https:\/\/calor.ee\/lv\/wp-json\/wp\/v2\/media?parent=19183"}],"wp:term":[{"taxonomy":"product_brand","embeddable":true,"href":"https:\/\/calor.ee\/lv\/wp-json\/wp\/v2\/product_brand?post=19183"},{"taxonomy":"product_cat","embeddable":true,"href":"https:\/\/calor.ee\/lv\/wp-json\/wp\/v2\/product_cat?post=19183"},{"taxonomy":"product_tag","embeddable":true,"href":"https:\/\/calor.ee\/lv\/wp-json\/wp\/v2\/product_tag?post=19183"}],"curies":[{"name":"wp","href":"https:\/\/api.w.org\/{rel}","templated":true}]}}