{"id":19139,"date":"2024-08-13T10:57:29","date_gmt":"2024-08-13T08:57:29","guid":{"rendered":"https:\/\/calor.ee\/biodeglis-slimfire-insert-slim-1200\/"},"modified":"2024-08-13T10:57:29","modified_gmt":"2024-08-13T08:57:29","slug":"biodeglis-slimfire-insert-slim-1200","status":"publish","type":"product","link":"https:\/\/calor.ee\/lv\/biodeglis-slimfire-insert-slim-1200\/","title":{"rendered":"Biodeglis SLIMfire Insert Slim 1200"},"content":{"rendered":"<p>Komplekt\u0101 ietilpst biodeglis un aizdedzin\u0101t\u0101js.<\/p>\n","protected":false},"excerpt":{"rendered":"<p>SLIMfire Insert Slim 1200 ir pievilc\u012bgs meln\u0101 kr\u0101s\u0101 ner\u016bs\u0113jo\u0161\u0101 t\u0113rauda biodeglis, kas lieliski piem\u0113rots iegul\u0161anai da\u017e\u0101dos karstumiztur\u012bgos materi\u0101los, k\u0101 ar\u012b neieguld\u012bt\u0101 veid\u0101 vai br\u012bvi st\u0101vo\u0161s jau eso\u0161\u0101s kurtuv\u0113s. Rezult\u0101ts vienm\u0113r ir elegants un stil\u012bgs. Biokam\u012bnam nav nepiecie\u0161ams skurste\u0146a piesl\u0113gums vai speci\u0101la ventil\u0101cijas sist\u0113ma.  <\/p>\n<p>Biodeglim ir keramikas \u0161\u0137iedras iek\u0161\u0113j\u0101 da\u013ca ar sietu, kas uzlabo dro\u0161\u012bbu, k\u0101 ar\u012b pagarina un optimiz\u0113 deg\u0161anas procesu. Vi\u013c\u0146veida deg\u013ca forma veido papildu 3D efektu, padarot liesmas v\u0113ro\u0161anu \u012bpa\u0161i aizraujo\u0161u. Ar \u0113rtu b\u012bd\u0101mo aizvaru iesp\u0113jams regul\u0113t liesmas augstumu un p\u0113c vajadz\u012bbas to nodz\u0113st.  <\/p>\n<p>\u0160is biodeglis ir apr\u012bkots ar diviem 8 mm r\u016bd\u012bt\u0101 Opti-White stikla pane\u013ciem, kas palielina dro\u0161\u012bbu, stabiliz\u0113 liesmu un vienlaikus veido vienotu un est\u0113tisku ansambli.<\/p>\n<p><strong>Biodeglis SLIMfire Insert Slim 1200<\/strong> izmanto k\u0101 kurin\u0101mo ekolo\u0123iski t\u012bru bioetanolu un, pateicoties t\u012brai sadeg\u0161anai, sniedz iesp\u0113ju baud\u012bt uguns burv\u012bbu bez d\u016bmiem, bez g\u0101zes, bez smar\u017eas un dro\u0161\u0101 veid\u0101.<\/p>\n<p>Biodeg\u013ca lieto\u0161ana ir \u0101rk\u0101rt\u012bgi vienk\u0101r\u0161a \u2013 vienk\u0101r\u0161i ielejiet bioetanolu degli, aizdedziniet to, un J\u016bs uzreiz var\u0113siet baud\u012bt dz\u012bvu liesmu un t\u0101s sniegto siltumu. \u010cetri litri bioetanola \u013cauj baud\u012bt liesmu un siltumu 3\u20135 stundas. <\/p>\n","protected":false},"featured_media":19141,"comment_status":"closed","ping_status":"closed","template":"","meta":{"_acf_changed":false},"product_brand":[5545],"product_cat":[5117],"product_tag":[5157,5155],"class_list":{"0":"post-19139","1":"product","2":"type-product","3":"status-publish","4":"has-post-thumbnail","6":"product_brand-slimfire","7":"product_cat-biokamini","8":"product_tag-biokamina-deglis","9":"product_tag-galda-biokamins","10":"product_shipping_class-bezmaksas","11":"tm-no-options","13":"first","14":"instock","15":"taxable","16":"shipping-taxable","17":"purchasable","18":"product-type-simple"},"acf":[],"_links":{"self":[{"href":"https:\/\/calor.ee\/lv\/wp-json\/wp\/v2\/product\/19139","targetHints":{"allow":["GET"]}}],"collection":[{"href":"https:\/\/calor.ee\/lv\/wp-json\/wp\/v2\/product"}],"about":[{"href":"https:\/\/calor.ee\/lv\/wp-json\/wp\/v2\/types\/product"}],"replies":[{"embeddable":true,"href":"https:\/\/calor.ee\/lv\/wp-json\/wp\/v2\/comments?post=19139"}],"wp:featuredmedia":[{"embeddable":true,"href":"https:\/\/calor.ee\/lv\/wp-json\/wp\/v2\/media\/19141"}],"wp:attachment":[{"href":"https:\/\/calor.ee\/lv\/wp-json\/wp\/v2\/media?parent=19139"}],"wp:term":[{"taxonomy":"product_brand","embeddable":true,"href":"https:\/\/calor.ee\/lv\/wp-json\/wp\/v2\/product_brand?post=19139"},{"taxonomy":"product_cat","embeddable":true,"href":"https:\/\/calor.ee\/lv\/wp-json\/wp\/v2\/product_cat?post=19139"},{"taxonomy":"product_tag","embeddable":true,"href":"https:\/\/calor.ee\/lv\/wp-json\/wp\/v2\/product_tag?post=19139"}],"curies":[{"name":"wp","href":"https:\/\/api.w.org\/{rel}","templated":true}]}}