{"id":19046,"date":"2022-09-08T10:38:43","date_gmt":"2022-09-08T08:38:43","guid":{"rendered":"https:\/\/calor.ee\/biokamins-traforart-admeto-central\/"},"modified":"2022-09-08T10:38:43","modified_gmt":"2022-09-08T08:38:43","slug":"biokamins-traforart-admeto-central","status":"publish","type":"product","link":"https:\/\/calor.ee\/lv\/biokamins-traforart-admeto-central\/","title":{"rendered":"Biokam\u012bns Traforart Admeto Central"},"content":{"rendered":"","protected":false},"excerpt":{"rendered":"<p>Iedom\u0101jieties savu viesu sejas izteiksmi, kad vi\u0146i J\u016bsu viesistab\u0101 ieraudz\u012bs \u0161o biokam\u012bnu. <strong>Biokam\u012bns Traforart Admeto Central<\/strong> atst\u0101j ikvienu bez v\u0101rdiem \u2014 t\u0101 pievilc\u012bgais dizains un iesp\u0113ja baud\u012bt liesmu no jebkura skatupunkta rada patiesi iespaid\u012bgu efektu.<\/p>\n<p>Biokam\u012bns izmanto ekolo\u0123iski t\u012bru bioetanolu, kas nodro\u0161ina liesmas ma\u0123iju bez d\u016bmiem, bez g\u0101zes, bez smakas un piln\u012bgi dro\u0161i. T\u0101 k\u0101 t\u0101 darbin\u0101\u0161anai nav nepiecie\u0161ams skurste\u0146a piesl\u0113gums, tas lieliski iederas jebkur\u0101 interjer\u0101. <\/p>\n<p>Traforart Admeto Central biokam\u012bna lieto\u0161ana ir \u0101rk\u0101rt\u012bgi vienk\u0101r\u0161a \u2014 vienk\u0101r\u0161i ielejiet bioetanolu komplekt\u0101 eso\u0161aj\u0101 tvertn\u0113, aizdedziniet to un J\u016bs nekav\u0113joties var\u0113siet baud\u012bt dz\u012bvu liesmu un pat\u012bkamu siltumu. T\u0101s siltuma jauda ir aptuveni 3,5 kW, un divi litri bioetanola \u013cauj izbaud\u012bt liesmu un siltumu 4\u20136 stundas. <\/p>\n<p>&nbsp;<\/p>\n","protected":false},"featured_media":19048,"comment_status":"closed","ping_status":"closed","template":"","meta":{"_acf_changed":false},"product_brand":[1216],"product_cat":[5117],"product_tag":[],"class_list":{"0":"post-19046","1":"product","2":"type-product","3":"status-publish","4":"has-post-thumbnail","6":"product_brand-traforart","7":"product_cat-biokamini","8":"product_shipping_class-bezmaksas","9":"tm-no-options","11":"first","12":"instock","13":"taxable","14":"shipping-taxable","15":"product-type-simple"},"acf":[],"_links":{"self":[{"href":"https:\/\/calor.ee\/lv\/wp-json\/wp\/v2\/product\/19046","targetHints":{"allow":["GET"]}}],"collection":[{"href":"https:\/\/calor.ee\/lv\/wp-json\/wp\/v2\/product"}],"about":[{"href":"https:\/\/calor.ee\/lv\/wp-json\/wp\/v2\/types\/product"}],"replies":[{"embeddable":true,"href":"https:\/\/calor.ee\/lv\/wp-json\/wp\/v2\/comments?post=19046"}],"wp:featuredmedia":[{"embeddable":true,"href":"https:\/\/calor.ee\/lv\/wp-json\/wp\/v2\/media\/19048"}],"wp:attachment":[{"href":"https:\/\/calor.ee\/lv\/wp-json\/wp\/v2\/media?parent=19046"}],"wp:term":[{"taxonomy":"product_brand","embeddable":true,"href":"https:\/\/calor.ee\/lv\/wp-json\/wp\/v2\/product_brand?post=19046"},{"taxonomy":"product_cat","embeddable":true,"href":"https:\/\/calor.ee\/lv\/wp-json\/wp\/v2\/product_cat?post=19046"},{"taxonomy":"product_tag","embeddable":true,"href":"https:\/\/calor.ee\/lv\/wp-json\/wp\/v2\/product_tag?post=19046"}],"curies":[{"name":"wp","href":"https:\/\/api.w.org\/{rel}","templated":true}]}}