{"id":19037,"date":"2025-05-09T09:21:33","date_gmt":"2025-05-09T07:21:33","guid":{"rendered":"https:\/\/calor.ee\/biokamins-slimfire-u1000-slim\/"},"modified":"2025-05-09T09:21:33","modified_gmt":"2025-05-09T07:21:33","slug":"biokamins-slimfire-u1000-slim","status":"publish","type":"product","link":"https:\/\/calor.ee\/lv\/biokamins-slimfire-u1000-slim\/","title":{"rendered":"Biokam\u012bns SlimFire U1000 Slim"},"content":{"rendered":"","protected":false},"excerpt":{"rendered":"<p>Sien\u0101 ieb\u016bv\u0113jamais <strong>SlimFire U1000 Slim biokam\u012bns<\/strong> ir atrakt\u012bvs un elegants risin\u0101jums divu telpu nodal\u012b\u0161anai m\u016bsdien\u012bg\u0101 interjer\u0101.<\/p>\n<p>Tas lieliski piem\u0113rots dz\u012bvok\u013ciem, priv\u0101tm\u0101j\u0101m, viesn\u012bc\u0101m, restor\u0101niem un citiem interjeriem, jo tam nav nepiecie\u0161ams skurste\u0146a piesl\u0113gums vai \u012bpa\u0161a ventil\u0101cijas sist\u0113ma. \u0160is biokam\u012bns \u013cauj baud\u012bt skaistu un vizu\u0101li iespaid\u012bgu liesmas l\u012bniju no trim pus\u0113m vienlaikus. <\/p>\n<p>Vi\u013c\u0146veida deglis rada papildu 3D efektu, kas padara liesmas v\u0113ro\u0161anu \u012bpa\u0161i aizraujo\u0161u. Ar \u0113rtu b\u012bd\u0101mo v\u0101ku var regul\u0113t liesmas augstumu un ar\u012b to nodz\u0113st. Biokam\u012bns ir apr\u012bkots ar 8 mm r\u016bd\u012btu Opti-White stiklu, kas palielina dro\u0161\u012bbu un stabiliz\u0113 liesmas l\u012bniju.  <\/p>\n<p>\u0160is biokam\u012bns izmanto ekolo\u0123iski t\u012bru bioetanolu, kas deg \u0101rk\u0101rt\u012bgi t\u012bri \u2014 bez d\u016bmiem, g\u0101z\u0113m un smak\u0101m, nodro\u0161inot dro\u0161u un pat\u012bkamu dz\u012bvas uguns baud\u012b\u0161anu.<\/p>\n<p>SlimFire U1000 Slim bbiokam\u012bna lieto\u0161ana ir \u013coti vienk\u0101r\u0161a \u2014 vienk\u0101r\u0161i ielejiet bioetanolu biokam\u012bna deg\u013cos, aizdedziniet to un uzreiz var\u0113siet baud\u012bt dz\u012bvu liesmu un pat\u012bkamu siltumu. 3 litri bioetanola \u013cauj baud\u012bt liesmu un siltumu 2\u20133 stundas. <\/p>\n","protected":false},"featured_media":19038,"comment_status":"closed","ping_status":"closed","template":"","meta":{"_acf_changed":false},"product_brand":[3050],"product_cat":[5117],"product_tag":[],"class_list":{"0":"post-19037","1":"product","2":"type-product","3":"status-publish","4":"has-post-thumbnail","6":"product_brand-slimfire","7":"product_cat-biokamini","8":"product_shipping_class-bezmaksas","9":"tm-no-options","11":"first","12":"instock","13":"taxable","14":"shipping-taxable","15":"purchasable","16":"product-type-simple"},"acf":[],"_links":{"self":[{"href":"https:\/\/calor.ee\/lv\/wp-json\/wp\/v2\/product\/19037","targetHints":{"allow":["GET"]}}],"collection":[{"href":"https:\/\/calor.ee\/lv\/wp-json\/wp\/v2\/product"}],"about":[{"href":"https:\/\/calor.ee\/lv\/wp-json\/wp\/v2\/types\/product"}],"replies":[{"embeddable":true,"href":"https:\/\/calor.ee\/lv\/wp-json\/wp\/v2\/comments?post=19037"}],"wp:featuredmedia":[{"embeddable":true,"href":"https:\/\/calor.ee\/lv\/wp-json\/wp\/v2\/media\/19038"}],"wp:attachment":[{"href":"https:\/\/calor.ee\/lv\/wp-json\/wp\/v2\/media?parent=19037"}],"wp:term":[{"taxonomy":"product_brand","embeddable":true,"href":"https:\/\/calor.ee\/lv\/wp-json\/wp\/v2\/product_brand?post=19037"},{"taxonomy":"product_cat","embeddable":true,"href":"https:\/\/calor.ee\/lv\/wp-json\/wp\/v2\/product_cat?post=19037"},{"taxonomy":"product_tag","embeddable":true,"href":"https:\/\/calor.ee\/lv\/wp-json\/wp\/v2\/product_tag?post=19037"}],"curies":[{"name":"wp","href":"https:\/\/api.w.org\/{rel}","templated":true}]}}