{"id":19025,"date":"2022-08-30T12:05:45","date_gmt":"2022-08-30T10:05:45","guid":{"rendered":"https:\/\/calor.ee\/sienas-biokamins-infire-murall-800\/"},"modified":"2022-08-30T12:05:45","modified_gmt":"2022-08-30T10:05:45","slug":"sienas-biokamins-infire-murall-800","status":"publish","type":"product","link":"https:\/\/calor.ee\/lv\/sienas-biokamins-infire-murall-800\/","title":{"rendered":"Sienas biokam\u012bns InFire Murall 800"},"content":{"rendered":"","protected":false},"excerpt":{"rendered":"<p>InFire Murall 800 ir elegants sienas biokam\u012bns, kas paredz\u0113ts piekarin\u0101\u0161anai pie sienas. T\u0101 skaistais dizains un dz\u012bv\u0101s liesmas rad\u012bt\u0101 ma\u0123isk\u0101 atmosf\u0113ra padara jebkuru interjeru piln\u012bg\u0101ku. P\u0101rdom\u0101t\u0101s deta\u013cas padara \u0161o sienas biokam\u012bnu lielisku no ikviena skatupunkta.  <\/p>\n<p><strong>Sienas biokam\u012bns InFire Murall 800<\/strong> lieliski der dz\u012bvok\u013ciem, priv\u0101tm\u0101j\u0101m, viesn\u012bc\u0101m, restor\u0101niem un citiem interjeriem, jo tam nav nepiecie\u0161ams piesl\u0113gums skurstenim vai speci\u0101la ventil\u0101cijas sist\u0113ma. Bioetanols deg t\u012bri (bez smar\u017eas, bez d\u016bmiem, bez kv\u0113piem) un ir dro\u0161s un uzticams kurin\u0101mais. Biokam\u012bns ir apr\u012bkots ar 4 mm biezu un viegli ton\u0113tu r\u016bd\u012bto stiklu, kas palielina dro\u0161\u012bbu un stabiliz\u0113 liesmu.  <\/p>\n<p>\u0160is biokam\u012bns izmanto ekolo\u0123iski t\u012bru bioetanolu, kas deg \u0101rk\u0101rt\u012bgi t\u012bri \u2014 bez d\u016bmiem, g\u0101z\u0113m un smak\u0101m, nodro\u0161inot dro\u0161u un pat\u012bkamu dz\u012bvas uguns baud\u012b\u0161anu.<\/p>\n<p>InFire Murall 800 biokam\u012bna lieto\u0161ana ir \u013coti vienk\u0101r\u0161a \u2014 vienk\u0101r\u0161i ielejiet bioetanolu deg\u013cos, aizdedziniet to un uzreiz var\u0113siet baud\u012bt dz\u012bvu liesmu un pat\u012bkamu siltumu. Ar vienu litru bioetanola liesmu un siltumu var baud\u012bt 1,5\u20132 stundas. <\/p>\n<p>\u0160is biokam\u012bns nav paredz\u0113ts uzst\u0101d\u012b\u0161anai uz skaidu pl\u0101tnes, re\u0123ip\u0161a vai ar tape\u0161u p\u0101rkl\u0101t\u0101m sien\u0101m.<\/p>\n","protected":false},"featured_media":19029,"comment_status":"closed","ping_status":"closed","template":"","meta":{"_acf_changed":false},"product_brand":[1156],"product_cat":[5117],"product_tag":[5156],"class_list":{"0":"post-19025","1":"product","2":"type-product","3":"status-publish","4":"has-post-thumbnail","6":"product_brand-infire","7":"product_cat-biokamini","8":"product_tag-sienas-biokamins","9":"product_shipping_class-bezmaksas","10":"tm-no-options","12":"first","13":"instock","14":"taxable","15":"shipping-taxable","16":"purchasable","17":"product-type-variable"},"acf":[],"_links":{"self":[{"href":"https:\/\/calor.ee\/lv\/wp-json\/wp\/v2\/product\/19025","targetHints":{"allow":["GET"]}}],"collection":[{"href":"https:\/\/calor.ee\/lv\/wp-json\/wp\/v2\/product"}],"about":[{"href":"https:\/\/calor.ee\/lv\/wp-json\/wp\/v2\/types\/product"}],"replies":[{"embeddable":true,"href":"https:\/\/calor.ee\/lv\/wp-json\/wp\/v2\/comments?post=19025"}],"wp:featuredmedia":[{"embeddable":true,"href":"https:\/\/calor.ee\/lv\/wp-json\/wp\/v2\/media\/19029"}],"wp:attachment":[{"href":"https:\/\/calor.ee\/lv\/wp-json\/wp\/v2\/media?parent=19025"}],"wp:term":[{"taxonomy":"product_brand","embeddable":true,"href":"https:\/\/calor.ee\/lv\/wp-json\/wp\/v2\/product_brand?post=19025"},{"taxonomy":"product_cat","embeddable":true,"href":"https:\/\/calor.ee\/lv\/wp-json\/wp\/v2\/product_cat?post=19025"},{"taxonomy":"product_tag","embeddable":true,"href":"https:\/\/calor.ee\/lv\/wp-json\/wp\/v2\/product_tag?post=19025"}],"curies":[{"name":"wp","href":"https:\/\/api.w.org\/{rel}","templated":true}]}}