{"id":18991,"date":"2022-08-04T14:54:38","date_gmt":"2022-08-04T12:54:38","guid":{"rendered":"https:\/\/calor.ee\/biodeglis-infire-insert-black-1200\/"},"modified":"2022-08-04T14:54:38","modified_gmt":"2022-08-04T12:54:38","slug":"biodeglis-infire-insert-black-1200","status":"publish","type":"product","link":"https:\/\/calor.ee\/lv\/biodeglis-infire-insert-black-1200\/","title":{"rendered":"Biodeglis InFire Insert Black 1200"},"content":{"rendered":"","protected":false},"excerpt":{"rendered":"<p>InFire Insert Black 1200 ir ar skaistu apdari apr\u012bkots biodeglis, kas kop\u0101 ar 4 mm r\u016bd\u012bt\u0101 stikla pane\u013ciem veido vienotu un est\u0113tisku ansambli. \u0160is biodeglis ir lieliski piem\u0113rots ieb\u016bv\u0113\u0161anai da\u017e\u0101dos augstai temperat\u016brai nejut\u012bgos materi\u0101los. Ieb\u016bv\u0113\u0161anai nepiecie\u0161amais izgriezuma izm\u0113rs ir 106 x 26 x 6 cm. Rezult\u0101ts vienm\u0113r b\u016bs elegants un vizu\u0101li pievilc\u012bgs. Turkl\u0101t \u0161ai ier\u012bcei nav nepiecie\u0161ams ne skurste\u0146a piesl\u0113gums, ne speci\u0101la ventil\u0101cijas sist\u0113ma.    <\/p>\n<p><strong>Biodeglis InFire Insert Black 1200<\/strong> izmanto k\u0101 kurin\u0101mo ekolo\u0123iski t\u012bru bioetanolu un, pateicoties t\u012brai sadeg\u0161anai, sniedz iesp\u0113ju baud\u012bt uguns burv\u012bbu bez d\u016bmiem, bez g\u0101zes, bez smar\u017eas un dro\u0161\u0101 veid\u0101. <\/p>\n<p>Biodek\u013ca lieto\u0161ana ir \u0101rk\u0101rt\u012bgi vienk\u0101r\u0161a \u2014 vienk\u0101r\u0161i ielejiet bioetanolu ner\u016bs\u0113jo\u0161\u0101 t\u0113rauda deg\u013c\u012b, aizdedziet to un uzreiz var\u0113siet baud\u012bt dz\u012bvu liesmu un pat\u012bkamu siltumu. Tr\u012bs litri bioetanola \u013cauj baud\u012bt liesmu un siltumu 3\u20134 stundas. <\/p>\n","protected":false},"featured_media":18992,"comment_status":"closed","ping_status":"closed","template":"","meta":{"_acf_changed":false},"product_brand":[5533],"product_cat":[5117],"product_tag":[5157,5155],"class_list":{"0":"post-18991","1":"product","2":"type-product","3":"status-publish","4":"has-post-thumbnail","6":"product_brand-infire","7":"product_cat-biokamini","8":"product_tag-biokamina-deglis","9":"product_tag-galda-biokamins","10":"product_shipping_class-bezmaksas","11":"tm-no-options","13":"first","14":"instock","15":"taxable","16":"shipping-taxable","17":"purchasable","18":"product-type-simple"},"acf":[],"_links":{"self":[{"href":"https:\/\/calor.ee\/lv\/wp-json\/wp\/v2\/product\/18991","targetHints":{"allow":["GET"]}}],"collection":[{"href":"https:\/\/calor.ee\/lv\/wp-json\/wp\/v2\/product"}],"about":[{"href":"https:\/\/calor.ee\/lv\/wp-json\/wp\/v2\/types\/product"}],"replies":[{"embeddable":true,"href":"https:\/\/calor.ee\/lv\/wp-json\/wp\/v2\/comments?post=18991"}],"wp:featuredmedia":[{"embeddable":true,"href":"https:\/\/calor.ee\/lv\/wp-json\/wp\/v2\/media\/18992"}],"wp:attachment":[{"href":"https:\/\/calor.ee\/lv\/wp-json\/wp\/v2\/media?parent=18991"}],"wp:term":[{"taxonomy":"product_brand","embeddable":true,"href":"https:\/\/calor.ee\/lv\/wp-json\/wp\/v2\/product_brand?post=18991"},{"taxonomy":"product_cat","embeddable":true,"href":"https:\/\/calor.ee\/lv\/wp-json\/wp\/v2\/product_cat?post=18991"},{"taxonomy":"product_tag","embeddable":true,"href":"https:\/\/calor.ee\/lv\/wp-json\/wp\/v2\/product_tag?post=18991"}],"curies":[{"name":"wp","href":"https:\/\/api.w.org\/{rel}","templated":true}]}}