{"id":18968,"date":"2022-08-08T10:28:46","date_gmt":"2022-08-08T08:28:46","guid":{"rendered":"https:\/\/calor.ee\/biodeglis-infire-inbox-600\/"},"modified":"2022-08-08T10:28:46","modified_gmt":"2022-08-08T08:28:46","slug":"biodeglis-infire-inbox-600","status":"publish","type":"product","link":"https:\/\/calor.ee\/lv\/biodeglis-infire-inbox-600\/","title":{"rendered":"Biodeglis InFire Inbox 600"},"content":{"rendered":"","protected":false},"excerpt":{"rendered":"<p>InFire Inbox 600 ir eleganti ar skaistu apdari veidots biodeglis, kas lieliski piem\u0113rots ieb\u016bv\u0113\u0161anai da\u017e\u0101dos materi\u0101los, kas nav jut\u012bgi pret augstu temperat\u016bru (ieb\u016bv\u0113\u0161anai nepiecie\u0161ams iedobums ar izm\u0113riem 86 \u00d7 46 \u00d7 25 cm). To var izmantot ar\u012b neieb\u016bv\u0113jot \u2013 k\u0101 br\u012bvi st\u0101vo\u0161u biokam\u012bnu eso\u0161os kam\u012bna kurtuv\u0113s vai uz jebkuras l\u012bdzenas virsmas, piem\u0113ram, galda. Rezult\u0101ts b\u016bs visur vienl\u012bdz stil\u012bgs un vizu\u0101li pievilc\u012bgs.<br \/>Biokam\u012bnam nav nepiecie\u0161ams d\u016bmvads un nav vajadz\u012bga speci\u0101la ventil\u0101cijas sist\u0113ma.  <\/p>\n<p><strong>Biodeglis InFire Inbox 600<\/strong> izmanto k\u0101 kurin\u0101mo ekolo\u0123iski t\u012bru bioetanolu un, pateicoties t\u012brai sadeg\u0161anai, sniedz iesp\u0113ju baud\u012bt uguns burv\u012bbu bez d\u016bmiem, bez g\u0101zes, bez smar\u017eas un dro\u0161\u0101 veid\u0101.<\/p>\n<p>Biodeg\u013ca lieto\u0161ana ir \u0101rk\u0101rt\u012bgi vienk\u0101r\u0161a \u2013 vienk\u0101r\u0161i ielejiet bioetanolu degli, aizdedziniet to, un J\u016bs uzreiz var\u0113siet baud\u012bt dz\u012bvu liesmu un t\u0101s sniegto siltumu. Ar vienu litru bioetanola liesmu un siltumu var baud\u012bt 1,5\u20132 stundas. <\/p>\n","protected":false},"featured_media":18969,"comment_status":"closed","ping_status":"closed","template":"","meta":{"_acf_changed":false},"product_brand":[1156],"product_cat":[5117],"product_tag":[5157,5155],"class_list":{"0":"post-18968","1":"product","2":"type-product","3":"status-publish","4":"has-post-thumbnail","6":"product_brand-infire","7":"product_cat-biokamini","8":"product_tag-biokamina-deglis","9":"product_tag-galda-biokamins","10":"product_shipping_class-bezmaksas","11":"tm-no-options","13":"first","14":"instock","15":"taxable","16":"shipping-taxable","17":"purchasable","18":"product-type-simple"},"acf":[],"_links":{"self":[{"href":"https:\/\/calor.ee\/lv\/wp-json\/wp\/v2\/product\/18968","targetHints":{"allow":["GET"]}}],"collection":[{"href":"https:\/\/calor.ee\/lv\/wp-json\/wp\/v2\/product"}],"about":[{"href":"https:\/\/calor.ee\/lv\/wp-json\/wp\/v2\/types\/product"}],"replies":[{"embeddable":true,"href":"https:\/\/calor.ee\/lv\/wp-json\/wp\/v2\/comments?post=18968"}],"wp:featuredmedia":[{"embeddable":true,"href":"https:\/\/calor.ee\/lv\/wp-json\/wp\/v2\/media\/18969"}],"wp:attachment":[{"href":"https:\/\/calor.ee\/lv\/wp-json\/wp\/v2\/media?parent=18968"}],"wp:term":[{"taxonomy":"product_brand","embeddable":true,"href":"https:\/\/calor.ee\/lv\/wp-json\/wp\/v2\/product_brand?post=18968"},{"taxonomy":"product_cat","embeddable":true,"href":"https:\/\/calor.ee\/lv\/wp-json\/wp\/v2\/product_cat?post=18968"},{"taxonomy":"product_tag","embeddable":true,"href":"https:\/\/calor.ee\/lv\/wp-json\/wp\/v2\/product_tag?post=18968"}],"curies":[{"name":"wp","href":"https:\/\/api.w.org\/{rel}","templated":true}]}}