{"id":18949,"date":"2024-11-26T14:20:16","date_gmt":"2024-11-26T12:20:16","guid":{"rendered":"https:\/\/calor.ee\/biokamins-simplefire-portal-2\/"},"modified":"2024-11-26T14:20:16","modified_gmt":"2024-11-26T12:20:16","slug":"biokamins-simplefire-portal-2","status":"publish","type":"product","link":"https:\/\/calor.ee\/lv\/biokamins-simplefire-portal-2\/","title":{"rendered":"Biokam\u012bns SIMPLEfire Portal 2"},"content":{"rendered":"","protected":false},"excerpt":{"rendered":"<p>SIMPLEfire Portal 2 ir biokam\u012bns ar klasisku kam\u012bna dizainu, kas lieliski iederas jebkur\u0101 interjer\u0101. Balt\u0101 MDF materi\u0101la kam\u012bna korpuss ir elegants un paman\u0101ms. <\/p>\n<p>Tas neprasa piesl\u0113gumu skurstenim vai \u012bpa\u0161u ventil\u0101cijas sist\u0113mu, t\u0101p\u0113c ir piem\u0113rots piln\u012bgi jebkurai telpai \u2013 m\u0101j\u0101m, birojiem, restor\u0101niem vai citiem klientu apkalpo\u0161anas objektiem. J\u016bs varat b\u016bt dro\u0161i, ka<g id=\"gid_0\"> SIMPLEfire Portal 2 biokam\u012bns <\/g>ar savu izsmalcin\u0101to dizainu neatst\u0101s vienaldz\u012bgu nevienu. Biokam\u012bns ir apr\u012bkots ar 4 mm r\u016bd\u012bta stikla paneli, kas uzlabo dro\u0161\u012bbu un stabiliz\u0113 liesmu l\u012bniju.  <\/p>\n<p>\u0160is biokam\u012bns izmanto ekolo\u0123iski t\u012bru bioetanolu, kas deg \u0101rk\u0101rt\u012bgi t\u012bri \u2014 bez d\u016bmiem, g\u0101z\u0113m un smak\u0101m, nodro\u0161inot dro\u0161u un pat\u012bkamu dz\u012bvas uguns baud\u012b\u0161anu.<\/p>\n<p>SIMPLEfire Portal 2 biokam\u012bna lieto\u0161ana ir \u013coti vienk\u0101r\u0161a \u2014 vienk\u0101r\u0161i ielejiet bioetanolu biokam\u012bna deg\u013cos, aizdedziniet to un uzreiz var\u0113siet baud\u012bt dz\u012bvu liesmu un pat\u012bkamu siltumu. 1,5 litri bioetanola \u013cauj baud\u012bt liesmu un siltumu 2\u20133 stundas. <\/p>\n","protected":false},"featured_media":18950,"comment_status":"closed","ping_status":"closed","template":"","meta":{"_acf_changed":false},"product_brand":[5534],"product_cat":[5117,5171],"product_tag":[],"class_list":{"0":"post-18949","1":"product","2":"type-product","3":"status-publish","4":"has-post-thumbnail","6":"product_brand-simplefire","7":"product_cat-biokamini","8":"product_cat-brivi-stavosie-kamini","9":"product_shipping_class-bezmaksas","10":"tm-no-options","12":"first","13":"instock","14":"taxable","15":"shipping-taxable","16":"purchasable","17":"product-type-simple"},"acf":[],"_links":{"self":[{"href":"https:\/\/calor.ee\/lv\/wp-json\/wp\/v2\/product\/18949","targetHints":{"allow":["GET"]}}],"collection":[{"href":"https:\/\/calor.ee\/lv\/wp-json\/wp\/v2\/product"}],"about":[{"href":"https:\/\/calor.ee\/lv\/wp-json\/wp\/v2\/types\/product"}],"replies":[{"embeddable":true,"href":"https:\/\/calor.ee\/lv\/wp-json\/wp\/v2\/comments?post=18949"}],"wp:featuredmedia":[{"embeddable":true,"href":"https:\/\/calor.ee\/lv\/wp-json\/wp\/v2\/media\/18950"}],"wp:attachment":[{"href":"https:\/\/calor.ee\/lv\/wp-json\/wp\/v2\/media?parent=18949"}],"wp:term":[{"taxonomy":"product_brand","embeddable":true,"href":"https:\/\/calor.ee\/lv\/wp-json\/wp\/v2\/product_brand?post=18949"},{"taxonomy":"product_cat","embeddable":true,"href":"https:\/\/calor.ee\/lv\/wp-json\/wp\/v2\/product_cat?post=18949"},{"taxonomy":"product_tag","embeddable":true,"href":"https:\/\/calor.ee\/lv\/wp-json\/wp\/v2\/product_tag?post=18949"}],"curies":[{"name":"wp","href":"https:\/\/api.w.org\/{rel}","templated":true}]}}