{"id":18898,"date":"2022-06-11T13:11:07","date_gmt":"2022-06-11T11:11:07","guid":{"rendered":"https:\/\/calor.ee\/biodeglis-simplefire-firebox-600\/"},"modified":"2022-06-11T13:11:07","modified_gmt":"2022-06-11T11:11:07","slug":"biodeglis-simplefire-firebox-600","status":"publish","type":"product","link":"https:\/\/calor.ee\/lv\/biodeglis-simplefire-firebox-600\/","title":{"rendered":"Biodeglis SIMPLEfire Firebox 600"},"content":{"rendered":"","protected":false},"excerpt":{"rendered":"<p><strong>Biodeglis SIMPLEfire Firebox 600<\/strong> darbojas ar ekolo\u0123iski t\u012bru bioetanolu un sniedz uguns burv\u012bbu bez d\u016bmiem, bez g\u0101zes, bez arom\u0101tiem un piln\u012bgi dro\u0161i.<\/p>\n<p>\u0160is br\u012bvi st\u0101vo\u0161ais biodeglis ir lieliski piem\u0113rots dz\u012bvok\u013ciem, priv\u0101tm\u0101j\u0101m, viesn\u012bc\u0101m, restor\u0101niem un citiem interjeriem, jo tam nav nepiecie\u0161ams skurste\u0146a piesl\u0113gums vai speci\u0101la ventil\u0101cijas sist\u0113ma. Pateicoties kompaktajiem izm\u0113riem, \u0161o biodegli var novietot gandr\u012bz jebkur, un to ir viegli p\u0101rvietot no vienas vietas uz citu. Tas lieliski der ar\u012b tradicion\u0101la kam\u012bna kurtuv\u0113 vai uz galda. Bioetanols deg t\u012bri (bez smakas, bez d\u016bmiem, bez kv\u0113piem), un tas ir dro\u0161s un uzticams risin\u0101jums.   <\/p>\n<p>Biodek\u013ca lieto\u0161ana ir \u0101rk\u0101rt\u012bgi vienk\u0101r\u0161a \u2014 vienk\u0101r\u0161i ielejiet bioetanolu ner\u016bs\u0113jo\u0161\u0101 t\u0113rauda deg\u013c\u012b, aizdedziet to un uzreiz var\u0113siet baud\u012bt dz\u012bvu liesmu un pat\u012bkamu siltumu. Taka siltuma jauda ir aptuveni 3 kW, un 100% rad\u012bt\u0101 siltuma non\u0101k telp\u0101. Ar vienu litru bioetanola liesmu un siltumu var baud\u012bt 2\u20133 stundas.  <\/p>\n<p>Biodekli ir iesp\u0113jams ieg\u0101d\u0101ties gan bez stikla, gan ar 4 mm biezu r\u016bd\u012bto stiklu.<\/p>\n","protected":false},"featured_media":18899,"comment_status":"closed","ping_status":"closed","template":"","meta":{"_acf_changed":false},"product_brand":[1157],"product_cat":[5117],"product_tag":[5157,5155],"class_list":{"0":"post-18898","1":"product","2":"type-product","3":"status-publish","4":"has-post-thumbnail","6":"product_brand-simplefire","7":"product_cat-biokamini","8":"product_tag-biokamina-deglis","9":"product_tag-galda-biokamins","10":"product_shipping_class-bezmaksas","11":"tm-no-options","13":"first","14":"instock","15":"taxable","16":"shipping-taxable","17":"purchasable","18":"product-type-variable","19":"has-default-attributes"},"acf":[],"_links":{"self":[{"href":"https:\/\/calor.ee\/lv\/wp-json\/wp\/v2\/product\/18898","targetHints":{"allow":["GET"]}}],"collection":[{"href":"https:\/\/calor.ee\/lv\/wp-json\/wp\/v2\/product"}],"about":[{"href":"https:\/\/calor.ee\/lv\/wp-json\/wp\/v2\/types\/product"}],"replies":[{"embeddable":true,"href":"https:\/\/calor.ee\/lv\/wp-json\/wp\/v2\/comments?post=18898"}],"wp:featuredmedia":[{"embeddable":true,"href":"https:\/\/calor.ee\/lv\/wp-json\/wp\/v2\/media\/18899"}],"wp:attachment":[{"href":"https:\/\/calor.ee\/lv\/wp-json\/wp\/v2\/media?parent=18898"}],"wp:term":[{"taxonomy":"product_brand","embeddable":true,"href":"https:\/\/calor.ee\/lv\/wp-json\/wp\/v2\/product_brand?post=18898"},{"taxonomy":"product_cat","embeddable":true,"href":"https:\/\/calor.ee\/lv\/wp-json\/wp\/v2\/product_cat?post=18898"},{"taxonomy":"product_tag","embeddable":true,"href":"https:\/\/calor.ee\/lv\/wp-json\/wp\/v2\/product_tag?post=18898"}],"curies":[{"name":"wp","href":"https:\/\/api.w.org\/{rel}","templated":true}]}}