{"id":18829,"date":"2022-06-09T13:41:15","date_gmt":"2022-06-09T11:41:15","guid":{"rendered":"https:\/\/calor.ee\/biokamins-simplefire-frame-600\/"},"modified":"2025-12-04T15:08:11","modified_gmt":"2025-12-04T13:08:11","slug":"biokamins-simplefire-frame-600","status":"publish","type":"product","link":"https:\/\/calor.ee\/lv\/biokamins-simplefire-frame-600\/","title":{"rendered":"Biokam\u012bns SIMPLEfire Frame 600"},"content":{"rendered":"<p>Ja, ja v\u0113laties biokam\u012bnu SIMPLEfire Frame 600 ieb\u016bv\u0113t sien\u0101, nepiecie\u0161ams atv\u0113rums ar izm\u0113riem 53 x 40 x 17 cm (platums \u00d7 augstums \u00d7 dzi\u013cums).<\/p>\n","protected":false},"excerpt":{"rendered":"<p><strong>SIMPLEfire Frame 600 biokam\u012bns <\/strong>darbojas ar ekolo\u0123iski t\u012bru bioetanolu un sniedz uguns burv\u012bbu bez d\u016bmiem, bez g\u0101zes, bez arom\u0101tiem un piln\u012bgi dro\u0161i.<\/p>\n<p>\u0160is pievilc\u012bgais sien\u0101 ieb\u016bv\u0113jamais vai pie sienas karin\u0101mais biokam\u012bns lieliski piem\u0113rots dz\u012bvok\u013ciem, priv\u0101tm\u0101j\u0101m, viesn\u012bc\u0101m, restor\u0101niem un citiem interjeriem, jo tam nav nepiecie\u0161ams piesl\u0113gums d\u016bmvadam un ar\u012b nav vajadz\u012bga speci\u0101la ventil\u0101cijas sist\u0113ma. Bioetanols deg t\u012bri (bez smar\u017eas, bez d\u016bmiem, bez kv\u0113piem) un ir dro\u0161s un uzticams kurin\u0101mais. <\/p>\n<p>Biokam\u012bna lieto\u0161ana ir \u0101rk\u0101rt\u012bgi vienk\u0101r\u0161a \u2013 vienk\u0101r\u0161i ielejiet bioetanolu ner\u016bs\u0113jo\u0161\u0101 t\u0113rauda degli, aizdedziniet to un nekav\u0113joties var\u0113siet baud\u012bt dz\u012bvu liesmu un pat\u012bkamu siltumu. Taka siltuma jauda ir aptuveni 3 kW, un 100% rad\u012bt\u0101 siltuma non\u0101k telp\u0101. 0,7 litri bioetanola liesmu un siltumu var baud\u012bt 1,5\u20132,5 stundas.  <\/p>\n<p>Biokam\u012bnu ir iesp\u0113jams ieg\u0101d\u0101ties gan bez stikla, gan ar 4 mm biezu r\u016bd\u012bto stiklu.<\/p>\n","protected":false},"featured_media":18830,"comment_status":"closed","ping_status":"closed","template":"","meta":{"_acf_changed":false},"product_brand":[1157],"product_cat":[5117],"product_tag":[5156],"class_list":{"0":"post-18829","1":"product","2":"type-product","3":"status-publish","4":"has-post-thumbnail","6":"product_brand-simplefire","7":"product_cat-biokamini","8":"product_tag-sienas-biokamins","9":"product_shipping_class-bezmaksas","10":"tm-no-options","12":"first","13":"instock","14":"taxable","15":"shipping-taxable","16":"purchasable","17":"product-type-variable","18":"has-default-attributes"},"acf":[],"_links":{"self":[{"href":"https:\/\/calor.ee\/lv\/wp-json\/wp\/v2\/product\/18829","targetHints":{"allow":["GET"]}}],"collection":[{"href":"https:\/\/calor.ee\/lv\/wp-json\/wp\/v2\/product"}],"about":[{"href":"https:\/\/calor.ee\/lv\/wp-json\/wp\/v2\/types\/product"}],"replies":[{"embeddable":true,"href":"https:\/\/calor.ee\/lv\/wp-json\/wp\/v2\/comments?post=18829"}],"wp:featuredmedia":[{"embeddable":true,"href":"https:\/\/calor.ee\/lv\/wp-json\/wp\/v2\/media\/18830"}],"wp:attachment":[{"href":"https:\/\/calor.ee\/lv\/wp-json\/wp\/v2\/media?parent=18829"}],"wp:term":[{"taxonomy":"product_brand","embeddable":true,"href":"https:\/\/calor.ee\/lv\/wp-json\/wp\/v2\/product_brand?post=18829"},{"taxonomy":"product_cat","embeddable":true,"href":"https:\/\/calor.ee\/lv\/wp-json\/wp\/v2\/product_cat?post=18829"},{"taxonomy":"product_tag","embeddable":true,"href":"https:\/\/calor.ee\/lv\/wp-json\/wp\/v2\/product_tag?post=18829"}],"curies":[{"name":"wp","href":"https:\/\/api.w.org\/{rel}","templated":true}]}}