{"id":18759,"date":"2022-06-08T13:17:51","date_gmt":"2022-06-08T11:17:51","guid":{"rendered":"https:\/\/calor.ee\/biokamins-simplefire-corner-900-l\/"},"modified":"2022-06-08T13:17:51","modified_gmt":"2022-06-08T11:17:51","slug":"biokamins-simplefire-corner-900-l","status":"publish","type":"product","link":"https:\/\/calor.ee\/lv\/biokamins-simplefire-corner-900-l\/","title":{"rendered":"Biokam\u012bns SIMPLEfire Corner 900 L"},"content":{"rendered":"","protected":false},"excerpt":{"rendered":"<p><strong>SIMPLEfire Corner 900 L biokam\u012bns<\/strong> darbojas ar ekolo\u0123iski t\u012bru bioetanolu un sniedz uguns burv\u012bbu bez d\u016bmiem, bez g\u0101zes, bez arom\u0101tiem un piln\u012bgi dro\u0161i.<\/p>\n<p>\u0160is pievilc\u012bgais sien\u0101 ieb\u016bv\u0113jamais kreis\u0101s puses st\u016bra biokam\u012bns lieliski piem\u0113rots dz\u012bvok\u013ciem, priv\u0101tm\u0101j\u0101m, viesn\u012bc\u0101m, restor\u0101niem un citiem interjeriem, jo tam nav nepiecie\u0161ams ne skurste\u0146a piesl\u0113gums, ne \u012bpa\u0161a ventil\u0101cijas sist\u0113ma. Bioetanols deg t\u012bri (bez smar\u017eas, bez d\u016bmiem, bez kv\u0113piem) un ir dro\u0161s un uzticams kurin\u0101mais. <\/p>\n<p>Biokam\u012bna lieto\u0161ana ir \u0101rk\u0101rt\u012bgi vienk\u0101r\u0161a \u2013 vienk\u0101r\u0161i ielejiet bioetanolu ner\u016bs\u0113jo\u0161\u0101 t\u0113rauda degli, aizdedziniet to un nekav\u0113joties var\u0113siet baud\u012bt dz\u012bvu liesmu un pat\u012bkamu siltumu. Taka siltuma jauda ir aptuveni 3 kW, un 100% rad\u012bt\u0101 siltuma non\u0101k telp\u0101. Ar vienu litru bioetanola liesmu un siltumu var baud\u012bt 2\u20133 stundas.  <\/p>\n<p>Biokam\u012bnu ir iesp\u0113jams ieg\u0101d\u0101ties gan bez stikla, gan ar 4 mm biezu r\u016bd\u012bto stiklu.<\/p>\n","protected":false},"featured_media":18760,"comment_status":"closed","ping_status":"closed","template":"","meta":{"_acf_changed":false},"product_brand":[1157],"product_cat":[5117],"product_tag":[],"class_list":{"0":"post-18759","1":"product","2":"type-product","3":"status-publish","4":"has-post-thumbnail","6":"product_brand-simplefire","7":"product_cat-biokamini","8":"product_shipping_class-bezmaksas","9":"tm-no-options","11":"first","12":"instock","13":"taxable","14":"shipping-taxable","15":"purchasable","16":"product-type-variable"},"acf":[],"_links":{"self":[{"href":"https:\/\/calor.ee\/lv\/wp-json\/wp\/v2\/product\/18759","targetHints":{"allow":["GET"]}}],"collection":[{"href":"https:\/\/calor.ee\/lv\/wp-json\/wp\/v2\/product"}],"about":[{"href":"https:\/\/calor.ee\/lv\/wp-json\/wp\/v2\/types\/product"}],"replies":[{"embeddable":true,"href":"https:\/\/calor.ee\/lv\/wp-json\/wp\/v2\/comments?post=18759"}],"wp:featuredmedia":[{"embeddable":true,"href":"https:\/\/calor.ee\/lv\/wp-json\/wp\/v2\/media\/18760"}],"wp:attachment":[{"href":"https:\/\/calor.ee\/lv\/wp-json\/wp\/v2\/media?parent=18759"}],"wp:term":[{"taxonomy":"product_brand","embeddable":true,"href":"https:\/\/calor.ee\/lv\/wp-json\/wp\/v2\/product_brand?post=18759"},{"taxonomy":"product_cat","embeddable":true,"href":"https:\/\/calor.ee\/lv\/wp-json\/wp\/v2\/product_cat?post=18759"},{"taxonomy":"product_tag","embeddable":true,"href":"https:\/\/calor.ee\/lv\/wp-json\/wp\/v2\/product_tag?post=18759"}],"curies":[{"name":"wp","href":"https:\/\/api.w.org\/{rel}","templated":true}]}}