{"id":18732,"date":"2022-06-08T10:21:25","date_gmt":"2022-06-08T08:21:25","guid":{"rendered":"https:\/\/calor.ee\/sienas-biokamins-simplefire-blackbox-910\/"},"modified":"2022-06-08T10:21:25","modified_gmt":"2022-06-08T08:21:25","slug":"sienas-biokamins-simplefire-blackbox-910","status":"publish","type":"product","link":"https:\/\/calor.ee\/lv\/sienas-biokamins-simplefire-blackbox-910\/","title":{"rendered":"Sienas biokam\u012bns SIMPLEfire Blackbox 910"},"content":{"rendered":"","protected":false},"excerpt":{"rendered":"<p>SIMPLEfire Blackbox 910 ir elegants <strong>sienas biokam\u012bns<\/strong>, kas darbojas ar ekolo\u0123iski t\u012bru bioetanolu. Tas sniedz \u012bstu uguns burv\u012bbu \u2013 bez d\u016bmiem, bez g\u0101zes, bez arom\u0101tiem un piln\u012bgi dro\u0161i. <\/p>\n<p>\u0160is pievilc\u012bgais biokam\u012bns lieliski piem\u0113rots dz\u012bvok\u013ciem, priv\u0101tm\u0101j\u0101m, viesn\u012bc\u0101m, restor\u0101niem un citiem interjeriem, jo tam nav nepiecie\u0161ams skurste\u0146a piesl\u0113gums vai speci\u0101la ventil\u0101cijas sist\u0113ma. Bioetanols deg \u013coti t\u012bri (bez arom\u0101ta, bez d\u016bmiem, bez kv\u0113piem) un ir uzticams, dro\u0161s kurin\u0101mais. <\/p>\n<p>Biokam\u012bna lieto\u0161ana ir \u0101rk\u0101rt\u012bgi vienk\u0101r\u0161a \u2013 vienk\u0101r\u0161i ielejiet bioetanolu ner\u016bs\u0113jo\u0161\u0101 t\u0113rauda degli, aizdedziniet to un nekav\u0113joties var\u0113siet baud\u012bt dz\u012bvu liesmu un pat\u012bkamu siltumu. Taka siltuma jauda ir aptuveni 3 kW, un 100% rad\u012bt\u0101 siltuma non\u0101k telp\u0101. Ar vienu litru bioetanola liesmu un siltumu var baud\u012bt 2\u20133 stundas.  <\/p>\n<p>Biokam\u012bns ir apr\u012bkots ar 4 mm r\u016bd\u012btu stiklu, kas palielina dro\u0161\u012bbu un stabiliz\u0113 liesmas l\u012bniju.<\/p>\n","protected":false},"featured_media":18733,"comment_status":"closed","ping_status":"closed","template":"","meta":{"_acf_changed":false},"product_brand":[1157],"product_cat":[5117],"product_tag":[5156],"class_list":{"0":"post-18732","1":"product","2":"type-product","3":"status-publish","4":"has-post-thumbnail","6":"product_brand-simplefire","7":"product_cat-biokamini","8":"product_tag-sienas-biokamins","9":"product_shipping_class-bezmaksas","10":"tm-no-options","12":"first","13":"instock","14":"taxable","15":"shipping-taxable","16":"purchasable","17":"product-type-simple"},"acf":[],"_links":{"self":[{"href":"https:\/\/calor.ee\/lv\/wp-json\/wp\/v2\/product\/18732","targetHints":{"allow":["GET"]}}],"collection":[{"href":"https:\/\/calor.ee\/lv\/wp-json\/wp\/v2\/product"}],"about":[{"href":"https:\/\/calor.ee\/lv\/wp-json\/wp\/v2\/types\/product"}],"replies":[{"embeddable":true,"href":"https:\/\/calor.ee\/lv\/wp-json\/wp\/v2\/comments?post=18732"}],"wp:featuredmedia":[{"embeddable":true,"href":"https:\/\/calor.ee\/lv\/wp-json\/wp\/v2\/media\/18733"}],"wp:attachment":[{"href":"https:\/\/calor.ee\/lv\/wp-json\/wp\/v2\/media?parent=18732"}],"wp:term":[{"taxonomy":"product_brand","embeddable":true,"href":"https:\/\/calor.ee\/lv\/wp-json\/wp\/v2\/product_brand?post=18732"},{"taxonomy":"product_cat","embeddable":true,"href":"https:\/\/calor.ee\/lv\/wp-json\/wp\/v2\/product_cat?post=18732"},{"taxonomy":"product_tag","embeddable":true,"href":"https:\/\/calor.ee\/lv\/wp-json\/wp\/v2\/product_tag?post=18732"}],"curies":[{"name":"wp","href":"https:\/\/api.w.org\/{rel}","templated":true}]}}