{"id":18715,"date":"2022-02-16T14:45:56","date_gmt":"2022-02-16T12:45:56","guid":{"rendered":"https:\/\/calor.ee\/galda-biokamins-planika-chantico-glassfire\/"},"modified":"2022-02-16T14:45:56","modified_gmt":"2022-02-16T12:45:56","slug":"galda-biokamins-planika-chantico-glassfire","status":"publish","type":"product","link":"https:\/\/calor.ee\/lv\/galda-biokamins-planika-chantico-glassfire\/","title":{"rendered":"Galda biokam\u012bns Planika Chantico Glassfire"},"content":{"rendered":"<p>Planika Chantico Glassfire ir kompakts galda biokam\u012bns, izgatavots no ner\u016bs\u0113jo\u0161\u0101 t\u0113rauda, un ir piem\u0113rots pat main\u012bgiem laikapst\u0101k\u013ciem.<\/p>\n<p>Komplekt\u0101 ietilpst galda biokam\u012bns, dekorat\u012bvie akme\u0146i, s\u0113rkoci\u0146i un speci\u0101ls r\u012bks liesmas nodz\u0113\u0161anai. Komplekts prasa papildu bioetanolu. <\/p>\n<p><iframe loading=\"lazy\" title=\"Chantico Glassfire - Create a cozy home with natural fire #stayhome\" width=\"1020\" height=\"574\" src=\"https:\/\/www.youtube.com\/embed\/Sx3GOquA5tY?feature=oembed\" frameborder=\"0\" allow=\"accelerometer; autoplay; clipboard-write; encrypted-media; gyroscope; picture-in-picture; web-share\" referrerpolicy=\"strict-origin-when-cross-origin\" allowfullscreen><\/iframe><\/p>\n","protected":false},"excerpt":{"rendered":"<p>Planika Chantico Glassfire ir apa\u013c\u0161, p\u0101rn\u0113s\u0101jams biokam\u012bns, kas lieliski piem\u0113rots lieto\u0161anai gan iek\u0161telp\u0101s, gan \u0101r\u0101. Novietojiet \u0161o eleganto biokam\u012bnu uz galda vai jebkuras citas l\u012bdzenas virsmas un izbaudiet skaisto, kust\u012bgo liesmu kop\u0101 ar \u0123imeni, draugiem vai vienatn\u0113. Dz\u012bv\u0101s uguns v\u0113ro\u0161ana nomierina, mazina stresu un pal\u012bdz atbr\u012bvoties no dienas laik\u0101 uzkr\u0101t\u0101 spriedzes.  <\/p>\n<p>Planika Chantico Glassfire galda biokam\u012bns neprasa nedz d\u016bmvadu, nedz skursteni \u2014 tas darbojas ar augu izcelsmes bioetanolu. Bioetanols k\u0101 za\u013cas ener\u0123ijas resurss nodro\u0161ina t\u012bru deg\u0161anas procesu un ko\u0161as liesmas, turkl\u0101t tas ir piln\u012bgi bez d\u016bmiem un arom\u0101ta. <\/p>\n<p>Biokam\u012bna lieto\u0161ana ir \u013coti vienk\u0101r\u0161a: atliek tikai ieliet biokurin\u0101mo degli, to aizdedzin\u0101t, un varat nekav\u0113joties baud\u012bt liesmas siltumu un atmosf\u0113ru. Ar vienu uzpildi iesp\u0113jams izbaud\u012bt uguni l\u012bdz pat 3,5 stund\u0101m. <\/p>\n<p>Novietojiet ar\u012b J\u016bs \u0161o biokam\u012bnu uz galda un dodiet sev iesp\u0113ju mierpilnai atp\u016btai. Starp citu, \u0161is galda biokam\u012bns ir ar\u012b ide\u0101la d\u0101vana \u2014 dzim\u0161anas dienai, sv\u0113tkiem vai k\u0101p\u0146u maizes d\u0101vanai. <\/p>\n","protected":false},"featured_media":18716,"comment_status":"closed","ping_status":"closed","template":"","meta":{"_acf_changed":false},"product_brand":[1087],"product_cat":[5117],"product_tag":[5155],"class_list":{"0":"post-18715","1":"product","2":"type-product","3":"status-publish","4":"has-post-thumbnail","6":"product_brand-planika","7":"product_cat-biokamini","8":"product_tag-galda-biokamins","9":"product_shipping_class-bezmaksas","10":"tm-no-options","12":"first","13":"instock","14":"taxable","15":"shipping-taxable","16":"purchasable","17":"product-type-simple"},"acf":[],"_links":{"self":[{"href":"https:\/\/calor.ee\/lv\/wp-json\/wp\/v2\/product\/18715","targetHints":{"allow":["GET"]}}],"collection":[{"href":"https:\/\/calor.ee\/lv\/wp-json\/wp\/v2\/product"}],"about":[{"href":"https:\/\/calor.ee\/lv\/wp-json\/wp\/v2\/types\/product"}],"replies":[{"embeddable":true,"href":"https:\/\/calor.ee\/lv\/wp-json\/wp\/v2\/comments?post=18715"}],"wp:featuredmedia":[{"embeddable":true,"href":"https:\/\/calor.ee\/lv\/wp-json\/wp\/v2\/media\/18716"}],"wp:attachment":[{"href":"https:\/\/calor.ee\/lv\/wp-json\/wp\/v2\/media?parent=18715"}],"wp:term":[{"taxonomy":"product_brand","embeddable":true,"href":"https:\/\/calor.ee\/lv\/wp-json\/wp\/v2\/product_brand?post=18715"},{"taxonomy":"product_cat","embeddable":true,"href":"https:\/\/calor.ee\/lv\/wp-json\/wp\/v2\/product_cat?post=18715"},{"taxonomy":"product_tag","embeddable":true,"href":"https:\/\/calor.ee\/lv\/wp-json\/wp\/v2\/product_tag?post=18715"}],"curies":[{"name":"wp","href":"https:\/\/api.w.org\/{rel}","templated":true}]}}