{"id":18614,"date":"2022-09-02T09:09:47","date_gmt":"2022-09-02T07:09:47","guid":{"rendered":"https:\/\/calor.ee\/biokamins-infire-inside-u800\/"},"modified":"2022-09-02T09:09:47","modified_gmt":"2022-09-02T07:09:47","slug":"biokamins-infire-inside-u800","status":"publish","type":"product","link":"https:\/\/calor.ee\/lv\/biokamins-infire-inside-u800\/","title":{"rendered":"Biokam\u012bns InFire Inside U800"},"content":{"rendered":"","protected":false},"excerpt":{"rendered":"<p>Ieb\u016bv\u0113jamais <strong>biokam\u012bns InFire Inside U800<\/strong> ir atrakt\u012bvs un stil\u012bgs risin\u0101jums divu telpu no\u0161\u0137ir\u0161anai. Biokam\u012bna korpus\u0101 ir integr\u0113ta siltumizol\u0101cija, kas \u013cauj to dro\u0161i uzst\u0101d\u012bt ar\u012b MDF vai \u0123ip\u0161kartona sien\u0101s. <\/p>\n<p>Tas lieliski piem\u0113rots dz\u012bvok\u013ciem, priv\u0101tm\u0101j\u0101m, viesn\u012bc\u0101m, restor\u0101niem un citiem interjeriem, jo tam nav nepiecie\u0161ams skurste\u0146a piesl\u0113gums vai \u012bpa\u0161a ventil\u0101cijas sist\u0113ma. \u0160is biokam\u012bns \u013cauj baud\u012bt skaistu un vizu\u0101li iespaid\u012bgu liesmas l\u012bniju no trim pus\u0113m vienlaikus. <\/p>\n<p>Biokam\u012bns ir apr\u012bkots ar trim 4 mm r\u016bd\u012bt\u0101 stikla pane\u013ciem, kas palielina dro\u0161\u012bbu un stabiliz\u0113 liesmas l\u012bniju.<\/p>\n<p>\u0160is biokam\u012bns izmanto ekolo\u0123iski t\u012bru bioetanolu, kas deg \u0101rk\u0101rt\u012bgi t\u012bri \u2014 bez d\u016bmiem, g\u0101z\u0113m un smak\u0101m, nodro\u0161inot dro\u0161u un pat\u012bkamu dz\u012bvas uguns baud\u012b\u0161anu.<\/p>\n<p>InFire Inside U1200 biokam\u012bna lieto\u0161ana ir \u013coti vienk\u0101r\u0161a \u2014 vienk\u0101r\u0161i ielejiet bioetanolu biokam\u012bna deg\u013cos, aizdedziniet to un uzreiz var\u0113siet baud\u012bt dz\u012bvu liesmu un pat\u012bkamu siltumu. Viens litrs bioetanola nodro\u0161ina 1,5\u20133 stundu ilgu deg\u0161anas laiku. <\/p>\n","protected":false},"featured_media":18618,"comment_status":"closed","ping_status":"closed","template":"","meta":{"_acf_changed":false},"product_brand":[1156],"product_cat":[5117],"product_tag":[],"class_list":{"0":"post-18614","1":"product","2":"type-product","3":"status-publish","4":"has-post-thumbnail","6":"product_brand-infire","7":"product_cat-biokamini","8":"product_shipping_class-bezmaksas","9":"tm-no-options","11":"first","12":"instock","13":"taxable","14":"shipping-taxable","15":"purchasable","16":"product-type-simple"},"acf":[],"_links":{"self":[{"href":"https:\/\/calor.ee\/lv\/wp-json\/wp\/v2\/product\/18614","targetHints":{"allow":["GET"]}}],"collection":[{"href":"https:\/\/calor.ee\/lv\/wp-json\/wp\/v2\/product"}],"about":[{"href":"https:\/\/calor.ee\/lv\/wp-json\/wp\/v2\/types\/product"}],"replies":[{"embeddable":true,"href":"https:\/\/calor.ee\/lv\/wp-json\/wp\/v2\/comments?post=18614"}],"wp:featuredmedia":[{"embeddable":true,"href":"https:\/\/calor.ee\/lv\/wp-json\/wp\/v2\/media\/18618"}],"wp:attachment":[{"href":"https:\/\/calor.ee\/lv\/wp-json\/wp\/v2\/media?parent=18614"}],"wp:term":[{"taxonomy":"product_brand","embeddable":true,"href":"https:\/\/calor.ee\/lv\/wp-json\/wp\/v2\/product_brand?post=18614"},{"taxonomy":"product_cat","embeddable":true,"href":"https:\/\/calor.ee\/lv\/wp-json\/wp\/v2\/product_cat?post=18614"},{"taxonomy":"product_tag","embeddable":true,"href":"https:\/\/calor.ee\/lv\/wp-json\/wp\/v2\/product_tag?post=18614"}],"curies":[{"name":"wp","href":"https:\/\/api.w.org\/{rel}","templated":true}]}}