{"id":18595,"date":"2022-09-01T10:56:37","date_gmt":"2022-09-01T08:56:37","guid":{"rendered":"https:\/\/calor.ee\/biokamins-infire-inside-p1100v2\/"},"modified":"2022-09-01T10:56:37","modified_gmt":"2022-09-01T08:56:37","slug":"biokamins-infire-inside-p1100v2","status":"publish","type":"product","link":"https:\/\/calor.ee\/lv\/biokamins-infire-inside-p1100v2\/","title":{"rendered":"Biokam\u012bns InFire Inside P1100V2"},"content":{"rendered":"","protected":false},"excerpt":{"rendered":"<p>Pievilc\u012bgais, sien\u0101 ieb\u016bv\u0113jamais lab\u0101 st\u016bra <strong>biokam\u012bns InFire Inside P1100V2<\/strong> lieliski der dz\u012bvok\u013ciem, priv\u0101tm\u0101j\u0101m, viesn\u012bc\u0101m, restor\u0101niem un citiem interjeriem, jo tam nav nepiecie\u0161ams piesl\u0113gums skurstenim vai speci\u0101la ventil\u0101cijas sist\u0113ma. \u0160is biokam\u012bns \u013cauj baud\u012bt skaistu un vizu\u0101li efekt\u012bgu liesmas l\u012bniju vienlaikus no div\u0101m pus\u0113m. <\/p>\n<p>Biokam\u012bns ir apr\u012bkots ar 4 mm r\u016bd\u012bto stiklu, kas paaugstina dro\u0161\u012bbu un stabiliz\u0113 liesmas l\u012bniju. T\u0101 k\u0101 \u0161im biokam\u012bnam nav izvirz\u012btu malu, kas nosegtu sienas ni\u0161as nel\u012bdzenumus, ni\u0161ai j\u0101b\u016bt r\u016bp\u012bgi un kvalitat\u012bvi apdarin\u0101t\u0101m mal\u0101m. Vienlaikus malu neesam\u012bba \u013cauj biokam\u012bnu, ja nepiecie\u0161ams, ieb\u016bv\u0113t ni\u0161\u0101 dzi\u013c\u0101k \u2014 ja t\u0101da ir J\u016bsu v\u0113lme vai ja interjera dizainers to paredz konkr\u0113tajam interjeram.  <\/p>\n<p>\u0160is biokam\u012bns izmanto ekolo\u0123iski t\u012bru bioetanolu, kas deg \u0101rk\u0101rt\u012bgi t\u012bri \u2014 bez d\u016bmiem, g\u0101z\u0113m un smak\u0101m, nodro\u0161inot dro\u0161u un pat\u012bkamu dz\u012bvas uguns baud\u012b\u0161anu.<\/p>\n<p>InFire Inside P1100V2 biokam\u012bna lieto\u0161ana ir \u013coti vienk\u0101r\u0161a \u2014 vienk\u0101r\u0161i ielejiet bioetanolu biokam\u012bna deg\u013cos, aizdedziniet to un uzreiz var\u0113siet baud\u012bt dz\u012bvu liesmu un pat\u012bkamu siltumu. Divi litri bioetanola \u013cauj baud\u012bt liesmu un siltumu 2\u20134 stundas. <\/p>\n","protected":false},"featured_media":18601,"comment_status":"closed","ping_status":"closed","template":"","meta":{"_acf_changed":false},"product_brand":[5533],"product_cat":[5117],"product_tag":[],"class_list":{"0":"post-18595","1":"product","2":"type-product","3":"status-publish","4":"has-post-thumbnail","6":"product_brand-infire","7":"product_cat-biokamini","8":"product_shipping_class-bezmaksas","9":"tm-no-options","11":"first","12":"instock","13":"taxable","14":"shipping-taxable","15":"purchasable","16":"product-type-simple"},"acf":[],"_links":{"self":[{"href":"https:\/\/calor.ee\/lv\/wp-json\/wp\/v2\/product\/18595","targetHints":{"allow":["GET"]}}],"collection":[{"href":"https:\/\/calor.ee\/lv\/wp-json\/wp\/v2\/product"}],"about":[{"href":"https:\/\/calor.ee\/lv\/wp-json\/wp\/v2\/types\/product"}],"replies":[{"embeddable":true,"href":"https:\/\/calor.ee\/lv\/wp-json\/wp\/v2\/comments?post=18595"}],"wp:featuredmedia":[{"embeddable":true,"href":"https:\/\/calor.ee\/lv\/wp-json\/wp\/v2\/media\/18601"}],"wp:attachment":[{"href":"https:\/\/calor.ee\/lv\/wp-json\/wp\/v2\/media?parent=18595"}],"wp:term":[{"taxonomy":"product_brand","embeddable":true,"href":"https:\/\/calor.ee\/lv\/wp-json\/wp\/v2\/product_brand?post=18595"},{"taxonomy":"product_cat","embeddable":true,"href":"https:\/\/calor.ee\/lv\/wp-json\/wp\/v2\/product_cat?post=18595"},{"taxonomy":"product_tag","embeddable":true,"href":"https:\/\/calor.ee\/lv\/wp-json\/wp\/v2\/product_tag?post=18595"}],"curies":[{"name":"wp","href":"https:\/\/api.w.org\/{rel}","templated":true}]}}