{"id":18535,"date":"2022-08-31T13:07:34","date_gmt":"2022-08-31T11:07:34","guid":{"rendered":"https:\/\/calor.ee\/biokamins-infire-inside-900\/"},"modified":"2022-08-31T13:07:34","modified_gmt":"2022-08-31T11:07:34","slug":"biokamins-infire-inside-900","status":"publish","type":"product","link":"https:\/\/calor.ee\/lv\/biokamins-infire-inside-900\/","title":{"rendered":"Biokam\u012bns InFire Inside 900"},"content":{"rendered":"","protected":false},"excerpt":{"rendered":"<p>Sien\u0101 ieb\u016bv\u0113jamais vai pie sienas stiprin\u0101mais <strong>InFire Inside 900 biokam\u012bns <\/strong>slieliski der dz\u012bvok\u013ciem, priv\u0101tm\u0101j\u0101m, viesn\u012bc\u0101m, restor\u0101niem un citiem interjeriem, jo tas neprasa piesl\u0113gumu skurstenim un neaiz\u0146em \u012bpa\u0161u ventil\u0101cijas sist\u0113mu. Bioetanols deg t\u012bri (bez smar\u017eas, bez d\u016bmiem, bez kv\u0113piem) un ir uzticams un dro\u0161s kurin\u0101mais. Papildus tam biokam\u012bns ir apr\u012bkots ar 4 mm r\u016bd\u012bto stiklu, kas paaugstina dro\u0161\u012bbu un stabiliz\u0113 liesmas l\u012bniju.  <\/p>\n<p>\u0160is biokam\u012bns izmanto ekolo\u0123iski t\u012bru bioetanolu, kas deg \u0101rk\u0101rt\u012bgi t\u012bri \u2014 bez d\u016bmiem, g\u0101z\u0113m un smak\u0101m, nodro\u0161inot dro\u0161u un pat\u012bkamu dz\u012bvas uguns baud\u012b\u0161anu.<\/p>\n<p>InFire Inside 900 biokam\u012bna lieto\u0161ana ir \u013coti vienk\u0101r\u0161a \u2014 vienk\u0101r\u0161i ielejiet bioetanolu biokam\u012bna deg\u013cos, aizdedziniet to un uzreiz var\u0113siet baud\u012bt dz\u012bvu liesmu un pat\u012bkamu siltumu. Viens litrs bioetanola nodro\u0161ina 2\u20134 stundu ilgu deg\u0161anas laiku. <\/p>\n","protected":false},"featured_media":18542,"comment_status":"closed","ping_status":"closed","template":"","meta":{"_acf_changed":false},"product_brand":[1156],"product_cat":[5117],"product_tag":[],"class_list":{"0":"post-18535","1":"product","2":"type-product","3":"status-publish","4":"has-post-thumbnail","6":"product_brand-infire","7":"product_cat-biokamini","8":"product_shipping_class-bezmaksas","9":"tm-no-options","11":"first","12":"instock","13":"taxable","14":"shipping-taxable","15":"purchasable","16":"product-type-variable"},"acf":[],"_links":{"self":[{"href":"https:\/\/calor.ee\/lv\/wp-json\/wp\/v2\/product\/18535","targetHints":{"allow":["GET"]}}],"collection":[{"href":"https:\/\/calor.ee\/lv\/wp-json\/wp\/v2\/product"}],"about":[{"href":"https:\/\/calor.ee\/lv\/wp-json\/wp\/v2\/types\/product"}],"replies":[{"embeddable":true,"href":"https:\/\/calor.ee\/lv\/wp-json\/wp\/v2\/comments?post=18535"}],"wp:featuredmedia":[{"embeddable":true,"href":"https:\/\/calor.ee\/lv\/wp-json\/wp\/v2\/media\/18542"}],"wp:attachment":[{"href":"https:\/\/calor.ee\/lv\/wp-json\/wp\/v2\/media?parent=18535"}],"wp:term":[{"taxonomy":"product_brand","embeddable":true,"href":"https:\/\/calor.ee\/lv\/wp-json\/wp\/v2\/product_brand?post=18535"},{"taxonomy":"product_cat","embeddable":true,"href":"https:\/\/calor.ee\/lv\/wp-json\/wp\/v2\/product_cat?post=18535"},{"taxonomy":"product_tag","embeddable":true,"href":"https:\/\/calor.ee\/lv\/wp-json\/wp\/v2\/product_tag?post=18535"}],"curies":[{"name":"wp","href":"https:\/\/api.w.org\/{rel}","templated":true}]}}