{"id":18488,"date":"2022-08-30T12:21:06","date_gmt":"2022-08-30T10:21:06","guid":{"rendered":"https:\/\/calor.ee\/biokamins-infire-spectrum\/"},"modified":"2022-08-30T12:21:06","modified_gmt":"2022-08-30T10:21:06","slug":"biokamins-infire-spectrum","status":"publish","type":"product","link":"https:\/\/calor.ee\/lv\/biokamins-infire-spectrum\/","title":{"rendered":"Biokam\u012bns InFire Spectrum"},"content":{"rendered":"","protected":false},"excerpt":{"rendered":"<p>InFire Spectrum ir modern\u0101 dizaina un unik\u0101las formas biokam\u012bns, kas lieliski iederas jebkur\u0101 m\u016bsdien\u012bg\u0101 interjer\u0101. Tas \u013cauj baud\u012bt dz\u012bvu liesmu no div\u0101m pus\u0113m vienlaikus \u2014 vai atv\u0113rt\u0101 pl\u0101nojuma gad\u012bjum\u0101 pat no div\u0101m da\u017e\u0101d\u0101m telp\u0101m. P\u0101rdom\u0101tais dizains \u013cauj izmantot biokam\u012bna apak\u0161\u0113jo da\u013cu k\u0101 plauktu.  <\/p>\n<p>Tas neprasa piesl\u0113gumu skurstenim vai \u012bpa\u0161u ventil\u0101cijas sist\u0113mu, t\u0101p\u0113c ir piem\u0113rots piln\u012bgi jebkurai telpai \u2013 m\u0101j\u0101m, birojiem, restor\u0101niem vai citiem klientu apkalpo\u0161anas objektiem. J\u016bs varat b\u016bt dro\u0161i \u2014 modern\u0101 dizaina <g id=\"gid_0\">InFire Spectrum biokam\u012bns<\/g> nepaliks nepaman\u012bts nevienam. Kam\u012bns ir apr\u012bkots ar 4 mm biezu, viegli ton\u0113tu r\u016bd\u012bto stiklu, kas palielina dro\u0161\u012bbu un stabiliz\u0113 liesmas l\u012bniju.  <\/p>\n<p>\u0160is biokam\u012bns izmanto ekolo\u0123iski t\u012bru bioetanolu, kas deg \u0101rk\u0101rt\u012bgi t\u012bri \u2014 bez d\u016bmiem, g\u0101z\u0113m un smak\u0101m, nodro\u0161inot dro\u0161u un pat\u012bkamu dz\u012bvas uguns baud\u012b\u0161anu.<\/p>\n<p>InFire Spectrum biokam\u012bna lieto\u0161ana ir \u013coti vienk\u0101r\u0161a \u2014 vienk\u0101r\u0161i ielejiet bioetanolu biokam\u012bna deg\u013cos, aizdedziniet to un uzreiz var\u0113siet baud\u012bt dz\u012bvu liesmu un pat\u012bkamu siltumu. Divi litri bioetanola \u013cauj baud\u012bt liesmu un siltumu 2\u20134 stundas. <\/p>\n","protected":false},"featured_media":18493,"comment_status":"closed","ping_status":"closed","template":"","meta":{"_acf_changed":false},"product_brand":[5533],"product_cat":[5117,5171],"product_tag":[],"class_list":{"0":"post-18488","1":"product","2":"type-product","3":"status-publish","4":"has-post-thumbnail","6":"product_brand-infire","7":"product_cat-biokamini","8":"product_cat-brivi-stavosie-kamini","9":"product_shipping_class-bezmaksas","10":"tm-no-options","12":"first","13":"instock","14":"taxable","15":"shipping-taxable","16":"purchasable","17":"product-type-simple"},"acf":[],"_links":{"self":[{"href":"https:\/\/calor.ee\/lv\/wp-json\/wp\/v2\/product\/18488","targetHints":{"allow":["GET"]}}],"collection":[{"href":"https:\/\/calor.ee\/lv\/wp-json\/wp\/v2\/product"}],"about":[{"href":"https:\/\/calor.ee\/lv\/wp-json\/wp\/v2\/types\/product"}],"replies":[{"embeddable":true,"href":"https:\/\/calor.ee\/lv\/wp-json\/wp\/v2\/comments?post=18488"}],"wp:featuredmedia":[{"embeddable":true,"href":"https:\/\/calor.ee\/lv\/wp-json\/wp\/v2\/media\/18493"}],"wp:attachment":[{"href":"https:\/\/calor.ee\/lv\/wp-json\/wp\/v2\/media?parent=18488"}],"wp:term":[{"taxonomy":"product_brand","embeddable":true,"href":"https:\/\/calor.ee\/lv\/wp-json\/wp\/v2\/product_brand?post=18488"},{"taxonomy":"product_cat","embeddable":true,"href":"https:\/\/calor.ee\/lv\/wp-json\/wp\/v2\/product_cat?post=18488"},{"taxonomy":"product_tag","embeddable":true,"href":"https:\/\/calor.ee\/lv\/wp-json\/wp\/v2\/product_tag?post=18488"}],"curies":[{"name":"wp","href":"https:\/\/api.w.org\/{rel}","templated":true}]}}