{"id":18423,"date":"2022-08-09T09:47:51","date_gmt":"2022-08-09T07:47:51","guid":{"rendered":"https:\/\/calor.ee\/biokamins-infire-inside-c1200v1\/"},"modified":"2022-08-09T09:47:51","modified_gmt":"2022-08-09T07:47:51","slug":"biokamins-infire-inside-c1200v1","status":"publish","type":"product","link":"https:\/\/calor.ee\/lv\/biokamins-infire-inside-c1200v1\/","title":{"rendered":"Biokam\u012bns InFire Inside C1200V1"},"content":{"rendered":"","protected":false},"excerpt":{"rendered":"<p>Ieb\u016bv\u0113jamais biokam\u012bns InFire Inside C1200V1 ir ide\u0101li piem\u0113rots dz\u012bvok\u013ciem, priv\u0101tm\u0101j\u0101m, viesn\u012bc\u0101m, restor\u0101niem un citiem interjeriem, jo tas neprasa piesl\u0113gumu skurstenim un neaiz\u0146em \u012bpa\u0161u ventil\u0101cijas sist\u0113mu. Attiec\u012bgais biokam\u012bns \u013cauj baud\u012bt garu, pievilc\u012bgu un vizu\u0101li efekt\u012bgu liesmas l\u012bniju pat no trim pus\u0113m vienlaikus. <\/p>\n<p>Pateicoties \u012bpa\u0161i iztur\u012bgam konstrukciju t\u0113raudam, biokam\u012bnam ir iesp\u0113jams izmantot tikai vienu t\u0113rauda sl\u0101ni, t\u0101d\u0113j\u0101di pan\u0101kot \u013coti minim\u0101listisku formu. Biokam\u012bns ir apr\u012bkots ar 4 mm r\u016bd\u012bto stiklu, kas paaugstina dro\u0161\u012bbu un stabiliz\u0113 liesmas l\u012bniju. <\/p>\n<p>\u0160is biokam\u012bns izmanto ekolo\u0123iski t\u012bru bioetanolu, kas deg \u0101rk\u0101rt\u012bgi t\u012bri \u2014 bez d\u016bmiem, g\u0101z\u0113m un smak\u0101m, nodro\u0161inot dro\u0161u un pat\u012bkamu dz\u012bvas uguns baud\u012b\u0161anu.<\/p>\n<p>InFire Inside C1200V1 biokam\u012bna lieto\u0161ana ir \u013coti vienk\u0101r\u0161a \u2014 vienk\u0101r\u0161i ielejiet bioetanolu biokam\u012bna deg\u013cos, aizdedziniet to un uzreiz var\u0113siet baud\u012bt dz\u012bvu liesmu un pat\u012bkamu siltumu. Tr\u012bs litri bioetanola \u013cauj baud\u012bt liesmu un siltumu 2\u20134 stundas. <\/p>\n","protected":false},"featured_media":18429,"comment_status":"closed","ping_status":"closed","template":"","meta":{"_acf_changed":false},"product_brand":[5533],"product_cat":[5117],"product_tag":[],"class_list":{"0":"post-18423","1":"product","2":"type-product","3":"status-publish","4":"has-post-thumbnail","6":"product_brand-infire","7":"product_cat-biokamini","8":"product_shipping_class-bezmaksas","9":"tm-no-options","11":"first","12":"instock","13":"taxable","14":"shipping-taxable","15":"purchasable","16":"product-type-simple"},"acf":[],"_links":{"self":[{"href":"https:\/\/calor.ee\/lv\/wp-json\/wp\/v2\/product\/18423","targetHints":{"allow":["GET"]}}],"collection":[{"href":"https:\/\/calor.ee\/lv\/wp-json\/wp\/v2\/product"}],"about":[{"href":"https:\/\/calor.ee\/lv\/wp-json\/wp\/v2\/types\/product"}],"replies":[{"embeddable":true,"href":"https:\/\/calor.ee\/lv\/wp-json\/wp\/v2\/comments?post=18423"}],"wp:featuredmedia":[{"embeddable":true,"href":"https:\/\/calor.ee\/lv\/wp-json\/wp\/v2\/media\/18429"}],"wp:attachment":[{"href":"https:\/\/calor.ee\/lv\/wp-json\/wp\/v2\/media?parent=18423"}],"wp:term":[{"taxonomy":"product_brand","embeddable":true,"href":"https:\/\/calor.ee\/lv\/wp-json\/wp\/v2\/product_brand?post=18423"},{"taxonomy":"product_cat","embeddable":true,"href":"https:\/\/calor.ee\/lv\/wp-json\/wp\/v2\/product_cat?post=18423"},{"taxonomy":"product_tag","embeddable":true,"href":"https:\/\/calor.ee\/lv\/wp-json\/wp\/v2\/product_tag?post=18423"}],"curies":[{"name":"wp","href":"https:\/\/api.w.org\/{rel}","templated":true}]}}