{"id":18392,"date":"2022-08-09T07:48:27","date_gmt":"2022-08-09T05:48:27","guid":{"rendered":"https:\/\/calor.ee\/biokamins-infire-inround\/"},"modified":"2022-08-09T07:48:27","modified_gmt":"2022-08-09T05:48:27","slug":"biokamins-infire-inround","status":"publish","type":"product","link":"https:\/\/calor.ee\/lv\/biokamins-infire-inround\/","title":{"rendered":"Biokam\u012bns InFire Inround"},"content":{"rendered":"","protected":false},"excerpt":{"rendered":"<p>InFire Inround ir biokam\u012bns ar neparastu, unik\u0101lu formu \u2014 t\u0101 apa\u013cais dizains \u013cauj baud\u012bt liesmu no jebkura skatpunkta. Biokam\u012bna apak\u0161\u0113jo da\u013cu var uzst\u0101d\u012bt vai iestr\u0101d\u0101t vien\u0101 l\u012bmen\u012b ar virsmu, savuk\u0101rt komplekt\u0101 iek\u013cauto aug\u0161\u0113jo da\u013cu iesp\u0113jams piestiprin\u0101t pie griestiem. Aug\u0161\u0113j\u0101 da\u013ca imit\u0113 d\u016bmu izvad\u012b\u0161anas elementu, ta\u010du pats biokam\u012bns neprasa nedz d\u016bmvadu, nedz \u012bpa\u0161u ventil\u0101cijas sist\u0113mu, t\u0101p\u0113c to var uzst\u0101d\u012bt praktiski jebkur \u2014 m\u0101j\u0101s, birojos, restor\u0101nos vai cit\u0101s klientu zon\u0101s. J\u016bs varat b\u016bt dro\u0161i \u2014 InFire Inround biokam\u012bns ar savu izteiksm\u012bgo dizainu neatst\u0101s vienaldz\u012bgu nevienu. Kam\u012bns ir apr\u012bkots ar 4 mm r\u016bd\u012bto stiklu (divi pusapa\u013ci pane\u013ci), kas palielina dro\u0161\u012bbu un stabiliz\u0113 liesmas l\u012bniju.    <\/p>\n<p><strong>InFire Inround biokam\u012bns<\/strong> izmanto ekolo\u0123iski t\u012bru bioetanolu, kas deg \u0101rk\u0101rt\u012bgi t\u012bri \u2014 bez d\u016bmiem, g\u0101z\u0113m un smak\u0101m, nodro\u0161inot dro\u0161u un pat\u012bkamu dz\u012bvas uguns baud\u012b\u0161anu.<\/p>\n<p>InFire Inround biokam\u012bna lieto\u0161ana ir \u013coti vienk\u0101r\u0161a \u2014 vienk\u0101r\u0161i ielejiet bioetanolu biokam\u012bna deg\u013cos, aizdedziniet to un uzreiz var\u0113siet baud\u012bt dz\u012bvu liesmu un pat\u012bkamu siltumu. Deglis ietilpina \u010detrus litrus bioetanola un \u013cauj baud\u012bt liesmu\/siltumu 2\u20133 stundas. <\/p>\n<p>Atbilsto\u0161i J\u016bsu v\u0113lm\u0113m biokam\u012bnu ir iesp\u0113jams izv\u0113l\u0113ties gan ar virs\u0113jo 200 cm garo dekorat\u012bvo cauruli\/l\u0113ni, gan ar\u012b bez caurules\/l\u0113nes.<\/p>\n","protected":false},"featured_media":18398,"comment_status":"closed","ping_status":"closed","template":"","meta":{"_acf_changed":false},"product_brand":[5533],"product_cat":[5117,5171],"product_tag":[],"class_list":{"0":"post-18392","1":"product","2":"type-product","3":"status-publish","4":"has-post-thumbnail","6":"product_brand-infire","7":"product_cat-biokamini","8":"product_cat-brivi-stavosie-kamini","9":"product_shipping_class-bezmaksas","10":"tm-no-options","12":"first","13":"instock","14":"taxable","15":"shipping-taxable","16":"purchasable","17":"product-type-variable","18":"has-default-attributes"},"acf":[],"_links":{"self":[{"href":"https:\/\/calor.ee\/lv\/wp-json\/wp\/v2\/product\/18392","targetHints":{"allow":["GET"]}}],"collection":[{"href":"https:\/\/calor.ee\/lv\/wp-json\/wp\/v2\/product"}],"about":[{"href":"https:\/\/calor.ee\/lv\/wp-json\/wp\/v2\/types\/product"}],"replies":[{"embeddable":true,"href":"https:\/\/calor.ee\/lv\/wp-json\/wp\/v2\/comments?post=18392"}],"wp:featuredmedia":[{"embeddable":true,"href":"https:\/\/calor.ee\/lv\/wp-json\/wp\/v2\/media\/18398"}],"wp:attachment":[{"href":"https:\/\/calor.ee\/lv\/wp-json\/wp\/v2\/media?parent=18392"}],"wp:term":[{"taxonomy":"product_brand","embeddable":true,"href":"https:\/\/calor.ee\/lv\/wp-json\/wp\/v2\/product_brand?post=18392"},{"taxonomy":"product_cat","embeddable":true,"href":"https:\/\/calor.ee\/lv\/wp-json\/wp\/v2\/product_cat?post=18392"},{"taxonomy":"product_tag","embeddable":true,"href":"https:\/\/calor.ee\/lv\/wp-json\/wp\/v2\/product_tag?post=18392"}],"curies":[{"name":"wp","href":"https:\/\/api.w.org\/{rel}","templated":true}]}}