{"id":18372,"date":"2022-08-08T10:59:37","date_gmt":"2022-08-08T08:59:37","guid":{"rendered":"https:\/\/calor.ee\/biokamins-infire-incoza-4\/"},"modified":"2022-08-08T10:59:37","modified_gmt":"2022-08-08T08:59:37","slug":"biokamins-infire-incoza-4","status":"publish","type":"product","link":"https:\/\/calor.ee\/lv\/biokamins-infire-incoza-4\/","title":{"rendered":"Biokam\u012bns InFire Incoza 4"},"content":{"rendered":"","protected":false},"excerpt":{"rendered":"<p><strong>InFire Incoza 4 biokam\u012bns<\/strong> ar savu stil\u012bgo dizainu lieliski iederas gan modern\u0101, gan lauku stil\u0101 veidot\u0101 interjer\u0101. Tas neprasa piesl\u0113gumu skurstenim vai \u012bpa\u0161u ventil\u0101cijas sist\u0113mu, t\u0101p\u0113c ir piem\u0113rots piln\u012bgi jebkurai telpai \u2013 m\u0101j\u0101m, birojiem, restor\u0101niem vai citiem klientu apkalpo\u0161anas objektiem. J\u016bs varat b\u016bt dro\u0161i, ka InFire Incoza 4 biokam\u012bns ar savu izsmalcin\u0101to dizainu neatst\u0101s vienaldz\u012bgu nevienu. Kamins ir apr\u012bkots ar malkas glab\u0101tuvi, kas kalpo gan k\u0101 praktisks risin\u0101jums, gan k\u0101 izteiksm\u012bgs interjera dizaina elements.   <\/p>\n<p>\u0160is biokam\u012bns izmanto ekolo\u0123iski t\u012bru bioetanolu, kas deg \u0101rk\u0101rt\u012bgi t\u012bri \u2014 bez d\u016bmiem, g\u0101z\u0113m un smak\u0101m, nodro\u0161inot dro\u0161u un pat\u012bkamu dz\u012bvas uguns baud\u012b\u0161anu.<\/p>\n<p>InFire Incoza 4 biokam\u012bna lieto\u0161ana ir \u013coti vienk\u0101r\u0161a \u2014 vienk\u0101r\u0161i ielejiet bioetanolu biokam\u012bna deg\u013cos, aizdedziniet to un uzreiz var\u0113siet baud\u012bt dz\u012bvu liesmu un pat\u012bkamu siltumu. Viens litrs bioetanola nodro\u0161ina 2\u20133 stundu ilgu deg\u0161anas laiku. <\/p>\n","protected":false},"featured_media":18377,"comment_status":"closed","ping_status":"closed","template":"","meta":{"_acf_changed":false},"product_brand":[1156],"product_cat":[5117,5171],"product_tag":[],"class_list":{"0":"post-18372","1":"product","2":"type-product","3":"status-publish","4":"has-post-thumbnail","6":"product_brand-infire","7":"product_cat-biokamini","8":"product_cat-brivi-stavosie-kamini","9":"product_shipping_class-bezmaksas","10":"tm-no-options","12":"first","13":"instock","14":"taxable","15":"shipping-taxable","16":"purchasable","17":"product-type-simple"},"acf":[],"_links":{"self":[{"href":"https:\/\/calor.ee\/lv\/wp-json\/wp\/v2\/product\/18372","targetHints":{"allow":["GET"]}}],"collection":[{"href":"https:\/\/calor.ee\/lv\/wp-json\/wp\/v2\/product"}],"about":[{"href":"https:\/\/calor.ee\/lv\/wp-json\/wp\/v2\/types\/product"}],"replies":[{"embeddable":true,"href":"https:\/\/calor.ee\/lv\/wp-json\/wp\/v2\/comments?post=18372"}],"wp:featuredmedia":[{"embeddable":true,"href":"https:\/\/calor.ee\/lv\/wp-json\/wp\/v2\/media\/18377"}],"wp:attachment":[{"href":"https:\/\/calor.ee\/lv\/wp-json\/wp\/v2\/media?parent=18372"}],"wp:term":[{"taxonomy":"product_brand","embeddable":true,"href":"https:\/\/calor.ee\/lv\/wp-json\/wp\/v2\/product_brand?post=18372"},{"taxonomy":"product_cat","embeddable":true,"href":"https:\/\/calor.ee\/lv\/wp-json\/wp\/v2\/product_cat?post=18372"},{"taxonomy":"product_tag","embeddable":true,"href":"https:\/\/calor.ee\/lv\/wp-json\/wp\/v2\/product_tag?post=18372"}],"curies":[{"name":"wp","href":"https:\/\/api.w.org\/{rel}","templated":true}]}}