{"id":18366,"date":"2022-08-08T10:59:36","date_gmt":"2022-08-08T08:59:36","guid":{"rendered":"https:\/\/calor.ee\/biokamins-infire-industrial\/"},"modified":"2022-08-08T10:59:36","modified_gmt":"2022-08-08T08:59:36","slug":"biokamins-infire-industrial","status":"publish","type":"product","link":"https:\/\/calor.ee\/lv\/biokamins-infire-industrial\/","title":{"rendered":"Biokam\u012bns InFire Industrial"},"content":{"rendered":"","protected":false},"excerpt":{"rendered":"<p><strong>InFire Industrial biokam\u012bns<\/strong> lieliski iederas gan modern\u0101, gan klasisk\u0101 interjer\u0101 un \u012bpa\u0161i labi saskan ar loft tipa interjeriem. To var novietot pie sienas, ta\u010du, pateicoties unik\u0101lajam dizainam, tas izskat\u0101s izcili ar\u012b telpas centr\u0101. Biokam\u012bns ir izgatavots no t\u0113rauda ar r\u016bsganu apdari, un tam ir koka k\u0101jas.  <\/p>\n<p>InFire Industrial biokam\u012bnam nav nepiecie\u0161ams piesl\u0113gums skurstenim vai \u012bpa\u0161a ventil\u0101cijas sist\u0113ma, t\u0101d\u0113\u013c tas ir piem\u0113rots piln\u012bgi jebkurai telpai. Kaminam ir 4 mm viegli ton\u0113ts r\u016bd\u012btais stikls, kas uzlabo dro\u0161\u012bbu un stabiliz\u0113 liesmas l\u012bniju. <\/p>\n<p>\u0160is biokam\u012bns izmanto ekolo\u0123iski t\u012bru bioetanolu, kas deg \u0101rk\u0101rt\u012bgi t\u012bri \u2014 bez d\u016bmiem, g\u0101z\u0113m un smak\u0101m, nodro\u0161inot dro\u0161u un pat\u012bkamu dz\u012bvas uguns baud\u012b\u0161anu.<\/p>\n<p>InFire Industrial biokam\u012bna lieto\u0161ana ir \u013coti vienk\u0101r\u0161a \u2014 vienk\u0101r\u0161i ielejiet bioetanolu biokam\u012bna deg\u013cos, aizdedziniet to un uzreiz var\u0113siet baud\u012bt dz\u012bvu liesmu un pat\u012bkamu siltumu. Viens litrs bioetanola nodro\u0161ina 1,5\u20132 stundu ilgu deg\u0161anas laiku. <\/p>\n","protected":false},"featured_media":18367,"comment_status":"closed","ping_status":"closed","template":"","meta":{"_acf_changed":false},"product_brand":[5533],"product_cat":[5117,5171],"product_tag":[],"class_list":{"0":"post-18366","1":"product","2":"type-product","3":"status-publish","4":"has-post-thumbnail","6":"product_brand-infire","7":"product_cat-biokamini","8":"product_cat-brivi-stavosie-kamini","9":"product_shipping_class-bezmaksas","10":"tm-no-options","12":"first","13":"instock","14":"taxable","15":"shipping-taxable","16":"purchasable","17":"product-type-simple"},"acf":[],"_links":{"self":[{"href":"https:\/\/calor.ee\/lv\/wp-json\/wp\/v2\/product\/18366","targetHints":{"allow":["GET"]}}],"collection":[{"href":"https:\/\/calor.ee\/lv\/wp-json\/wp\/v2\/product"}],"about":[{"href":"https:\/\/calor.ee\/lv\/wp-json\/wp\/v2\/types\/product"}],"replies":[{"embeddable":true,"href":"https:\/\/calor.ee\/lv\/wp-json\/wp\/v2\/comments?post=18366"}],"wp:featuredmedia":[{"embeddable":true,"href":"https:\/\/calor.ee\/lv\/wp-json\/wp\/v2\/media\/18367"}],"wp:attachment":[{"href":"https:\/\/calor.ee\/lv\/wp-json\/wp\/v2\/media?parent=18366"}],"wp:term":[{"taxonomy":"product_brand","embeddable":true,"href":"https:\/\/calor.ee\/lv\/wp-json\/wp\/v2\/product_brand?post=18366"},{"taxonomy":"product_cat","embeddable":true,"href":"https:\/\/calor.ee\/lv\/wp-json\/wp\/v2\/product_cat?post=18366"},{"taxonomy":"product_tag","embeddable":true,"href":"https:\/\/calor.ee\/lv\/wp-json\/wp\/v2\/product_tag?post=18366"}],"curies":[{"name":"wp","href":"https:\/\/api.w.org\/{rel}","templated":true}]}}