{"id":18360,"date":"2022-08-08T08:45:39","date_gmt":"2022-08-08T06:45:39","guid":{"rendered":"https:\/\/calor.ee\/biokamins-infire-2-side-1200\/"},"modified":"2022-08-08T08:45:39","modified_gmt":"2022-08-08T06:45:39","slug":"biokamins-infire-2-side-1200","status":"publish","type":"product","link":"https:\/\/calor.ee\/lv\/biokamins-infire-2-side-1200\/","title":{"rendered":"Biokam\u012bns InFire 2 Side 1200"},"content":{"rendered":"","protected":false},"excerpt":{"rendered":"<p>Biokam\u012bns InFire 2 Side 1200 ir paredz\u0113ts mont\u0101\u017eai starp div\u0101m telp\u0101m, ieb\u016bv\u0113jot to sien\u0101. Biokam\u012bnam nav nepiecie\u0161ams piesl\u0113gums skurstenim vai speci\u0101la ventil\u0101cijas sist\u0113ma, jo tas izmanto ekolo\u0123iski t\u012bru bioetanolu, kas deg \u0101rk\u0101rt\u012bgi t\u012bri \u2014 bez d\u016bmiem, g\u0101z\u0113m, smar\u017eas un piln\u012bgi dro\u0161i, vienlaikus radot dz\u012bvas uguns ma\u0123iju. <\/p>\n<p>Biokam\u012bnam ab\u0101s pus\u0113s ir divi 4 mm r\u016bd\u012bt\u0101 stikla pane\u013ci, kas ne tikai pie\u0161\u0137ir tam v\u0113l elegant\u0101ku izskatu, bet ar\u012b iev\u0113rojami paaugstina dro\u0161\u012bbu.<\/p>\n<p>InFire 2 Side 1200 biokam\u012bna lieto\u0161ana ir \u013coti vienk\u0101r\u0161a \u2014 vienk\u0101r\u0161i ielejiet bioetanolu biokam\u012bna deg\u013cos, aizdedziniet to un uzreiz var\u0113siet baud\u012bt dz\u012bvu liesmu un pat\u012bkamu siltumu. Divi litri bioetanola \u013cauj baud\u012bt liesmu un siltumu 2\u20134 stundas. <\/p>\n","protected":false},"featured_media":18364,"comment_status":"closed","ping_status":"closed","template":"","meta":{"_acf_changed":false},"product_brand":[1156],"product_cat":[5117],"product_tag":[],"class_list":{"0":"post-18360","1":"product","2":"type-product","3":"status-publish","4":"has-post-thumbnail","6":"product_brand-infire","7":"product_cat-biokamini","8":"product_shipping_class-bezmaksas","9":"tm-no-options","11":"first","12":"instock","13":"taxable","14":"shipping-taxable","15":"purchasable","16":"product-type-simple"},"acf":[],"_links":{"self":[{"href":"https:\/\/calor.ee\/lv\/wp-json\/wp\/v2\/product\/18360","targetHints":{"allow":["GET"]}}],"collection":[{"href":"https:\/\/calor.ee\/lv\/wp-json\/wp\/v2\/product"}],"about":[{"href":"https:\/\/calor.ee\/lv\/wp-json\/wp\/v2\/types\/product"}],"replies":[{"embeddable":true,"href":"https:\/\/calor.ee\/lv\/wp-json\/wp\/v2\/comments?post=18360"}],"wp:featuredmedia":[{"embeddable":true,"href":"https:\/\/calor.ee\/lv\/wp-json\/wp\/v2\/media\/18364"}],"wp:attachment":[{"href":"https:\/\/calor.ee\/lv\/wp-json\/wp\/v2\/media?parent=18360"}],"wp:term":[{"taxonomy":"product_brand","embeddable":true,"href":"https:\/\/calor.ee\/lv\/wp-json\/wp\/v2\/product_brand?post=18360"},{"taxonomy":"product_cat","embeddable":true,"href":"https:\/\/calor.ee\/lv\/wp-json\/wp\/v2\/product_cat?post=18360"},{"taxonomy":"product_tag","embeddable":true,"href":"https:\/\/calor.ee\/lv\/wp-json\/wp\/v2\/product_tag?post=18360"}],"curies":[{"name":"wp","href":"https:\/\/api.w.org\/{rel}","templated":true}]}}