{"id":18328,"date":"2024-04-11T09:04:16","date_gmt":"2024-04-11T07:04:16","guid":{"rendered":"https:\/\/calor.ee\/kamins-ar-cepeskrasni-caliskan-306-3d\/"},"modified":"2025-11-21T10:42:11","modified_gmt":"2025-11-21T08:42:11","slug":"kamins-ar-cepeskrasni-caliskan-306-3d","status":"publish","type":"product","link":"https:\/\/calor.ee\/lv\/kamins-ar-cepeskrasni-caliskan-306-3d\/","title":{"rendered":"Kam\u012bns ar cepe\u0161kr\u0101sni Caliskan 306-3D"},"content":{"rendered":"<p>Kam\u012bns ar cepe\u0161kr\u0101sni prasa piesl\u0113gumu skurstenim (d\u016bmvada piesl\u0113gums no aug\u0161puses).<\/p>\n","protected":false},"excerpt":{"rendered":"<p>Kam\u012bns ar cepe\u0161kr\u0101sni Caliskan 306-3D ir tradicion\u0101la dizaina modelis, kas lieliski piem\u0113rots ar\u012b pla\u0161\u0101k\u0101m telp\u0101m. \u0160\u012b kam\u012bns rada m\u0101j\u012bgu atmosf\u0113ru, pat\u012bkamu siltumu un, protams, sniedz iesp\u0113ju pagatavot pasaules gard\u0101kos \u0113dienus. <\/p>\n<p>Kam\u012bns korpuss ir izgatavots no iztur\u012bga t\u0113rauda, savuk\u0101rt durvju r\u0101mji, k\u0101jas un pelnu restes ir izgatavotas no \u012bpa\u0161i iztur\u012bga \u010duguna. Kvalitat\u012bva \u0161amota kurtuve ar izm\u0113riem 48\u00d736\u00d745 cm \u013cauj kurin\u0101t kam\u012bnu ar pat l\u012bdz 47 cm gariem malkas blu\u0137iem. <\/p>\n<p>Kam\u012bns ar cepe\u0161kr\u0101sni Caliskan 306-3D ir apr\u012bkots ar kam\u012bniem rakstur\u012bgaj\u0101m lielaj\u0101m stikla durv\u012bm un, k\u0101 3D versijai rakstur\u012bgi, ar\u012b ar pla\u0161iem s\u0101nu stikliem, kas \u013cauj baud\u012bt dz\u012bvu uguni no vair\u0101kiem skatpunktiem un padara virtuvi \u012bpa\u0161i m\u0101j\u012bgu. Durti\u0146\u0101s ir izmantots termoiztur\u012bgs, siltumu atstarojo\u0161s keramikas stikls, kas nodro\u0161ina augst\u0101ku efektivit\u0101ti un samazina stikla aizkv\u0113p\u0161anas risku. Stikla virsmu t\u012br\u0101ku pal\u012bdz uztur\u0113t ar\u012b gaisa pl\u016bsma (t.s. \u201cgaisa aizkars\u201d), kas deg\u0161anas laik\u0101 virz\u0101s gar stiklu.  <\/p>\n<p>Caliskan 306-3D \u013cauj \u0113dienus gatavot l\u0113ni un vienm\u0113r\u012bgi, kas padara tos \u012bpa\u0161i gar\u0161\u012bgus. Cepe\u0161kr\u0101sn\u012b ir kroma re\u017e\u0123is, ko var novietot vajadz\u012bgaj\u0101 augstum\u0101, un \u0113rt\u0101kai lieto\u0161anai cepe\u0161kr\u0101sns ir apr\u012bkota ar temperat\u016bras indikatoru, kas \u013cauj vienm\u0113r kontrol\u0113t gatavo\u0161anas temperat\u016bru.  <\/p>\n<p>Kam\u012bns ar cepe\u0161kr\u0101sni ir p\u0101rkl\u0101ta ar porcel\u0101na emalju, kas pie\u0161\u0137ir tai elegantu un izsmalcin\u0101tu izskatu.<\/p>\n<p>\u0160\u012b augstas efektivit\u0101tes un t\u012bras deg\u0161anas videi draudz\u012bg\u0101 kam\u012bns ar cepe\u0161kr\u0101sni atbilst stingr\u0101kajiem Eiropas standartiem: BImSchV 2, 15a B-VG un Eco Design.<\/p>\n<p>Izbaudiet ar\u012b J\u016bs \u0161o ori\u0123in\u0101lo apkures ier\u012bci un dz\u012bvo liesmu.<\/p>\n","protected":false},"featured_media":18329,"comment_status":"closed","ping_status":"closed","template":"","meta":{"_acf_changed":false},"product_brand":[5542],"product_cat":[5171,5125],"product_tag":[],"class_list":{"0":"post-18328","1":"product","2":"type-product","3":"status-publish","4":"has-post-thumbnail","6":"product_brand-caliskan","7":"product_cat-brivi-stavosie-kamini","8":"product_cat-malkas-plitis","9":"product_shipping_class-bezmaksas","10":"tm-no-options","12":"first","13":"instock","14":"taxable","15":"shipping-taxable","16":"purchasable","17":"product-type-simple"},"acf":[],"_links":{"self":[{"href":"https:\/\/calor.ee\/lv\/wp-json\/wp\/v2\/product\/18328","targetHints":{"allow":["GET"]}}],"collection":[{"href":"https:\/\/calor.ee\/lv\/wp-json\/wp\/v2\/product"}],"about":[{"href":"https:\/\/calor.ee\/lv\/wp-json\/wp\/v2\/types\/product"}],"replies":[{"embeddable":true,"href":"https:\/\/calor.ee\/lv\/wp-json\/wp\/v2\/comments?post=18328"}],"wp:featuredmedia":[{"embeddable":true,"href":"https:\/\/calor.ee\/lv\/wp-json\/wp\/v2\/media\/18329"}],"wp:attachment":[{"href":"https:\/\/calor.ee\/lv\/wp-json\/wp\/v2\/media?parent=18328"}],"wp:term":[{"taxonomy":"product_brand","embeddable":true,"href":"https:\/\/calor.ee\/lv\/wp-json\/wp\/v2\/product_brand?post=18328"},{"taxonomy":"product_cat","embeddable":true,"href":"https:\/\/calor.ee\/lv\/wp-json\/wp\/v2\/product_cat?post=18328"},{"taxonomy":"product_tag","embeddable":true,"href":"https:\/\/calor.ee\/lv\/wp-json\/wp\/v2\/product_tag?post=18328"}],"curies":[{"name":"wp","href":"https:\/\/api.w.org\/{rel}","templated":true}]}}