{"id":18313,"date":"2024-05-29T10:00:11","date_gmt":"2024-05-29T08:00:11","guid":{"rendered":"https:\/\/calor.ee\/kaminplits-ember-cook\/"},"modified":"2024-05-29T10:00:11","modified_gmt":"2024-05-29T08:00:11","slug":"kaminplits-ember-cook","status":"publish","type":"product","link":"https:\/\/calor.ee\/lv\/kaminplits-ember-cook\/","title":{"rendered":"Kam\u012bnpl\u012bts Ember Cook"},"content":{"rendered":"<p>Kam\u012bnpl\u012btij ir nepiecie\u0161ams piesl\u0113gums skurstenim (piesl\u0113gums no aizmugures).<\/p>\n","protected":false},"excerpt":{"rendered":"<p><strong>Kam\u012bnpl\u012bts Ember Cook <\/strong>ir univers\u0101la apkures ier\u012bce, kas apvieno kam\u012bna un pl\u012bts lab\u0101k\u0101s \u012bpa\u0161\u012bbas. \u0160\u012b ier\u012bce ne tikai nodro\u0161ina efekt\u012bvu telpas apsildi, bet ar\u012b \u013cauj pagatavot gardus \u0113dienus uz aug\u0161pus\u0113 eso\u0161\u0101s pl\u012bts virsmas. <\/p>\n<p>Kam\u012bnpl\u012bts izce\u013cas ar savu pievilc\u012bgo un m\u016bsdien\u012bgo dizainu, k\u0101 ar\u012b lielaj\u0101m stikla durv\u012bm, kas sniedz iesp\u0113ju piln\u012bb\u0101 izbaud\u012bt dz\u012bvas uguns burv\u012bbu. Elegants melns apdares risin\u0101jums padara \u0161o kam\u012bnpl\u012bti piem\u0113rotu jebkuram modernam interjeram, un tas vienm\u0113r k\u013c\u016bs par izteiksm\u012bgu dizaina akcentu J\u016bsu m\u0101j\u0101s. <\/p>\n<p>Ember Cook kam\u012bnpl\u012bts nodro\u0161ina augstu lietder\u012bbas koeficientu un t\u012bru sadeg\u0161anu, atbilstot stingr\u0101kajiem Eiropas standartiem, piem\u0113ram, BImSchV 2 un 15a B-VG.<\/p>\n<p>Atkl\u0101jiet Ember Cook kam\u012bnpl\u012bts daudzpus\u012bg\u0101s iesp\u0113jas \u2014 baudiet gan m\u0101j\u012bgu siltumu, gan gatavo\u0161anas prieku.<\/p>\n","protected":false},"featured_media":18314,"comment_status":"closed","ping_status":"closed","template":"","meta":{"_acf_changed":false},"product_brand":[5544],"product_cat":[5171,5125],"product_tag":[],"class_list":{"0":"post-18313","1":"product","2":"type-product","3":"status-publish","4":"has-post-thumbnail","6":"product_brand-ember","7":"product_cat-brivi-stavosie-kamini","8":"product_cat-malkas-plitis","9":"product_shipping_class-bezmaksas","10":"tm-no-options","12":"first","13":"instock","14":"sale","15":"taxable","16":"shipping-taxable","17":"purchasable","18":"product-type-simple"},"acf":[],"_links":{"self":[{"href":"https:\/\/calor.ee\/lv\/wp-json\/wp\/v2\/product\/18313","targetHints":{"allow":["GET"]}}],"collection":[{"href":"https:\/\/calor.ee\/lv\/wp-json\/wp\/v2\/product"}],"about":[{"href":"https:\/\/calor.ee\/lv\/wp-json\/wp\/v2\/types\/product"}],"replies":[{"embeddable":true,"href":"https:\/\/calor.ee\/lv\/wp-json\/wp\/v2\/comments?post=18313"}],"wp:featuredmedia":[{"embeddable":true,"href":"https:\/\/calor.ee\/lv\/wp-json\/wp\/v2\/media\/18314"}],"wp:attachment":[{"href":"https:\/\/calor.ee\/lv\/wp-json\/wp\/v2\/media?parent=18313"}],"wp:term":[{"taxonomy":"product_brand","embeddable":true,"href":"https:\/\/calor.ee\/lv\/wp-json\/wp\/v2\/product_brand?post=18313"},{"taxonomy":"product_cat","embeddable":true,"href":"https:\/\/calor.ee\/lv\/wp-json\/wp\/v2\/product_cat?post=18313"},{"taxonomy":"product_tag","embeddable":true,"href":"https:\/\/calor.ee\/lv\/wp-json\/wp\/v2\/product_tag?post=18313"}],"curies":[{"name":"wp","href":"https:\/\/api.w.org\/{rel}","templated":true}]}}