{"id":18306,"date":"2024-04-11T13:11:31","date_gmt":"2024-04-11T11:11:31","guid":{"rendered":"https:\/\/calor.ee\/kaminplits-ar-cepeskrasni-caliskan-302\/"},"modified":"2025-11-21T10:31:29","modified_gmt":"2025-11-21T08:31:29","slug":"kamins-ar-cepeskrasni-caliskan-302","status":"publish","type":"product","link":"https:\/\/calor.ee\/lv\/kamins-ar-cepeskrasni-caliskan-302\/","title":{"rendered":"Kam\u012bns ar cepe\u0161kr\u0101sni Caliskan 302"},"content":{"rendered":"<p>&nbsp;<\/p>\n<p>&nbsp;<\/p>\n","protected":false},"excerpt":{"rendered":"<p>\u0160\u012b kam\u012bns ar cepe\u0161kr\u0101sni atbilst visstingr\u0101kajiem Eiropas standartiem \u2014 BImSchV 2, 15a B-VG un Eco Design.<\/p>\n","protected":false},"featured_media":18307,"comment_status":"closed","ping_status":"closed","template":"","meta":{"_acf_changed":false},"product_brand":[5542],"product_cat":[5171,5125],"product_tag":[],"class_list":{"0":"post-18306","1":"product","2":"type-product","3":"status-publish","4":"has-post-thumbnail","6":"product_brand-caliskan","7":"product_cat-brivi-stavosie-kamini","8":"product_cat-malkas-plitis","9":"product_shipping_class-bezmaksas","10":"tm-no-options","12":"first","13":"instock","14":"taxable","15":"shipping-taxable","16":"purchasable","17":"product-type-simple"},"acf":[],"_links":{"self":[{"href":"https:\/\/calor.ee\/lv\/wp-json\/wp\/v2\/product\/18306","targetHints":{"allow":["GET"]}}],"collection":[{"href":"https:\/\/calor.ee\/lv\/wp-json\/wp\/v2\/product"}],"about":[{"href":"https:\/\/calor.ee\/lv\/wp-json\/wp\/v2\/types\/product"}],"replies":[{"embeddable":true,"href":"https:\/\/calor.ee\/lv\/wp-json\/wp\/v2\/comments?post=18306"}],"wp:featuredmedia":[{"embeddable":true,"href":"https:\/\/calor.ee\/lv\/wp-json\/wp\/v2\/media\/18307"}],"wp:attachment":[{"href":"https:\/\/calor.ee\/lv\/wp-json\/wp\/v2\/media?parent=18306"}],"wp:term":[{"taxonomy":"product_brand","embeddable":true,"href":"https:\/\/calor.ee\/lv\/wp-json\/wp\/v2\/product_brand?post=18306"},{"taxonomy":"product_cat","embeddable":true,"href":"https:\/\/calor.ee\/lv\/wp-json\/wp\/v2\/product_cat?post=18306"},{"taxonomy":"product_tag","embeddable":true,"href":"https:\/\/calor.ee\/lv\/wp-json\/wp\/v2\/product_tag?post=18306"}],"curies":[{"name":"wp","href":"https:\/\/api.w.org\/{rel}","templated":true}]}}