{"id":18253,"date":"2024-04-04T15:38:40","date_gmt":"2024-04-04T13:38:40","guid":{"rendered":"https:\/\/calor.ee\/malkas-plits-ar-cepeskrasni-caliskan-214-3d-box\/"},"modified":"2024-04-04T15:38:40","modified_gmt":"2024-04-04T13:38:40","slug":"malkas-plits-ar-cepeskrasni-caliskan-214-3d-box","status":"publish","type":"product","link":"https:\/\/calor.ee\/lv\/malkas-plits-ar-cepeskrasni-caliskan-214-3d-box\/","title":{"rendered":"Malkas pl\u012bts ar cepe\u0161kr\u0101sni Caliskan 214-3D-BOX"},"content":{"rendered":"<p>Malkas pl\u012bts ar cepe\u0161kr\u0101sni prasa piesl\u0113gumu skurstenim (d\u016bmvada piesl\u0113gums no aug\u0161puses).<\/p>\n","protected":false},"excerpt":{"rendered":"<p><strong>Malkas pl\u012bts ar cepe\u0161kr\u0101sni Caliskan 214-3D-BOX<\/strong> ir ar tradicion\u0101lu dizainu un lieliski iederas jebkur\u0101 interjer\u0101. \u0160\u012b malkas pl\u012bts rada m\u0101j\u012bgu atmosf\u0113ru, pat\u012bkamu siltumu un, protams, sniedz iesp\u0113ju pagatavot pasaules gard\u0101kos \u0113dienus. <\/p>\n<p>Pl\u012bts korpuss ir izgatavots no iztur\u012bga t\u0113rauda, savuk\u0101rt aug\u0161\u0113j\u0101 gatavo\u0161anas virsma, durvju r\u0101mji, k\u0101jas un pelnu restes ir izgatavotas no \u012bpa\u0161i iztur\u012bga \u010duguna. Kvalitat\u012bva \u0161amota kurtuve ar izm\u0113riem 24\u00d736\u00d745 cm \u013cauj kurin\u0101t pl\u012bti ar l\u012bdz 35 cm gariem malkas blu\u0137iem. <\/p>\n<p>Malkas pl\u012bts ar cepe\u0161kr\u0101sni Caliskan 214-3D-BOX ir apr\u012bkota ar liel\u0101m stikla durv\u012bm un \u2014 3D versijai rakstur\u012bgi \u2014 ar\u012b ar lielu s\u0101nu stiklu, kas \u013cauj baud\u012bt dz\u012bvu uguni no div\u0101m pus\u0113m vienlaikus un padara virtuvi \u012bpa\u0161i m\u0101j\u012bgu. Durti\u0146\u0101s ir izmantots termoiztur\u012bgs, siltumu atstarojo\u0161s keramikas stikls, kas nodro\u0161ina augst\u0101ku efektivit\u0101ti un samazina stikla aizkv\u0113p\u0161anas risku. Stikla virsmu t\u012br\u0101ku pal\u012bdz uztur\u0113t ar\u012b gaisa pl\u016bsma (t.s. \u201cgaisa aizkars\u201d), kas deg\u0161anas laik\u0101 virz\u0101s gar stiklu.  <\/p>\n<p>Caliskan 214-3D-BOX \u013cauj \u0113dienus gatavot l\u0113ni un vienm\u0113r\u012bgi, kas padara tos \u012bpa\u0161i gar\u0161\u012bgus. Cepe\u0161kr\u0101sn\u012b ir kroma re\u017e\u0123is, ko var novietot vajadz\u012bgaj\u0101 augstum\u0101, un \u0113rt\u0101kai lieto\u0161anai cepe\u0161kr\u0101sns ir apr\u012bkota ar temperat\u016bras indikatoru, kas \u013cauj vienm\u0113r kontrol\u0113t gatavo\u0161anas temperat\u016bru. Cepe\u0161kr\u0101sn\u012b ir ar\u012b gudrs rokturis, kas \u013cauj novirz\u012bt liek\u0101s \u0113diena arom\u0101tu da\u013ci\u0146as \u0101rpus telpas, izmantojot iek\u0161\u0113jo d\u016bmvada savienojumu.   <\/p>\n<p>BOX versij\u0101 apak\u0161da\u013c\u0101 ir liels atvilktne, kur \u0113rti glab\u0101t malku, traukus vai citus nepiecie\u0161amos priek\u0161metus. Pl\u012bts ir p\u0101rkl\u0101ta ar porcel\u0101na emalju, kas pie\u0161\u0137ir tai elegantu un izsmalcin\u0101tu izskatu. <\/p>\n<p>\u0160\u012b augstas efektivit\u0101tes un t\u012bras deg\u0161anas videi draudz\u012bg\u0101 malkas pl\u012bts ar cepe\u0161kr\u0101sni atbilst stingr\u0101kajiem Eiropas standartiem: BImSchV 2, 15a B-VG un Eco Design.<\/p>\n<p>Izbaudiet ar\u012b J\u016bs \u0161o ori\u0123in\u0101lo malkas pl\u012bti ar cepe\u0161kr\u0101sni un dz\u012bvas uguns burv\u012bbu.<\/p>\n","protected":false},"featured_media":18254,"comment_status":"closed","ping_status":"closed","template":"","meta":{"_acf_changed":false},"product_brand":[2895],"product_cat":[5125],"product_tag":[],"class_list":{"0":"post-18253","1":"product","2":"type-product","3":"status-publish","4":"has-post-thumbnail","6":"product_brand-caliskan","7":"product_cat-malkas-plitis","8":"product_shipping_class-bezmaksas","9":"tm-no-options","11":"first","12":"instock","13":"taxable","14":"shipping-taxable","15":"purchasable","16":"product-type-simple"},"acf":[],"_links":{"self":[{"href":"https:\/\/calor.ee\/lv\/wp-json\/wp\/v2\/product\/18253","targetHints":{"allow":["GET"]}}],"collection":[{"href":"https:\/\/calor.ee\/lv\/wp-json\/wp\/v2\/product"}],"about":[{"href":"https:\/\/calor.ee\/lv\/wp-json\/wp\/v2\/types\/product"}],"replies":[{"embeddable":true,"href":"https:\/\/calor.ee\/lv\/wp-json\/wp\/v2\/comments?post=18253"}],"wp:featuredmedia":[{"embeddable":true,"href":"https:\/\/calor.ee\/lv\/wp-json\/wp\/v2\/media\/18254"}],"wp:attachment":[{"href":"https:\/\/calor.ee\/lv\/wp-json\/wp\/v2\/media?parent=18253"}],"wp:term":[{"taxonomy":"product_brand","embeddable":true,"href":"https:\/\/calor.ee\/lv\/wp-json\/wp\/v2\/product_brand?post=18253"},{"taxonomy":"product_cat","embeddable":true,"href":"https:\/\/calor.ee\/lv\/wp-json\/wp\/v2\/product_cat?post=18253"},{"taxonomy":"product_tag","embeddable":true,"href":"https:\/\/calor.ee\/lv\/wp-json\/wp\/v2\/product_tag?post=18253"}],"curies":[{"name":"wp","href":"https:\/\/api.w.org\/{rel}","templated":true}]}}