{"id":18220,"date":"2024-05-29T11:56:46","date_gmt":"2024-05-29T09:56:46","guid":{"rendered":"https:\/\/calor.ee\/malkas-plits-ar-cepeskrasni-ember-cooker-a1-80\/"},"modified":"2024-05-29T11:56:46","modified_gmt":"2024-05-29T09:56:46","slug":"malkas-plits-ar-cepeskrasni-ember-cooker-a1-80","status":"publish","type":"product","link":"https:\/\/calor.ee\/lv\/malkas-plits-ar-cepeskrasni-ember-cooker-a1-80\/","title":{"rendered":"Malkas pl\u012bts ar cepe\u0161kr\u0101sni Ember Cooker A1-80"},"content":{"rendered":"<p>Malkas pl\u012bts izmanto\u0161anai nepiecie\u0161ams piesl\u0113gums skurstenim (d\u016bmvada piesl\u0113gums no aizmugures, s\u0101niem vai aug\u0161puses \u2014 iz\u0146emot gad\u012bjumus ar keramikas virsmu).<\/p>\n","protected":false},"excerpt":{"rendered":"<p><strong>Malkas pl\u012bts ar cepe\u0161kr\u0101sni Ember Cooker A1-80<\/strong> lieliski piem\u0113rota jebkurai virtuvei \u2014 to var uzst\u0101d\u012bt gan k\u0101 br\u012bvi st\u0101vo\u0161u risin\u0101jumu, gan integr\u0113t eso\u0161ajos virtuves skapjos. \u0160\u012b pl\u012bts ir ar m\u016b\u017e\u012bgu dizainu, izcilu veiktsp\u0113ju un inovat\u012bv\u0101m tehnolo\u0123ij\u0101m, kas pace\u013c \u0113stgatavo\u0161anas pieredzi jaun\u0101 l\u012bmen\u012b. T\u0101 ir paredz\u0113ta pras\u012bgiem pav\u0101riem un modern\u0101m virtuv\u0113m.  <\/p>\n<p>Pl\u012bts ir izgatavota no augstas kvalit\u0101tes materi\u0101liem \u2014 emalj\u0113ta t\u0113rauda, ko papildina ner\u016bs\u0113jo\u0161\u0101 t\u0113rauda dekorat\u012bvie elementi. Kurtuve ir izkl\u0101ta ar kvalitat\u012bvu karstumiztur\u012bgu materi\u0101lu, kas iztur temperat\u016bru l\u012bdz 1250 \u00b0C. Stikla durti\u0146as \u013cauj atsl\u0113gties no ikdienas r\u016bp\u0113m un baud\u012bt pat\u012bkamu dz\u012bvas uguns rad\u012bto atmosf\u0113ru.  <\/p>\n<p>Malkas pl\u012bts ar cepe\u0161kr\u0101sni Ember Cooker A1-80 nodro\u0161ina augstu lietder\u012bbas koeficientu un t\u012bru deg\u0161anu, atbilstot visstingr\u0101kajiem Eiropas standartiem, tostarp BImSchV 2 un 15a B-VG.<\/p>\n<p>Atbilsto\u0161i individu\u0101laj\u0101m v\u0113lm\u0113m pl\u012bti iesp\u0113jams izv\u0113l\u0113ties melni\/ner\u016bs\u0113jo\u0161\u0101 t\u0113rauda vai balt\u0101 kr\u0101sojum\u0101, k\u0101 ar\u012b ar keramikas vai t\u0113rauda virsmu.<\/p>\n","protected":false},"featured_media":18221,"comment_status":"closed","ping_status":"closed","template":"","meta":{"_acf_changed":false},"product_brand":[2963],"product_cat":[5125],"product_tag":[],"class_list":{"0":"post-18220","1":"product","2":"type-product","3":"status-publish","4":"has-post-thumbnail","6":"product_brand-ember","7":"product_cat-malkas-plitis","8":"product_shipping_class-bezmaksas","9":"tm-no-options","11":"first","12":"instock","13":"sale","14":"taxable","15":"shipping-taxable","16":"purchasable","17":"product-type-variable","18":"has-default-attributes"},"acf":[],"_links":{"self":[{"href":"https:\/\/calor.ee\/lv\/wp-json\/wp\/v2\/product\/18220","targetHints":{"allow":["GET"]}}],"collection":[{"href":"https:\/\/calor.ee\/lv\/wp-json\/wp\/v2\/product"}],"about":[{"href":"https:\/\/calor.ee\/lv\/wp-json\/wp\/v2\/types\/product"}],"replies":[{"embeddable":true,"href":"https:\/\/calor.ee\/lv\/wp-json\/wp\/v2\/comments?post=18220"}],"wp:featuredmedia":[{"embeddable":true,"href":"https:\/\/calor.ee\/lv\/wp-json\/wp\/v2\/media\/18221"}],"wp:attachment":[{"href":"https:\/\/calor.ee\/lv\/wp-json\/wp\/v2\/media?parent=18220"}],"wp:term":[{"taxonomy":"product_brand","embeddable":true,"href":"https:\/\/calor.ee\/lv\/wp-json\/wp\/v2\/product_brand?post=18220"},{"taxonomy":"product_cat","embeddable":true,"href":"https:\/\/calor.ee\/lv\/wp-json\/wp\/v2\/product_cat?post=18220"},{"taxonomy":"product_tag","embeddable":true,"href":"https:\/\/calor.ee\/lv\/wp-json\/wp\/v2\/product_tag?post=18220"}],"curies":[{"name":"wp","href":"https:\/\/api.w.org\/{rel}","templated":true}]}}