{"id":18197,"date":"2021-04-28T15:18:57","date_gmt":"2021-04-28T13:18:57","guid":{"rendered":"https:\/\/calor.ee\/cuguna-plits-westbo-ornament\/"},"modified":"2021-04-28T15:18:57","modified_gmt":"2021-04-28T13:18:57","slug":"cuguna-plits-westbo-ornament","status":"publish","type":"product","link":"https:\/\/calor.ee\/lv\/cuguna-plits-westbo-ornament\/","title":{"rendered":"\u010cuguna pl\u012bts Westbo Ornament"},"content":{"rendered":"","protected":false},"excerpt":{"rendered":"<p>Skandin\u0101viska dizaina <strong>\u010duguna pl\u012bts<\/strong> Westbo Ornament lieliski iederas lauku virtuv\u0113, \u0101ra virtuv\u0113, atp\u016btas m\u0101j\u0101 vai med\u012bbu nami\u0146\u0101. \u0160\u012b \u010duguna pl\u012bts nav tikai lieliska \u0113diena gatavo\u0161anai un cep\u0161anai \u2014 t\u0101 ir ar\u012b uzticams siltuma avots un patiesi pievilc\u012bgs interjera akcents. <\/p>\n<p>\u010cuguna pl\u012bts Westbo Ornament ir apr\u012bkota ar stikla durti\u0146\u0101m, kas \u013cauj baud\u012bt dz\u012bvu uguni un padara virtuvi v\u0113l m\u0101j\u012bg\u0101ku.<\/p>\n","protected":false},"featured_media":18198,"comment_status":"closed","ping_status":"closed","template":"","meta":{"_acf_changed":false},"product_brand":[5525],"product_cat":[5126,5125],"product_tag":[],"class_list":{"0":"post-18197","1":"product","2":"type-product","3":"status-publish","4":"has-post-thumbnail","6":"product_brand-westbo","7":"product_cat-cuguna-plitis","8":"product_cat-malkas-plitis","9":"product_shipping_class-bezmaksas","10":"tm-no-options","12":"first","13":"instock","14":"taxable","15":"shipping-taxable","16":"purchasable","17":"product-type-simple"},"acf":[],"_links":{"self":[{"href":"https:\/\/calor.ee\/lv\/wp-json\/wp\/v2\/product\/18197","targetHints":{"allow":["GET"]}}],"collection":[{"href":"https:\/\/calor.ee\/lv\/wp-json\/wp\/v2\/product"}],"about":[{"href":"https:\/\/calor.ee\/lv\/wp-json\/wp\/v2\/types\/product"}],"replies":[{"embeddable":true,"href":"https:\/\/calor.ee\/lv\/wp-json\/wp\/v2\/comments?post=18197"}],"wp:featuredmedia":[{"embeddable":true,"href":"https:\/\/calor.ee\/lv\/wp-json\/wp\/v2\/media\/18198"}],"wp:attachment":[{"href":"https:\/\/calor.ee\/lv\/wp-json\/wp\/v2\/media?parent=18197"}],"wp:term":[{"taxonomy":"product_brand","embeddable":true,"href":"https:\/\/calor.ee\/lv\/wp-json\/wp\/v2\/product_brand?post=18197"},{"taxonomy":"product_cat","embeddable":true,"href":"https:\/\/calor.ee\/lv\/wp-json\/wp\/v2\/product_cat?post=18197"},{"taxonomy":"product_tag","embeddable":true,"href":"https:\/\/calor.ee\/lv\/wp-json\/wp\/v2\/product_tag?post=18197"}],"curies":[{"name":"wp","href":"https:\/\/api.w.org\/{rel}","templated":true}]}}