{"id":18183,"date":"2023-05-17T15:58:14","date_gmt":"2023-05-17T13:58:14","guid":{"rendered":"https:\/\/calor.ee\/krasns-durtinas-ar-stiklu-unico-s4\/"},"modified":"2023-05-17T15:58:14","modified_gmt":"2023-05-17T13:58:14","slug":"krasns-durtinas-ar-stiklu-unico-s4","status":"publish","type":"product","link":"https:\/\/calor.ee\/lv\/krasns-durtinas-ar-stiklu-unico-s4\/","title":{"rendered":"Kr\u0101sns durti\u0146as ar stiklu Unico S4"},"content":{"rendered":"<p>Durti\u0146u iek\u0161\u0113jais izm\u0113rs (m\u016br\u0113\u0161anas izm\u0113rs) ir 41 \u00d7 41 cm, bet \u0101r\u0113jais izm\u0113rs &#8211; 46 \u00d7 46,5 cm.<\/p>\n","protected":false},"excerpt":{"rendered":"<p><strong>Kr\u0101sns durti\u0146as ar stiklu Unico S4<\/strong> ir izgatavotas no kvalitat\u012bva t\u0113rauda, un t\u0101m ir \u012bpa\u0161i iztur\u012bga konstrukcija. \u0160\u012bs durti\u0146as pied\u0101v\u0101 ide\u0101lu l\u012bdzsvaru starp est\u0113tiku un praktiskumu. <\/p>\n<p>T\u0101s ir piem\u0113rotas gan vispras\u012bg\u0101kajiem kr\u0101\u0161\u0146u meistariem, kuriem sav\u0101 darb\u0101 j\u0101nodro\u0161ina augsta kvalit\u0101te, gan kr\u0101sns \u012bpa\u0161niekiem, kuri t\u0101s izmantos daudzus gadus. Ja liel\u0101k\u0101 da\u013ca kr\u0101sns durti\u0146u tiek kr\u0101sotas ar divkomponentu karstumiztur\u012bgu kr\u0101su, kas var izdal\u012bt smakas vai tvaikus, tad \u0161\u012bs durti\u0146as ir p\u0101rkl\u0101tas ar d\u0101rg\u0101ku un kvalitat\u012bv\u0101ku vienkomponenta karstumiztur\u012bgu kr\u0101su, kas ir bez arom\u0101ta un \u012bpa\u0161i iztur\u012bga. <\/p>\n<p>\u0160\u012bm durti\u0146\u0101m ir liels stikla laukums, kas \u013cauj ne tikai baud\u012bt siltumu, bet ar\u012b piln\u0101 kr\u0101\u0161\u0146um\u0101 v\u0113rot liesmu sp\u0113li. Durti\u0146as ir apr\u012bkotas ar divk\u0101r\u0161o stiklu, kam ir divas \u013coti b\u016btiskas priek\u0161roc\u012bbas sal\u012bdzin\u0101jum\u0101 ar vienk\u0101r\u0161o stiklu. No vienas puses \u0101r\u0113j\u0101 stikla virsmas temperat\u016bra ir zem\u0101ka \u2014 tas ir \u012bpa\u0161i svar\u012bgi \u0123imen\u0113m ar maziem b\u0113rniem vai m\u0101jdz\u012bvniekiem. No otras puses divk\u0101r\u0161ais stikls nodro\u0161ina augst\u0101ku deg\u0161anas temperat\u016bru kurtuv\u0113, kas uzlabo deg\u0161anas procesu un pal\u012bdz ilg\u0101k saglab\u0101t stiklu t\u012bru.   <\/p>\n<p>Durti\u0146u apak\u0161da\u013c\u0101 atrodas gaisa pievades atveres, kuras iesp\u0113jams \u0113rti regul\u0113t ar sviru.<\/p>\n<p><strong>Calor iesaka!<\/strong> Kr\u0101sns durti\u0146as ar stiklu Unico S4 ir viens no m\u016bsu kr\u0101\u0161\u0146u meistaru iecien\u012bt\u0101kajiem produktiem. To uzst\u0101d\u012b\u0161ana ir \u013coti vienk\u0101r\u0161a, un pateicoties p\u0101rdom\u0101tajai un dro\u0161ajai konstrukcijai, durti\u0146as uz mont\u0101\u017eas laiku ir iesp\u0113jams ar vienu kust\u012bbu no\u0146emt.<\/p>\n","protected":false},"featured_media":18185,"comment_status":"closed","ping_status":"closed","template":"","meta":{"_acf_changed":false},"product_brand":[95],"product_cat":[5169,5170],"product_tag":[],"class_list":{"0":"post-18183","1":"product","2":"type-product","3":"status-publish","4":"has-post-thumbnail","6":"product_brand-unico","7":"product_cat-krasns-durtinas","8":"product_cat-krasns-piederumi","9":"tm-no-options","11":"first","12":"instock","13":"taxable","14":"shipping-taxable","15":"product-type-simple"},"acf":[],"_links":{"self":[{"href":"https:\/\/calor.ee\/lv\/wp-json\/wp\/v2\/product\/18183","targetHints":{"allow":["GET"]}}],"collection":[{"href":"https:\/\/calor.ee\/lv\/wp-json\/wp\/v2\/product"}],"about":[{"href":"https:\/\/calor.ee\/lv\/wp-json\/wp\/v2\/types\/product"}],"replies":[{"embeddable":true,"href":"https:\/\/calor.ee\/lv\/wp-json\/wp\/v2\/comments?post=18183"}],"wp:featuredmedia":[{"embeddable":true,"href":"https:\/\/calor.ee\/lv\/wp-json\/wp\/v2\/media\/18185"}],"wp:attachment":[{"href":"https:\/\/calor.ee\/lv\/wp-json\/wp\/v2\/media?parent=18183"}],"wp:term":[{"taxonomy":"product_brand","embeddable":true,"href":"https:\/\/calor.ee\/lv\/wp-json\/wp\/v2\/product_brand?post=18183"},{"taxonomy":"product_cat","embeddable":true,"href":"https:\/\/calor.ee\/lv\/wp-json\/wp\/v2\/product_cat?post=18183"},{"taxonomy":"product_tag","embeddable":true,"href":"https:\/\/calor.ee\/lv\/wp-json\/wp\/v2\/product_tag?post=18183"}],"curies":[{"name":"wp","href":"https:\/\/api.w.org\/{rel}","templated":true}]}}