{"id":18171,"date":"2024-07-31T11:01:20","date_gmt":"2024-07-31T09:01:20","guid":{"rendered":"https:\/\/calor.ee\/kaminkrasns-brula-ks1-s\/"},"modified":"2024-07-31T11:01:20","modified_gmt":"2024-07-31T09:01:20","slug":"kaminkrasns-brula-ks1-s","status":"publish","type":"product","link":"https:\/\/calor.ee\/lv\/kaminkrasns-brula-ks1-s\/","title":{"rendered":"Kam\u012bnkr\u0101sns Brula KS1 S"},"content":{"rendered":"<p>Komplekt\u0101 ietilpst kam\u012bnkr\u0101sns, stikla durti\u0146as un viss nepiecie\u0161amais kr\u0101sns izb\u016bvei. Komplekt\u0101 nav iek\u013cauta uzst\u0101d\u012b\u0161ana un apdare &#8211; atbilsto\u0161i individu\u0101laj\u0101m v\u0113lm\u0113m kr\u0101sni iesp\u0113jams apmest vai pabeigt ar citu izv\u0113l\u0113to apdares materi\u0101lu. <\/p>\n","protected":false},"excerpt":{"rendered":"<p>Modern\u0101 dizaina <strong>kam\u012bnkr\u0101sns Brula KS1 S<\/strong> lieliski iederas jebkur\u0101 interjer\u0101. Un kas gan var\u0113tu b\u016bt pat\u012bkam\u0101ks par m\u0101j\u012bga un dz\u012bvas uguns rad\u012bt\u0101 siltuma baud\u012b\u0161anu caur lielaj\u0101m stikla durti\u0146\u0101m p\u0113c steidz\u012bgas un notikumiem bag\u0101tas dienas? <\/p>\n<p>Brula KS1 S kam\u012bnkr\u0101sns apvieno gan kam\u012bna, gan kr\u0101sns lab\u0101k\u0101s \u012bpa\u0161\u012bbas \u2013 t\u0101 \u0101tri s\u0101k izstarot siltumu un turpina to dar\u012bt vair\u0101kas stundas p\u0113c tam, kad liesma kurtuv\u0113 jau izdzisusi.<\/p>\n<p>Pateicoties apmetumam sagatavotajai virsmai, kr\u0101sns apdari iesp\u0113jams veikt atbilsto\u0161i individu\u0101laj\u0101m v\u0113lm\u0113m. Att\u0113l\u0101 redzam\u0101 kam\u012bnkr\u0101sns ir apmesta ar baltu dab\u012bgo apmetumu, ta\u010du iesp\u0113ju, k\u0101 pan\u0101kt unik\u0101lu un individu\u0101lu izskatu, ir daudz. <\/p>\n","protected":false},"featured_media":18172,"comment_status":"closed","ping_status":"closed","template":"","meta":{"_acf_changed":false},"product_brand":[5521],"product_cat":[3319,5273],"product_tag":[],"class_list":{"0":"post-18171","1":"product","2":"type-product","3":"status-publish","4":"has-post-thumbnail","6":"product_brand-brula","7":"product_cat-kaminkrasnis","8":"product_cat-vieglas-krasnis","9":"product_shipping_class-bezmaksas","10":"tm-no-options","12":"first","13":"instock","14":"taxable","15":"shipping-taxable","16":"purchasable","17":"product-type-variable","18":"has-default-attributes"},"acf":[],"_links":{"self":[{"href":"https:\/\/calor.ee\/lv\/wp-json\/wp\/v2\/product\/18171","targetHints":{"allow":["GET"]}}],"collection":[{"href":"https:\/\/calor.ee\/lv\/wp-json\/wp\/v2\/product"}],"about":[{"href":"https:\/\/calor.ee\/lv\/wp-json\/wp\/v2\/types\/product"}],"replies":[{"embeddable":true,"href":"https:\/\/calor.ee\/lv\/wp-json\/wp\/v2\/comments?post=18171"}],"wp:featuredmedia":[{"embeddable":true,"href":"https:\/\/calor.ee\/lv\/wp-json\/wp\/v2\/media\/18172"}],"wp:attachment":[{"href":"https:\/\/calor.ee\/lv\/wp-json\/wp\/v2\/media?parent=18171"}],"wp:term":[{"taxonomy":"product_brand","embeddable":true,"href":"https:\/\/calor.ee\/lv\/wp-json\/wp\/v2\/product_brand?post=18171"},{"taxonomy":"product_cat","embeddable":true,"href":"https:\/\/calor.ee\/lv\/wp-json\/wp\/v2\/product_cat?post=18171"},{"taxonomy":"product_tag","embeddable":true,"href":"https:\/\/calor.ee\/lv\/wp-json\/wp\/v2\/product_tag?post=18171"}],"curies":[{"name":"wp","href":"https:\/\/api.w.org\/{rel}","templated":true}]}}