{"id":18161,"date":"2021-01-23T19:30:54","date_gmt":"2021-01-23T17:30:54","guid":{"rendered":"https:\/\/calor.ee\/kaminkrasns-brula-quadro\/"},"modified":"2021-01-23T19:30:54","modified_gmt":"2021-01-23T17:30:54","slug":"kaminkrasns-brula-quadro","status":"publish","type":"product","link":"https:\/\/calor.ee\/lv\/kaminkrasns-brula-quadro\/","title":{"rendered":"Kam\u012bnkr\u0101sns Brula Quadro"},"content":{"rendered":"<p>Bez \u0101r\u0113j\u0101 apvalka pieejam\u0101 kam\u012bnkr\u0101sns Brula Quadro ietilpst kurtuvi (materi\u0101la biezums 65 mm), elegantas durti\u0146as GT-A04 ar aizveramu gaisa pievades v\u0101rstu, augstum\u0101 regul\u0113jamu pamatni (20-40 mm), \u0161amota l\u012bmi (karstumiztur\u012bba l\u012bdz 1350\u00b0C) un skurste\u0146a savienojumu (diametrs 130 mm). Kam\u012bnkr\u0101sni bez \u0101r\u0113j\u0101 apvalka ir iesp\u0113jams ap\u0161\u016bt p\u0113c J\u016bsu, dizainera vai kr\u0101\u0161\u0146u meistara ieceres, piem\u0113ram, ar dab\u012bgo akmeni vai keramikas materi\u0101liem. <\/p>\n<p>Kam\u012bnkr\u0101sns Brula Quadro ar \u0101r\u0113jo apvalku ietilpst visu iepriek\u0161 min\u0113to, k\u0101 ar\u012b siltumu akumul\u0113jo\u0161\u0101s pl\u0101ksnes, l\u012bmmorti un dab\u012bgo balto apmetumu (1 mm), ko iesp\u0113jams ton\u0113t atbilsto\u0161i J\u016bsu v\u0113lm\u0113m, lai ieg\u016btu tikpat skaistu rezult\u0101tu, k\u0101 redzams zem\u0101k eso\u0161aj\u0101s iedvesmas fotogr\u0101fij\u0101s.<\/p>\n","protected":false},"excerpt":{"rendered":"<p>Elegant\u0101 un uzman\u012bbu piesaisto\u0161\u0101 kam\u012bnkr\u0101sns Brula Quadro lieliski iederas jebkur\u0101 interjer\u0101. Un kas gan var\u0113tu b\u016bt pat\u012bkam\u0101ks par m\u0101j\u012bga, dz\u012bvas uguns rad\u012bt\u0101 siltuma baud\u012b\u0161anu p\u0113c steidz\u012bgas un notikumiem bag\u0101tas dienas? <\/p>\n<p>Brula Quadro kam\u012bnkr\u0101sns apvieno gan kam\u012bna, gan kr\u0101sns lab\u0101k\u0101s \u012bpa\u0161\u012bbas \u2013 t\u0101 \u0101tri s\u0101k izstarot siltumu un turpina to dar\u012bt vair\u0101kas stundas p\u0113c tam, kad liesma kurtuv\u0113 jau izdzisusi.<\/p>\n<p>\u0160\u012b kam\u012bnkr\u0101sns ir ikviena kr\u0101\u0161\u0146u meistara un m\u0101jas \u012bpa\u0161nieka sapnis. Komplekts bez \u0101r\u0113j\u0101 apvalka tiek samont\u0113ts tikai vienas dienas laik\u0101. <\/p>\n<p>Ar \u0101r\u0113jo apvalku jeb piln\u012bb\u0101 nokomplekt\u0113ta kam\u012bnkr\u0101sns top nedaudz ilg\u0101k, jo papildus tiek uzst\u0101d\u012btas siltumu akumul\u0113jo\u0161\u0101s pl\u0101ksnes un veikta apdare atbilsto\u0161i J\u016bsu v\u0113lm\u0113m. Att\u0113l\u0101 redzam\u0101 kam\u012bnkr\u0101sns ir apmesta ar komplekt\u0101 eso\u0161o dab\u012bgo baltu apmetumu, ta\u010du apdares iesp\u0113ju ir daudz.  <\/p>\n","protected":false},"featured_media":18168,"comment_status":"closed","ping_status":"closed","template":"","meta":{"_acf_changed":false},"product_brand":[5521],"product_cat":[3319,5273],"product_tag":[],"class_list":{"0":"post-18161","1":"product","2":"type-product","3":"status-publish","4":"has-post-thumbnail","6":"product_brand-brula","7":"product_cat-kaminkrasnis","8":"product_cat-vieglas-krasnis","9":"product_shipping_class-bezmaksas","10":"tm-no-options","12":"first","13":"instock","14":"taxable","15":"shipping-taxable","16":"purchasable","17":"product-type-variable","18":"has-default-attributes"},"acf":[],"_links":{"self":[{"href":"https:\/\/calor.ee\/lv\/wp-json\/wp\/v2\/product\/18161","targetHints":{"allow":["GET"]}}],"collection":[{"href":"https:\/\/calor.ee\/lv\/wp-json\/wp\/v2\/product"}],"about":[{"href":"https:\/\/calor.ee\/lv\/wp-json\/wp\/v2\/types\/product"}],"replies":[{"embeddable":true,"href":"https:\/\/calor.ee\/lv\/wp-json\/wp\/v2\/comments?post=18161"}],"wp:featuredmedia":[{"embeddable":true,"href":"https:\/\/calor.ee\/lv\/wp-json\/wp\/v2\/media\/18168"}],"wp:attachment":[{"href":"https:\/\/calor.ee\/lv\/wp-json\/wp\/v2\/media?parent=18161"}],"wp:term":[{"taxonomy":"product_brand","embeddable":true,"href":"https:\/\/calor.ee\/lv\/wp-json\/wp\/v2\/product_brand?post=18161"},{"taxonomy":"product_cat","embeddable":true,"href":"https:\/\/calor.ee\/lv\/wp-json\/wp\/v2\/product_cat?post=18161"},{"taxonomy":"product_tag","embeddable":true,"href":"https:\/\/calor.ee\/lv\/wp-json\/wp\/v2\/product_tag?post=18161"}],"curies":[{"name":"wp","href":"https:\/\/api.w.org\/{rel}","templated":true}]}}