{"id":18145,"date":"2021-01-23T20:53:18","date_gmt":"2021-01-23T18:53:18","guid":{"rendered":"https:\/\/calor.ee\/kaminkrasns-brula-city-grundi-maxi\/"},"modified":"2021-01-23T20:53:18","modified_gmt":"2021-01-23T18:53:18","slug":"kaminkrasns-brula-city-grundi-maxi","status":"publish","type":"product","link":"https:\/\/calor.ee\/lv\/kaminkrasns-brula-city-grundi-maxi\/","title":{"rendered":"Kam\u012bnkr\u0101sns Brula City Grundi Maxi"},"content":{"rendered":"<p>Kam\u012bnkr\u0101sns Brula City Grundi Maxi bez priek\u0161\u0113j\u0101 pane\u013ca ietilpst kr\u0101sns kurtuvi, elegantas kr\u0101sns durti\u0146as, \u0161amota l\u012bmi (karstumiztur\u012bba l\u012bdz 1350 \u00b0C), k\u0101 ar\u012b d\u016bmvada piesl\u0113gumu (diametrs 130 mm) no aizmugures vai no aug\u0161as.<br \/>Kam\u012bnkr\u0101sni bez priek\u0161\u0113j\u0101 pane\u013ca var ap\u0161\u016bt no priek\u0161puses atbilsto\u0161i J\u016bsu, interjera dizainera vai kr\u0101\u0161\u0146u meistara iecerei \u2014 piem\u0113ram, ar dab\u012bgo akmeni vai keramikas pl\u0101ksn\u0113m. <\/p>\n<p>Kam\u012bnkr\u0101sns Brula City Grundi Maxi ar priek\u0161\u0113jo paneli ietilpst visu iepriek\u0161 min\u0113to, k\u0101 ar\u012b apmetamu priek\u0161\u0113jo paneli, kas ir vien\u0101 l\u012bmen\u012b ar s\u0101nu virsmu, vai keramikas Gutbrod priek\u0161\u0113jo paneli (kas izvirz\u0101s p\u0101ri s\u0101niem). Gutbrod keramikas pane\u013ci ir pieejami \u013coti pla\u0161\u0101 kr\u0101su gamm\u0101. Ar Gutbrod keramikas priek\u0161\u0113jo pane\u013cu kr\u0101su izv\u0113li varat iepaz\u012bties <g id=\"gid_0\">\u0161eit<\/g>. Kad esat izv\u0113l\u0113ju\u0161ies savam Brula City Grundi Maxi kam\u012bnkr\u0101snim piem\u0113rot\u0101ko keramikas priek\u0161\u0113jo paneli, l\u016bdzu, pievienojiet pas\u016bt\u012bjumam attiec\u012bg\u0101s keramikas saiti vai keramikas kodu pas\u016bt\u012bjuma \u201cPapildu inform\u0101cija\u201d lauk\u0101, vai ar\u012b nos\u016btiet savu izv\u0113li mums e-past\u0101.  <\/p>\n","protected":false},"excerpt":{"rendered":"<p>Elegant\u0103 un uzman\u012bbu piesaisto\u0161a <strong>kam\u012bnkr\u0101sns Brula City Grundi Maxi<\/strong> aiz\u0146em vien 0,25 m\u00b2 un lieliski iederas jebkur\u0101 telp\u0101. Neskatoties uz saviem nelielajiem izm\u0113riem, \u0161\u012b kam\u012bnkr\u0101sns ir uzticams siltuma avots, kura vesel\u012bgais infrasarkanais starojums sniedz l\u012bdz\u012bgu labv\u0113l\u012bgu ietekmi k\u0101 saules siltums.  <\/p>\n<p>Brula City Grundi Mini kam\u012bnkr\u0101sns apvieno gan kam\u012bna, gan kr\u0101sns lab\u0101k\u0101s \u012bpa\u0161\u012bbas \u2013 t\u0101 \u0101tri s\u0101k izstarot siltumu un turpina to dar\u012bt vair\u0101kas stundas p\u0113c tam, kad liesma kurtuv\u0113 jau izdzisusi.<\/p>\n<p>\u0160\u012b kam\u012bnkr\u0101sns ir ikviena kr\u0101\u0161\u0146u meistara un m\u0101jas \u012bpa\u0161nieka sapnis. Komplekts bez \u0101r\u0113j\u0101 apvalka tiek samont\u0113ts tikai vienas dienas laik\u0101. <\/p>\n<p>\u0160\u012b kam\u012bnkr\u0101sns ir pieejama bez priek\u0161\u0113j\u0101 pane\u013ca, ko iesp\u0113jams apdar\u012bt atbilsto\u0161i J\u016bsu vai interjera dizainera iecerei. Papildu var pas\u016bt\u012bt gan apmetamu priek\u0161\u0113jo paneli, gan ar\u012b Gutbrod keramikas priek\u0161\u0113jo paneli, ar kuru \u0161ai kam\u012bnkr\u0101snij iesp\u0113jams \u0101tri un vienk\u0101r\u0161i pie\u0161\u0137irt skaistu un pabeigtu izskatu. <\/p>\n","protected":false},"featured_media":18154,"comment_status":"closed","ping_status":"closed","template":"","meta":{"_acf_changed":false},"product_brand":[5521],"product_cat":[3319,5273],"product_tag":[],"class_list":{"0":"post-18145","1":"product","2":"type-product","3":"status-publish","4":"has-post-thumbnail","6":"product_brand-brula","7":"product_cat-kaminkrasnis","8":"product_cat-vieglas-krasnis","9":"product_shipping_class-bezmaksas","10":"tm-no-options","12":"first","13":"instock","14":"taxable","15":"shipping-taxable","16":"purchasable","17":"product-type-variable","18":"has-default-attributes"},"acf":[],"_links":{"self":[{"href":"https:\/\/calor.ee\/lv\/wp-json\/wp\/v2\/product\/18145","targetHints":{"allow":["GET"]}}],"collection":[{"href":"https:\/\/calor.ee\/lv\/wp-json\/wp\/v2\/product"}],"about":[{"href":"https:\/\/calor.ee\/lv\/wp-json\/wp\/v2\/types\/product"}],"replies":[{"embeddable":true,"href":"https:\/\/calor.ee\/lv\/wp-json\/wp\/v2\/comments?post=18145"}],"wp:featuredmedia":[{"embeddable":true,"href":"https:\/\/calor.ee\/lv\/wp-json\/wp\/v2\/media\/18154"}],"wp:attachment":[{"href":"https:\/\/calor.ee\/lv\/wp-json\/wp\/v2\/media?parent=18145"}],"wp:term":[{"taxonomy":"product_brand","embeddable":true,"href":"https:\/\/calor.ee\/lv\/wp-json\/wp\/v2\/product_brand?post=18145"},{"taxonomy":"product_cat","embeddable":true,"href":"https:\/\/calor.ee\/lv\/wp-json\/wp\/v2\/product_cat?post=18145"},{"taxonomy":"product_tag","embeddable":true,"href":"https:\/\/calor.ee\/lv\/wp-json\/wp\/v2\/product_tag?post=18145"}],"curies":[{"name":"wp","href":"https:\/\/api.w.org\/{rel}","templated":true}]}}