{"id":18103,"date":"2021-01-21T21:04:01","date_gmt":"2021-01-21T19:04:01","guid":{"rendered":"https:\/\/calor.ee\/kaminkrasns-brula-rondo-mini\/"},"modified":"2025-11-19T13:56:11","modified_gmt":"2025-11-19T11:56:11","slug":"kaminkrasns-brula-rondo-mini","status":"publish","type":"product","link":"https:\/\/calor.ee\/lv\/kaminkrasns-brula-rondo-mini\/","title":{"rendered":"Kam\u012bnkr\u0101sns Brula Rondo Mini"},"content":{"rendered":"<p>Kam\u012bnkr\u0101sns bez \u0101r\u0113j\u0101 apvalka komplekt\u0101 ietilpst kr\u0101sns kurtuve (materi\u0101la biezums 50 mm), elegantas durvis GT-R 300 ST, augstum\u0101 regul\u0113jamu pamatni, \u0161amota l\u012bmi (karstumiztur\u012bba l\u012bdz 1350 \u00b0C), skurste\u0146a piesl\u0113gumu (diametrs 130 mm) no aug\u0161as vai aizmugures. Kam\u012bnkr\u0101sni bez apvalka iesp\u0113jams apdarin\u0101t, piem\u0113ram, ar dab\u012bgo akmeni vai keramiku. <\/p>\n<p>Kam\u012bnkr\u0101sns Brula Rondo Mini ar \u0101r\u0113jo apvalku ietilpst papildus siltumu akumul\u0113jo\u0161\u0101s pl\u0101ksnes, l\u012bmjavu un dab\u012bgo baltu apmetumu (1 mm), ko iesp\u0113jams ton\u0113t p\u0113c J\u016bsu izv\u0113les, lai ieg\u016btu tikpat skaistu rezult\u0101tu, k\u0101 redzams iedvesmas fotogr\u0101fij\u0101s.<\/p>\n","protected":false},"excerpt":{"rendered":"<p>Eleganta un ac\u012bm t\u012bkama dizaina kam\u012bnkr\u0101sns Brula Rondo Mini lieliski iederas jebkur\u0101 interjer\u0101. Kas var b\u016bt pat\u012bkam\u0101ks par dz\u012bvas uguns un m\u0101j\u012bga siltuma baud\u012b\u0161anu p\u0113c garas un notikumiem bag\u0101tas dienas? <\/p>\n<p>Brula Rondo Mini kam\u012bnkr\u0101sns apvieno gan kam\u012bna, gan kr\u0101sns lab\u0101k\u0101s \u012bpa\u0161\u012bbas \u2013 t\u0101 \u0101tri s\u0101k izstarot siltumu un turpina to dar\u012bt vair\u0101kas stundas p\u0113c tam, kad liesma kurtuv\u0113 jau izdzisusi.<\/p>\n<p>\u0160\u012b kam\u012bnkr\u0101sns ir ikviena kr\u0101\u0161\u0146u meistara un m\u0101jas \u012bpa\u0161nieka sapnis. Komplekts bez \u0101r\u0113j\u0101 apvalka tiek samont\u0113ts tikai vienas dienas laik\u0101. <\/p>\n<p>Ar \u0101r\u0113jo apvalku jeb piln\u012bb\u0101 nokomplekt\u0113ta kam\u012bnkr\u0101sns top nedaudz ilg\u0101k, jo papildus tiek uzst\u0101d\u012btas siltumu akumul\u0113jo\u0161\u0101s pl\u0101ksnes un veikta apdare atbilsto\u0161i J\u016bsu v\u0113lm\u0113m. Att\u0113l\u0101 redzam\u0101 kam\u012bnkr\u0101sns ir apmesta ar komplekt\u0101 eso\u0161o dab\u012bgo baltu apmetumu, ta\u010du apdares iesp\u0113ju ir daudz. <\/p>\n","protected":false},"featured_media":18110,"comment_status":"closed","ping_status":"closed","template":"","meta":{"_acf_changed":false},"product_brand":[5521],"product_cat":[3319,5273],"product_tag":[],"class_list":{"0":"post-18103","1":"product","2":"type-product","3":"status-publish","4":"has-post-thumbnail","6":"product_brand-brula","7":"product_cat-kaminkrasnis","8":"product_cat-vieglas-krasnis","9":"product_shipping_class-bezmaksas","10":"tm-no-options","12":"first","13":"instock","14":"taxable","15":"shipping-taxable","16":"purchasable","17":"product-type-variable","18":"has-default-attributes"},"acf":[],"_links":{"self":[{"href":"https:\/\/calor.ee\/lv\/wp-json\/wp\/v2\/product\/18103","targetHints":{"allow":["GET"]}}],"collection":[{"href":"https:\/\/calor.ee\/lv\/wp-json\/wp\/v2\/product"}],"about":[{"href":"https:\/\/calor.ee\/lv\/wp-json\/wp\/v2\/types\/product"}],"replies":[{"embeddable":true,"href":"https:\/\/calor.ee\/lv\/wp-json\/wp\/v2\/comments?post=18103"}],"wp:featuredmedia":[{"embeddable":true,"href":"https:\/\/calor.ee\/lv\/wp-json\/wp\/v2\/media\/18110"}],"wp:attachment":[{"href":"https:\/\/calor.ee\/lv\/wp-json\/wp\/v2\/media?parent=18103"}],"wp:term":[{"taxonomy":"product_brand","embeddable":true,"href":"https:\/\/calor.ee\/lv\/wp-json\/wp\/v2\/product_brand?post=18103"},{"taxonomy":"product_cat","embeddable":true,"href":"https:\/\/calor.ee\/lv\/wp-json\/wp\/v2\/product_cat?post=18103"},{"taxonomy":"product_tag","embeddable":true,"href":"https:\/\/calor.ee\/lv\/wp-json\/wp\/v2\/product_tag?post=18103"}],"curies":[{"name":"wp","href":"https:\/\/api.w.org\/{rel}","templated":true}]}}