{"id":18077,"date":"2025-05-12T11:34:58","date_gmt":"2025-05-12T09:34:58","guid":{"rendered":"https:\/\/calor.ee\/pirts-krasns-aizsargplaksne-sm-global-49x55x8\/"},"modified":"2025-05-12T11:34:58","modified_gmt":"2025-05-12T09:34:58","slug":"pirts-krasns-aizsargplaksne-sm-global-49x55x8","status":"publish","type":"product","link":"https:\/\/calor.ee\/lv\/pirts-krasns-aizsargplaksne-sm-global-49x55x8\/","title":{"rendered":"Pirts kr\u0101sns aizsargpl\u0101ksne SM Global 49x55x8"},"content":{"rendered":"","protected":false},"excerpt":{"rendered":"<p><strong>Pirts kr\u0101sns aizsargpl\u0101ksne SM Global<\/strong> pasarg\u0101 j\u016bsu pirts telpas koka gr\u012bdu vai citu no dego\u0161a materi\u0101la izgatavotu virsmu no karstuma rad\u012btiem boj\u0101jumiem. T\u0101pat ir ieteicams izmantot aizsargpl\u0101ksni ar\u012b gad\u012bjumos, kad zem pirts kr\u0101sns atrodas \u016bdens apsild\u0101m\u0101s gr\u012bdas cauru\u013cvadi. <\/p>\n<p>Uzst\u0101dot pirts kr\u0101sni uz aizsargpl\u0101ksnes, j\u016bsu pirts telpas gr\u012bda ir dro\u0161i pasarg\u0101ta un tiek nodro\u0161in\u0101ta maksim\u0101la dro\u0161\u012bba.<\/p>\n<p>Aizsargpl\u0101ksnes izm\u0113ri ir 49 \u00d7 55 \u00d7 8 cm.<\/p>\n","protected":false},"featured_media":18078,"comment_status":"closed","ping_status":"closed","template":"","meta":{"_acf_changed":false},"product_brand":[5541],"product_cat":[5135],"product_tag":[],"class_list":{"0":"post-18077","1":"product","2":"type-product","3":"status-publish","4":"has-post-thumbnail","6":"product_brand-sm-global","7":"product_cat-pirts-piederumi","8":"product_shipping_class-bezmaksas","9":"tm-no-options","11":"first","12":"instock","13":"sale","14":"taxable","15":"shipping-taxable","16":"purchasable","17":"product-type-simple"},"acf":[],"_links":{"self":[{"href":"https:\/\/calor.ee\/lv\/wp-json\/wp\/v2\/product\/18077","targetHints":{"allow":["GET"]}}],"collection":[{"href":"https:\/\/calor.ee\/lv\/wp-json\/wp\/v2\/product"}],"about":[{"href":"https:\/\/calor.ee\/lv\/wp-json\/wp\/v2\/types\/product"}],"replies":[{"embeddable":true,"href":"https:\/\/calor.ee\/lv\/wp-json\/wp\/v2\/comments?post=18077"}],"wp:featuredmedia":[{"embeddable":true,"href":"https:\/\/calor.ee\/lv\/wp-json\/wp\/v2\/media\/18078"}],"wp:attachment":[{"href":"https:\/\/calor.ee\/lv\/wp-json\/wp\/v2\/media?parent=18077"}],"wp:term":[{"taxonomy":"product_brand","embeddable":true,"href":"https:\/\/calor.ee\/lv\/wp-json\/wp\/v2\/product_brand?post=18077"},{"taxonomy":"product_cat","embeddable":true,"href":"https:\/\/calor.ee\/lv\/wp-json\/wp\/v2\/product_cat?post=18077"},{"taxonomy":"product_tag","embeddable":true,"href":"https:\/\/calor.ee\/lv\/wp-json\/wp\/v2\/product_tag?post=18077"}],"curies":[{"name":"wp","href":"https:\/\/api.w.org\/{rel}","templated":true}]}}