{"id":18061,"date":"2024-02-01T16:07:36","date_gmt":"2024-02-01T14:07:36","guid":{"rendered":"https:\/\/calor.ee\/pirts-krasns-sm-global-hotrock-12-panorama-ar-tvaika-generatoru\/"},"modified":"2024-02-01T16:07:36","modified_gmt":"2024-02-01T14:07:36","slug":"pirts-krasns-sm-global-hotrock-12-panorama-ar-tvaika-generatoru","status":"publish","type":"product","link":"https:\/\/calor.ee\/lv\/pirts-krasns-sm-global-hotrock-12-panorama-ar-tvaika-generatoru\/","title":{"rendered":"Pirts kr\u0101sns SM Global Hotrock 12 Panorama ar tvaika \u0123eneratoru"},"content":{"rendered":"<p>Komplekt\u0101 ietilpst pirts kr\u0101sns ar pagarin\u0101to kurtuvi. Kr\u0101snij nepiecie\u0161ami 60 kg pirts akme\u0146u un piesl\u0113gums skurstenim. <\/p>\n","protected":false},"excerpt":{"rendered":"<p>Stil\u012bg\u0101 <strong>pirts kr\u0101sns SM Global Hotrock 12 Panorama<\/strong> ar tvaika \u0123eneratoru ir lieliski piem\u0113rota 6-12 m\u00b3 lielai pirts telpai. Univers\u0101lais tvaika \u0123enerators \u0161\u0137\u0113rso kr\u0101sns iek\u0161\u0113jo akme\u0146u nodal\u012bjumu, nodro\u0161inot smalku un maigu tvaiku. <\/p>\n<p>\u0160\u012b pirts kr\u0101sns \u0101tri sasniedz v\u0113lamo temperat\u016bru un ilgsto\u0161i saglab\u0101 siltumu. No blakus telpas kurin\u0101m\u0101 pirts kr\u0101sns ar tvaika \u0123eneratoru ietilpina 60 kg pirts akme\u0146u, kas nodro\u0161ina pat\u012bkamu un ilgsto\u0161u garo tvaiku. <\/p>\n<p>Ar tvaika \u0123eneratoru apr\u012bkotajai SM Global Hotrock 12 Panorama pirts kr\u0101snij ir liel\u0101kas durti\u0146as nek\u0101 parasti, kas \u013cauj no blakus telpas baud\u012bt dz\u012bvo uguni un pat\u012bkami pavad\u012bt laiku.<\/p>\n","protected":false},"featured_media":18062,"comment_status":"closed","ping_status":"closed","template":"","meta":{"_acf_changed":false},"product_brand":[5541],"product_cat":[5130],"product_tag":[],"class_list":{"0":"post-18061","1":"product","2":"type-product","3":"status-publish","4":"has-post-thumbnail","6":"product_brand-sm-global","7":"product_cat-malkas-pirts-krasnis","8":"product_shipping_class-bezmaksas","9":"tm-no-options","11":"first","12":"instock","13":"taxable","14":"shipping-taxable","15":"purchasable","16":"product-type-simple"},"acf":[],"_links":{"self":[{"href":"https:\/\/calor.ee\/lv\/wp-json\/wp\/v2\/product\/18061","targetHints":{"allow":["GET"]}}],"collection":[{"href":"https:\/\/calor.ee\/lv\/wp-json\/wp\/v2\/product"}],"about":[{"href":"https:\/\/calor.ee\/lv\/wp-json\/wp\/v2\/types\/product"}],"replies":[{"embeddable":true,"href":"https:\/\/calor.ee\/lv\/wp-json\/wp\/v2\/comments?post=18061"}],"wp:featuredmedia":[{"embeddable":true,"href":"https:\/\/calor.ee\/lv\/wp-json\/wp\/v2\/media\/18062"}],"wp:attachment":[{"href":"https:\/\/calor.ee\/lv\/wp-json\/wp\/v2\/media?parent=18061"}],"wp:term":[{"taxonomy":"product_brand","embeddable":true,"href":"https:\/\/calor.ee\/lv\/wp-json\/wp\/v2\/product_brand?post=18061"},{"taxonomy":"product_cat","embeddable":true,"href":"https:\/\/calor.ee\/lv\/wp-json\/wp\/v2\/product_cat?post=18061"},{"taxonomy":"product_tag","embeddable":true,"href":"https:\/\/calor.ee\/lv\/wp-json\/wp\/v2\/product_tag?post=18061"}],"curies":[{"name":"wp","href":"https:\/\/api.w.org\/{rel}","templated":true}]}}