{"id":18058,"date":"2024-02-01T15:28:59","date_gmt":"2024-02-01T13:28:59","guid":{"rendered":"https:\/\/calor.ee\/skip-to-content-vairak-neka-10-gadu-pieredze-372-5886-6886-calorcalor-ee-lizingsatsauceszimolinoderigikontakti-meklet-lat-teenusedatsauces000-e-krasnisplitiskaminisiltummuripirts-krasnisapk\/"},"modified":"2025-11-14T10:39:30","modified_gmt":"2025-11-14T08:39:30","slug":"skip-to-content-vairak-neka-10-gadu-pieredze-372-5886-6886-calorcalor-ee-lizingsatsauceszimolinoderigikontakti-meklet-lat-teenusedatsauces000-e-krasnisplitiskaminisiltummuripirts-krasnisapk","status":"publish","type":"product","link":"https:\/\/calor.ee\/lv\/skip-to-content-vairak-neka-10-gadu-pieredze-372-5886-6886-calorcalor-ee-lizingsatsauceszimolinoderigikontakti-meklet-lat-teenusedatsauces000-e-krasnisplitiskaminisiltummuripirts-krasnisapk\/","title":{"rendered":"Pirts kr\u0101sns SM Global Hotrock Grid 20 ar tvaika \u0123eneratoru"},"content":{"rendered":"<p>Komplekt\u0101 ietilpst <strong>pirts kr\u0101sns<\/strong> ar pagarin\u0101to kurtuvi. Kr\u0101snij nepiecie\u0161ami 120 kg pirts akme\u0146u un piesl\u0113gums skurstenim. <\/p>\n","protected":false},"excerpt":{"rendered":"<p>Kompakt\u0101 un stil\u012bg\u0101 pirts kr\u0101sns SM Global Hotrock Grid 20 ar tvaika \u0123eneratoru ir lieliski piem\u0113rota 10-20 m\u00b3 lielai pirts telpai. Pirts kr\u0101sn\u012b ir ieb\u016bv\u0113ts iek\u0161\u0113jais akme\u0146u nodal\u012bjums un tvaika \u0123enerators, kas paaugstina pirts pieredzi pavisam jaun\u0101 l\u012bmen\u012b. Ielejot \u016bdeni speci\u0101laj\u0101 nodal\u012bjum\u0101, rodas smalks tvaiks un vienm\u0113r\u012bgi izklied\u0113ts garais tvaiks, kas sag\u0101d\u0101s patiesu prieku \u012bstiem pirts cien\u012bt\u0101jiem.  <\/p>\n<p>\u0160\u012b no blakus telpas kurin\u0101m\u0101 pirts kr\u0101sns, neskatoties uz t\u0101s nelielajiem izm\u0113riem, ietilpina l\u012bdz pat 120 kg pirts akme\u0146u, nodro\u0161inot pat\u012bkamu un ilgsto\u0161u garo tvaiku.<\/p>\n<p>Pirts kr\u0101sns ir apr\u012bkota ar \u0113rtu pelnu kasti ar ner\u016bs\u0113jo\u0161\u0101 t\u0113rauda rokturi. Pelnu kaste \u013cauj regul\u0113t deg\u0161anas intensit\u0101ti. K\u0101 konstrukcijas elements ir izmantota \u010duguna pelnu reste, kas nodro\u0161ina vienm\u0113r\u012bgu deg\u0161anu vis\u0101 kr\u0101sns garum\u0101.  <\/p>\n","protected":false},"featured_media":18055,"comment_status":"closed","ping_status":"closed","template":"","meta":{"_acf_changed":false},"product_brand":[5541],"product_cat":[5130],"product_tag":[],"class_list":{"0":"post-18058","1":"product","2":"type-product","3":"status-publish","4":"has-post-thumbnail","6":"product_brand-sm-global","7":"product_cat-malkas-pirts-krasnis","8":"product_shipping_class-bezmaksas","9":"tm-no-options","11":"first","12":"instock","13":"taxable","14":"shipping-taxable","15":"purchasable","16":"product-type-simple"},"acf":[],"_links":{"self":[{"href":"https:\/\/calor.ee\/lv\/wp-json\/wp\/v2\/product\/18058","targetHints":{"allow":["GET"]}}],"collection":[{"href":"https:\/\/calor.ee\/lv\/wp-json\/wp\/v2\/product"}],"about":[{"href":"https:\/\/calor.ee\/lv\/wp-json\/wp\/v2\/types\/product"}],"replies":[{"embeddable":true,"href":"https:\/\/calor.ee\/lv\/wp-json\/wp\/v2\/comments?post=18058"}],"wp:featuredmedia":[{"embeddable":true,"href":"https:\/\/calor.ee\/lv\/wp-json\/wp\/v2\/media\/18055"}],"wp:attachment":[{"href":"https:\/\/calor.ee\/lv\/wp-json\/wp\/v2\/media?parent=18058"}],"wp:term":[{"taxonomy":"product_brand","embeddable":true,"href":"https:\/\/calor.ee\/lv\/wp-json\/wp\/v2\/product_brand?post=18058"},{"taxonomy":"product_cat","embeddable":true,"href":"https:\/\/calor.ee\/lv\/wp-json\/wp\/v2\/product_cat?post=18058"},{"taxonomy":"product_tag","embeddable":true,"href":"https:\/\/calor.ee\/lv\/wp-json\/wp\/v2\/product_tag?post=18058"}],"curies":[{"name":"wp","href":"https:\/\/api.w.org\/{rel}","templated":true}]}}