{"id":18045,"date":"2024-02-01T12:17:08","date_gmt":"2024-02-01T10:17:08","guid":{"rendered":"https:\/\/calor.ee\/pirts-krasns-sm-global-etna-barrel-18-ar-tvaika-generatoru\/"},"modified":"2024-02-01T12:17:08","modified_gmt":"2024-02-01T10:17:08","slug":"pirts-krasns-sm-global-etna-barrel-18-ar-tvaika-generatoru","status":"publish","type":"product","link":"https:\/\/calor.ee\/lv\/pirts-krasns-sm-global-etna-barrel-18-ar-tvaika-generatoru\/","title":{"rendered":"Pirts kr\u0101sns SM Global Etna Barrel 18 ar tvaika \u0123eneratoru"},"content":{"rendered":"<p>Komplekt\u0101 ietilpst <strong>pirts kr\u0101sns<\/strong> ar pagarin\u0101to kurtuvi. Kr\u0101snij nepiecie\u0161ami 130 kg pirts akme\u0146u un piesl\u0113gums skurstenim. <\/p>\n","protected":false},"excerpt":{"rendered":"<p>Kompakt\u0101, ar tvaika \u0123eneratoru apr\u012bkot\u0101 pirts kr\u0101sns SM Global Etna Barrel 18 ir lieliski piem\u0113rota maz\u0101k\u0101m (10-18 m\u00b3) pirt\u012bm. Univers\u0101lais tvaika \u0123enerators \u0161\u0137\u0113rso kr\u0101sns iek\u0161\u0113jo akme\u0146u nodal\u012bjumu, nodro\u0161inot smalku un maigu tvaiku. Kr\u0101sns iek\u0161\u0113jais akme\u0146u nodal\u012bjums tiek uzkars\u0113ts ar atkl\u0101tu liesmu, lai maksim\u0101li uzsild\u012btu taj\u0101 ievietotos akme\u0146us.  <\/p>\n<p>\u0160\u012b no blakus telpas kurin\u0101m\u0101, ar tvaika \u0123eneratoru apr\u012bkot\u0101 pirts kr\u0101sns sasniedz v\u0113lamo temperat\u016bru \u013coti \u0101tri un saglab\u0101 siltumu ilgu laiku. Par sp\u012bti kompaktajiem izm\u0113riem kr\u0101sn\u012b var ievietot l\u012bdz pat 130 kg pirts akme\u0146u, kas nodro\u0161ina pat\u012bkamu un ilgsto\u0161u garo tvaiku. <\/p>\n<p>Atbilsto\u0161i person\u012bgaj\u0101m v\u0113lm\u0113m SM Global Etna 12 pirts kr\u0101sni var pas\u016bt\u012bt ar durv\u012bm ar vai bez stikla.<\/p>\n","protected":false},"featured_media":18034,"comment_status":"closed","ping_status":"closed","template":"","meta":{"_acf_changed":false},"product_brand":[5541],"product_cat":[5130],"product_tag":[],"class_list":{"0":"post-18045","1":"product","2":"type-product","3":"status-publish","4":"has-post-thumbnail","6":"product_brand-sm-global","7":"product_cat-malkas-pirts-krasnis","8":"product_shipping_class-bezmaksas","9":"tm-no-options","11":"first","12":"instock","13":"taxable","14":"shipping-taxable","15":"purchasable","16":"product-type-variable","17":"has-default-attributes"},"acf":[],"_links":{"self":[{"href":"https:\/\/calor.ee\/lv\/wp-json\/wp\/v2\/product\/18045","targetHints":{"allow":["GET"]}}],"collection":[{"href":"https:\/\/calor.ee\/lv\/wp-json\/wp\/v2\/product"}],"about":[{"href":"https:\/\/calor.ee\/lv\/wp-json\/wp\/v2\/types\/product"}],"replies":[{"embeddable":true,"href":"https:\/\/calor.ee\/lv\/wp-json\/wp\/v2\/comments?post=18045"}],"wp:featuredmedia":[{"embeddable":true,"href":"https:\/\/calor.ee\/lv\/wp-json\/wp\/v2\/media\/18034"}],"wp:attachment":[{"href":"https:\/\/calor.ee\/lv\/wp-json\/wp\/v2\/media?parent=18045"}],"wp:term":[{"taxonomy":"product_brand","embeddable":true,"href":"https:\/\/calor.ee\/lv\/wp-json\/wp\/v2\/product_brand?post=18045"},{"taxonomy":"product_cat","embeddable":true,"href":"https:\/\/calor.ee\/lv\/wp-json\/wp\/v2\/product_cat?post=18045"},{"taxonomy":"product_tag","embeddable":true,"href":"https:\/\/calor.ee\/lv\/wp-json\/wp\/v2\/product_tag?post=18045"}],"curies":[{"name":"wp","href":"https:\/\/api.w.org\/{rel}","templated":true}]}}