{"id":18004,"date":"2024-01-30T10:43:55","date_gmt":"2024-01-30T08:43:55","guid":{"rendered":"https:\/\/calor.ee\/pirts-krasns-sm-global-etna-12-sn\/"},"modified":"2024-01-30T10:43:55","modified_gmt":"2024-01-30T08:43:55","slug":"pirts-krasns-sm-global-etna-12-sn","status":"publish","type":"product","link":"https:\/\/calor.ee\/lv\/pirts-krasns-sm-global-etna-12-sn\/","title":{"rendered":"Pirts kr\u0101sns SM Global Etna 12 SN"},"content":{"rendered":"<p>Komplekt\u0101 ietilpst <strong>pirts kr\u0101sns<\/strong>. Kr\u0101snij nepiecie\u0161ami 80 kg pirts akme\u0146u un piesl\u0113gums skurstenim. <\/p>\n","protected":false},"excerpt":{"rendered":"<p>Kompaktais, stil\u012bgais un pieejamais <strong>pirts kr\u0101sns SM Global Etna 12 SN<\/strong> ir lieliski piem\u0113rots maz\u0101k\u0101m (6-12 m\u00b3) pirt\u012bm.<\/p>\n<p>\u0160\u012b no pirts telpas kurin\u0101m\u0101 kr\u0101sns, neskatoties uz t\u0101s nelielajiem izm\u0113riem, ietilpina l\u012bdz pat 80 kg pirts akme\u0146u, nodro\u0161inot pat\u012bkamu un ilgsto\u0161u garo tvaiku.<\/p>\n<p>Atbilsto\u0161i person\u012bgaj\u0101m v\u0113lm\u0113m SM Global Etna 12 SN pirts kr\u0101sni var pas\u016bt\u012bt ar durv\u012bm ar vai bez stikla.<\/p>\n","protected":false},"featured_media":18005,"comment_status":"closed","ping_status":"closed","template":"","meta":{"_acf_changed":false},"product_brand":[5541],"product_cat":[5130],"product_tag":[],"class_list":{"0":"post-18004","1":"product","2":"type-product","3":"status-publish","4":"has-post-thumbnail","6":"product_brand-sm-global","7":"product_cat-malkas-pirts-krasnis","8":"product_shipping_class-bezmaksas","9":"tm-no-options","11":"first","12":"instock","13":"taxable","14":"shipping-taxable","15":"purchasable","16":"product-type-variable","17":"has-default-attributes"},"acf":[],"_links":{"self":[{"href":"https:\/\/calor.ee\/lv\/wp-json\/wp\/v2\/product\/18004","targetHints":{"allow":["GET"]}}],"collection":[{"href":"https:\/\/calor.ee\/lv\/wp-json\/wp\/v2\/product"}],"about":[{"href":"https:\/\/calor.ee\/lv\/wp-json\/wp\/v2\/types\/product"}],"replies":[{"embeddable":true,"href":"https:\/\/calor.ee\/lv\/wp-json\/wp\/v2\/comments?post=18004"}],"wp:featuredmedia":[{"embeddable":true,"href":"https:\/\/calor.ee\/lv\/wp-json\/wp\/v2\/media\/18005"}],"wp:attachment":[{"href":"https:\/\/calor.ee\/lv\/wp-json\/wp\/v2\/media?parent=18004"}],"wp:term":[{"taxonomy":"product_brand","embeddable":true,"href":"https:\/\/calor.ee\/lv\/wp-json\/wp\/v2\/product_brand?post=18004"},{"taxonomy":"product_cat","embeddable":true,"href":"https:\/\/calor.ee\/lv\/wp-json\/wp\/v2\/product_cat?post=18004"},{"taxonomy":"product_tag","embeddable":true,"href":"https:\/\/calor.ee\/lv\/wp-json\/wp\/v2\/product_tag?post=18004"}],"curies":[{"name":"wp","href":"https:\/\/api.w.org\/{rel}","templated":true}]}}