{"id":17952,"date":"2023-05-16T09:27:14","date_gmt":"2023-05-16T07:27:14","guid":{"rendered":"https:\/\/calor.ee\/cuguna-pirts-krasns-summit-open-ar-akmenu-grozu\/"},"modified":"2023-05-16T09:27:14","modified_gmt":"2023-05-16T07:27:14","slug":"cuguna-pirts-krasns-summit-open-ar-akmenu-grozu","status":"publish","type":"product","link":"https:\/\/calor.ee\/lv\/cuguna-pirts-krasns-summit-open-ar-akmenu-grozu\/","title":{"rendered":"\u010cuguna pirts kr\u0101sns Summit Open ar akme\u0146u grozu"},"content":{"rendered":"<p>&nbsp;<\/p>\n<p>Komplekt\u0101 ietilpst <strong>\u010duguna pirts kr\u0101sns<\/strong> (kr\u0101sns pamats, s\u0101nu sienas, restes, gaisa kan\u0101ls, liesmas sl\u0101p\u0113t\u0101js, akme\u0146u grozs, kr\u0101sns durti\u0146as ar pagarin\u0101tu kurtuvi), <strong>t\u0113rauda akme\u0146u grozs<\/strong>, karstumiztur\u012bgs herm\u0113ti\u0137is, v\u012btnes stie\u0146i ar uzgrie\u017e\u0146iem un papl\u0101ksn\u0113m.<\/p>\n<p> <\/p>\n<p>\u010cuguna pirts kr\u0101snij ir 5 gadu ra\u017eot\u0101ja garantija (t\u0113rauda akme\u0146u grozam &#8211; 2 gadi), ta\u010du t\u0101s re\u0101lais kalpo\u0161anas laiks ir pat l\u012bdz 30 gadiem vai ilg\u0101k, jo \u010duguna elementiem nav metin\u0101juma vietu, kr\u0101sns sienu biezums ir 10\u201312 mm, un tai ir divk\u0101r\u0161a sadeg\u0161anas kamera. \u010cuguna pirts kr\u0101sns tiek ra\u017eota Lietuvas r\u016bpn\u012bc\u0101, kurai ir vair\u0101k nek\u0101 60 gadu pieredze \u010duguna lie\u0161anas jom\u0101 un kur tiek nodro\u0161in\u0101ta augsta kvalit\u0101tes kontrole l\u012bdz pat gatavam produktam. <\/p>\n<p>Par Summit \u010duguna pirts kr\u0101\u0161\u0146u pat\u012bkamo un ilgsto\u0161o tvaiku, k\u0101 ar\u012b pirts ritu\u0101liem, lielisku priek\u0161statu sniedz n\u0101kamais video. Video ir ilustrat\u012bvs &#8211; taj\u0101 redzama Summit Extended \u010duguna pirts kr\u0101sns ar akme\u0146u grozu. <\/p>\n<p><iframe loading=\"lazy\" title=\"Will Summit survive of 9 people sauna procedures\" width=\"1020\" height=\"574\" src=\"https:\/\/www.youtube.com\/embed\/7Pt7APPVeBQ?feature=oembed\" frameborder=\"0\" allow=\"accelerometer; autoplay; clipboard-write; encrypted-media; gyroscope; picture-in-picture; web-share\" referrerpolicy=\"strict-origin-when-cross-origin\" allowfullscreen><\/iframe><\/p>\n","protected":false},"excerpt":{"rendered":"<p>Summit Open ir unik\u0101la \u010duguna pirts kr\u0101sns ar t\u0113rauda akme\u0146u grozu, kas \u013cauj sasniegt 60\/60 mitruma un temperat\u016bras attiec\u012bbu, ko citas kr\u0101snis nesp\u0113j nodro\u0161in\u0101t. \u0160\u012b \u010duguna kr\u0101sns ir ide\u0101li piem\u0113rota tiem, kas neizbauda p\u0101r\u0101k karstu tvaiku vai dego\u0161us l\u0101vas d\u0113\u013cus. T\u0101 liek uz pirts ritu\u0101lu raudz\u012bties pavisam cit\u0101di un sniedz iesp\u0113ju to izbaud\u012bt piln\u012bgi jaun\u0101 veid\u0101 \u2014 kad reiz b\u016bsit sajutu\u0161i \u0161\u012bs kr\u0101sns maigo un mitro tvaiku, b\u016bs gr\u016bti atgriezties pie ierast\u0101s pirts pieredzes.  <\/p>\n<p><strong>\u010cuguna pirts kr\u0101sns Summit Open ar akme\u0146u grozu<\/strong> sver 2-3 reizes vair\u0101k nek\u0101 parasta kr\u0101sns, un pateicoties izmantotajam materi\u0101lam un lielajam svaram, t\u0101 ir iev\u0113rojams siltuma akumulators, kas nodro\u0161ina ilgsto\u0161u tvaiku un p\u0113c pirts apmekl\u0113juma ar\u012b iz\u017e\u0101v\u0113 tvaika telpu. Kr\u0101sns aug\u0161pus\u0113 atrodas mas\u012bvs akme\u0146u grozs, kas rada maigi izklied\u0113tu tvaiku un uztur siltumu \u013coti ilgu laiku. <\/p>\n<p>Ar \u0161o \u010duguna pirts kr\u0101sni pirts ir gatava lieto\u0161anai tikai p\u0113c 1-1,5 stund\u0101m, un malkas pat\u0113ri\u0146\u0161 ir minim\u0101ls. B\u016bt\u012bb\u0101 pietiek ar vienu kl\u0113pi malkas, bet, ja pirts ritu\u0101ls ieilgst, da\u017eas papildu pagal\u012btes b\u016bs piln\u012bgi pietiekamas. <\/p>\n<p>\u0160\u012b no blakus telpas kurin\u0101m\u0101 \u010duguna pirts kr\u0101sns ir lieliski piem\u0113rota 18-25 m\u00b3 liel\u0101m pirt\u012bm.<\/p>\n","protected":false},"featured_media":17953,"comment_status":"closed","ping_status":"closed","template":"","meta":{"_acf_changed":false},"product_brand":[5538],"product_cat":[5130],"product_tag":[],"class_list":{"0":"post-17952","1":"product","2":"type-product","3":"status-publish","4":"has-post-thumbnail","6":"product_brand-summit","7":"product_cat-malkas-pirts-krasnis","8":"product_shipping_class-bezmaksas","9":"tm-no-options","11":"first","12":"instock","13":"sale","14":"taxable","15":"shipping-taxable","16":"purchasable","17":"product-type-simple"},"acf":[],"_links":{"self":[{"href":"https:\/\/calor.ee\/lv\/wp-json\/wp\/v2\/product\/17952","targetHints":{"allow":["GET"]}}],"collection":[{"href":"https:\/\/calor.ee\/lv\/wp-json\/wp\/v2\/product"}],"about":[{"href":"https:\/\/calor.ee\/lv\/wp-json\/wp\/v2\/types\/product"}],"replies":[{"embeddable":true,"href":"https:\/\/calor.ee\/lv\/wp-json\/wp\/v2\/comments?post=17952"}],"wp:featuredmedia":[{"embeddable":true,"href":"https:\/\/calor.ee\/lv\/wp-json\/wp\/v2\/media\/17953"}],"wp:attachment":[{"href":"https:\/\/calor.ee\/lv\/wp-json\/wp\/v2\/media?parent=17952"}],"wp:term":[{"taxonomy":"product_brand","embeddable":true,"href":"https:\/\/calor.ee\/lv\/wp-json\/wp\/v2\/product_brand?post=17952"},{"taxonomy":"product_cat","embeddable":true,"href":"https:\/\/calor.ee\/lv\/wp-json\/wp\/v2\/product_cat?post=17952"},{"taxonomy":"product_tag","embeddable":true,"href":"https:\/\/calor.ee\/lv\/wp-json\/wp\/v2\/product_tag?post=17952"}],"curies":[{"name":"wp","href":"https:\/\/api.w.org\/{rel}","templated":true}]}}