{"id":17934,"date":"2021-11-15T14:14:58","date_gmt":"2021-11-15T12:14:58","guid":{"rendered":"https:\/\/calor.ee\/malkas-pirts-krasns-skamet-p-11640-ar-40l-udens-tvertni\/"},"modified":"2021-11-15T14:14:58","modified_gmt":"2021-11-15T12:14:58","slug":"malkas-pirts-krasns-skamet-p-11640-ar-40l-udens-tvertni","status":"publish","type":"product","link":"https:\/\/calor.ee\/lv\/malkas-pirts-krasns-skamet-p-11640-ar-40l-udens-tvertni\/","title":{"rendered":"Malkas pirts kr\u0101sns Skamet P-11640 ar 40L \u016bdens tvertni"},"content":{"rendered":"<p>Komplekt\u0101 ietilpst <strong>malkas pirts kr\u0101sns ar \u016bdens tvertni<\/strong>. Kr\u0101snij nepiecie\u0161ami 40 kg pirts akme\u0146u un piesl\u0113gums skurstenim (piesl\u0113gums no aug\u0161as). <\/p>\n<p>Skamet sav\u0101m malkas pirts kr\u0101sn\u012bm iesaka visbie\u017e\u0101k izmantotos gabro-diab\u0101za pirts akme\u0146us, kas \u0101tri uzkr\u0101j siltumu, bet atdod to pak\u0101peniski. Tie\u0161i \u0161\u0101dus akme\u0146us m\u0113s pieg\u0101d\u0101jam kop\u0101 ar kr\u0101sni, ja izv\u0113laties pas\u016bt\u012bt ar\u012b pirts akme\u0146us. <\/p>\n","protected":false},"excerpt":{"rendered":"<p>No pirts telpas kurin\u0101m\u0101, ar met\u0101la apvalku apr\u012bkot\u0101 malkas pirts kr\u0101sns Skamet P-11640 ir apr\u012bkota ar 40 litru ner\u016bs\u0113jo\u0161\u0101 t\u0113rauda \u016bdens tvertni, kas var atrasties gan kreisaj\u0101, gan labaj\u0101 pus\u0113 atbilsto\u0161i j\u016bsu v\u0113lm\u0113m. \u0160\u012b pirts kr\u0101sns ir lieliski piem\u0113rota 8\u201318 m\u00b3 liel\u0101m pirt\u012bm.<\/p>\n<p>Atbilsto\u0161i person\u012bgaj\u0101m v\u0113lm\u0113m malkas pirts kr\u0101sni var pas\u016bt\u012bt ar durv\u012bm, kas atveras pa kreisi vai pa labi, un t\u0101s var b\u016bt ar vai bez stikla.<\/p>\n","protected":false},"featured_media":17935,"comment_status":"closed","ping_status":"closed","template":"","meta":{"_acf_changed":false},"product_brand":[5530],"product_cat":[5130],"product_tag":[5147],"class_list":{"0":"post-17934","1":"product","2":"type-product","3":"status-publish","4":"has-post-thumbnail","6":"product_brand-skamet","7":"product_cat-malkas-pirts-krasnis","8":"product_tag-skamet-pirts-krasnis","9":"product_shipping_class-skamet","10":"tm-has-options","12":"first","13":"instock","14":"taxable","15":"shipping-taxable","16":"purchasable","17":"product-type-simple"},"acf":[],"_links":{"self":[{"href":"https:\/\/calor.ee\/lv\/wp-json\/wp\/v2\/product\/17934","targetHints":{"allow":["GET"]}}],"collection":[{"href":"https:\/\/calor.ee\/lv\/wp-json\/wp\/v2\/product"}],"about":[{"href":"https:\/\/calor.ee\/lv\/wp-json\/wp\/v2\/types\/product"}],"replies":[{"embeddable":true,"href":"https:\/\/calor.ee\/lv\/wp-json\/wp\/v2\/comments?post=17934"}],"wp:featuredmedia":[{"embeddable":true,"href":"https:\/\/calor.ee\/lv\/wp-json\/wp\/v2\/media\/17935"}],"wp:attachment":[{"href":"https:\/\/calor.ee\/lv\/wp-json\/wp\/v2\/media?parent=17934"}],"wp:term":[{"taxonomy":"product_brand","embeddable":true,"href":"https:\/\/calor.ee\/lv\/wp-json\/wp\/v2\/product_brand?post=17934"},{"taxonomy":"product_cat","embeddable":true,"href":"https:\/\/calor.ee\/lv\/wp-json\/wp\/v2\/product_cat?post=17934"},{"taxonomy":"product_tag","embeddable":true,"href":"https:\/\/calor.ee\/lv\/wp-json\/wp\/v2\/product_tag?post=17934"}],"curies":[{"name":"wp","href":"https:\/\/api.w.org\/{rel}","templated":true}]}}