{"id":17931,"date":"2021-11-16T10:04:50","date_gmt":"2021-11-16T08:04:50","guid":{"rendered":"https:\/\/calor.ee\/malkas-pirts-krasns-skamet-sty-216-gl\/"},"modified":"2021-11-16T10:04:50","modified_gmt":"2021-11-16T08:04:50","slug":"malkas-pirts-krasns-skamet-sty-216-gl","status":"publish","type":"product","link":"https:\/\/calor.ee\/lv\/malkas-pirts-krasns-skamet-sty-216-gl\/","title":{"rendered":"Malkas pirts kr\u0101sns Skamet STY-216 GL"},"content":{"rendered":"<p>Komplekt\u0101 ietilpst <strong>malkas pirts kr\u0101sns<\/strong>. Kr\u0101snij nepiecie\u0161ami 140 kg pirts akme\u0146u un piesl\u0113gums skurstenim (piesl\u0113gums no aug\u0161as). <\/p>\n<p>Skamet sav\u0101m malkas pirts kr\u0101sn\u012bm iesaka visbie\u017e\u0101k izmantotos gabro-diab\u0101za pirts akme\u0146us, kas \u0101tri uzkr\u0101j siltumu, bet atdod to pak\u0101peniski. Tie\u0161i \u0161\u0101dus akme\u0146us m\u0113s pieg\u0101d\u0101jam kop\u0101 ar kr\u0101sni, ja izv\u0113laties pas\u016bt\u012bt ar\u012b pirts akme\u0146us. <\/p>\n","protected":false},"excerpt":{"rendered":"<p>Skamet STY-216 GL ir ar rok\u0101m izgatavota augstas efektivit\u0101tes malkas pirts kr\u0101sns. Augsto efektivit\u0101ti nodro\u0161ina kr\u0101sns ieb\u016bv\u0113tais d\u016bmkan\u0101ls, kas ne\u013cauj karstumam nekav\u0113joties izpl\u016bst no kr\u0101sns. D\u016bmkan\u0101ls saglab\u0101 siltumu p\u0113c iesp\u0113jas ilg\u0101k, pirms tas caur d\u016bmvadu tiek novad\u012bts skursten\u012b. Ja minim\u0101l\u0101 efektivit\u0101te malkas pirts kr\u0101sn\u012bm Eiropas Savien\u012bb\u0101 ir noteikta 50%, tad \u0161\u012bs kr\u0101sns efektivit\u0101tes r\u0101d\u012bt\u0101js p\u0101rsniedz 70%.   <\/p>\n<p>\u0160\u012b no blakus telpas kurin\u0101m\u0101, ar apa\u013cu re\u017e\u0123a korpusu un liel\u0101m durv\u012bm apr\u012bkot\u0101 malkas pirts kr\u0101sns ir lieliski piem\u0113rota 8-18 m\u00b3 liel\u0101m pirt\u012bm.<\/p>\n<p><strong>Malkas pirts kr\u0101sn Skamet STY-216 GL<\/strong> var ievietot 140 kg pirts akme\u0146u, kas nodro\u0161ina pat\u012bkamu un ilgsto\u0161u garo tvaiku.<\/p>\n<p>Atbilsto\u0161i person\u012bgaj\u0101m v\u0113lm\u0113m malkas pirts kr\u0101sni var pas\u016bt\u012bt ar durv\u012bm, kas atveras pa kreisi vai pa labi. T\u0101pat ir iesp\u0113jams izv\u0113l\u0113ties kr\u0101sns modeli ar \u016bdens apvalku, lai to piesl\u0113gtu boilerim. <\/p>\n","protected":false},"featured_media":17932,"comment_status":"closed","ping_status":"closed","template":"","meta":{"_acf_changed":false},"product_brand":[5530],"product_cat":[5130],"product_tag":[5147],"class_list":{"0":"post-17931","1":"product","2":"type-product","3":"status-publish","4":"has-post-thumbnail","6":"product_brand-skamet","7":"product_cat-malkas-pirts-krasnis","8":"product_tag-skamet-pirts-krasnis","9":"product_shipping_class-skamet","10":"tm-has-options","12":"first","13":"instock","14":"taxable","15":"shipping-taxable","16":"purchasable","17":"product-type-simple"},"acf":[],"_links":{"self":[{"href":"https:\/\/calor.ee\/lv\/wp-json\/wp\/v2\/product\/17931","targetHints":{"allow":["GET"]}}],"collection":[{"href":"https:\/\/calor.ee\/lv\/wp-json\/wp\/v2\/product"}],"about":[{"href":"https:\/\/calor.ee\/lv\/wp-json\/wp\/v2\/types\/product"}],"replies":[{"embeddable":true,"href":"https:\/\/calor.ee\/lv\/wp-json\/wp\/v2\/comments?post=17931"}],"wp:featuredmedia":[{"embeddable":true,"href":"https:\/\/calor.ee\/lv\/wp-json\/wp\/v2\/media\/17932"}],"wp:attachment":[{"href":"https:\/\/calor.ee\/lv\/wp-json\/wp\/v2\/media?parent=17931"}],"wp:term":[{"taxonomy":"product_brand","embeddable":true,"href":"https:\/\/calor.ee\/lv\/wp-json\/wp\/v2\/product_brand?post=17931"},{"taxonomy":"product_cat","embeddable":true,"href":"https:\/\/calor.ee\/lv\/wp-json\/wp\/v2\/product_cat?post=17931"},{"taxonomy":"product_tag","embeddable":true,"href":"https:\/\/calor.ee\/lv\/wp-json\/wp\/v2\/product_tag?post=17931"}],"curies":[{"name":"wp","href":"https:\/\/api.w.org\/{rel}","templated":true}]}}