{"id":17918,"date":"2021-10-18T14:53:23","date_gmt":"2021-10-18T12:53:23","guid":{"rendered":"https:\/\/calor.ee\/malkas-pirts-krasns-skamet-p-116\/"},"modified":"2021-10-18T14:53:23","modified_gmt":"2021-10-18T12:53:23","slug":"malkas-pirts-krasns-skamet-p-116","status":"publish","type":"product","link":"https:\/\/calor.ee\/lv\/malkas-pirts-krasns-skamet-p-116\/","title":{"rendered":"Malkas pirts kr\u0101sns Skamet P-116"},"content":{"rendered":"<p>Komplekt\u0101 ietilpst malkas pirts kr\u0101sns. Kr\u0101snij nepiecie\u0161ami 40 kg pirts akme\u0146u un piesl\u0113gums skurstenim (piesl\u0113gums no aug\u0161as). <\/p>\n<p>Skamet sav\u0101m malkas pirts kr\u0101sn\u012bm iesaka visbie\u017e\u0101k izmantotos gabro-diab\u0101za pirts akme\u0146us, kas \u0101tri uzkr\u0101j siltumu, bet atdod to pak\u0101peniski. Tie\u0161i \u0161\u0101dus akme\u0146us m\u0113s pieg\u0101d\u0101jam kop\u0101 ar kr\u0101sni, ja izv\u0113laties pas\u016bt\u012bt ar\u012b pirts akme\u0146us. <\/p>\n","protected":false},"excerpt":{"rendered":"<p>\u0160\u012b no pirts telpas kurin\u0101m\u0101, ar met\u0101la korpusu apr\u012bkot\u0101 malkas pirts kr\u0101sns Skamet P-116 ir lieliski piem\u0113rota 8-18 m\u00b3 liel\u0101m pirt\u012bm<\/p>\n<p>Atbilsto\u0161i person\u012bgaj\u0101m v\u0113lm\u0113m malkas pirts kr\u0101sni var pas\u016bt\u012bt ar durv\u012bm, kas atveras pa kreisi vai pa labi, un t\u0101s var b\u016bt ar vai bez stikla. T\u0101pat ir iesp\u0113jams izv\u0113l\u0113ties kr\u0101sns modeli ar \u016bdens apvalku, lai to piesl\u0113gtu boilerim. <\/p>\n","protected":false},"featured_media":17919,"comment_status":"closed","ping_status":"closed","template":"","meta":{"_acf_changed":false},"product_brand":[5530],"product_cat":[5130],"product_tag":[5147],"class_list":{"0":"post-17918","1":"product","2":"type-product","3":"status-publish","4":"has-post-thumbnail","6":"product_brand-skamet","7":"product_cat-malkas-pirts-krasnis","8":"product_tag-skamet-pirts-krasnis","9":"product_shipping_class-skamet","10":"tm-has-options","12":"first","13":"instock","14":"taxable","15":"shipping-taxable","16":"purchasable","17":"product-type-simple"},"acf":[],"_links":{"self":[{"href":"https:\/\/calor.ee\/lv\/wp-json\/wp\/v2\/product\/17918","targetHints":{"allow":["GET"]}}],"collection":[{"href":"https:\/\/calor.ee\/lv\/wp-json\/wp\/v2\/product"}],"about":[{"href":"https:\/\/calor.ee\/lv\/wp-json\/wp\/v2\/types\/product"}],"replies":[{"embeddable":true,"href":"https:\/\/calor.ee\/lv\/wp-json\/wp\/v2\/comments?post=17918"}],"wp:featuredmedia":[{"embeddable":true,"href":"https:\/\/calor.ee\/lv\/wp-json\/wp\/v2\/media\/17919"}],"wp:attachment":[{"href":"https:\/\/calor.ee\/lv\/wp-json\/wp\/v2\/media?parent=17918"}],"wp:term":[{"taxonomy":"product_brand","embeddable":true,"href":"https:\/\/calor.ee\/lv\/wp-json\/wp\/v2\/product_brand?post=17918"},{"taxonomy":"product_cat","embeddable":true,"href":"https:\/\/calor.ee\/lv\/wp-json\/wp\/v2\/product_cat?post=17918"},{"taxonomy":"product_tag","embeddable":true,"href":"https:\/\/calor.ee\/lv\/wp-json\/wp\/v2\/product_tag?post=17918"}],"curies":[{"name":"wp","href":"https:\/\/api.w.org\/{rel}","templated":true}]}}