{"id":17914,"date":"2021-10-12T15:35:35","date_gmt":"2021-10-12T13:35:35","guid":{"rendered":"https:\/\/calor.ee\/malkas-pirts-krasns-skamet-ps-110-gl\/"},"modified":"2025-11-10T16:29:22","modified_gmt":"2025-11-10T14:29:22","slug":"malkas-pirts-krasns-skamet-ps-110-gl","status":"publish","type":"product","link":"https:\/\/calor.ee\/lv\/malkas-pirts-krasns-skamet-ps-110-gl\/","title":{"rendered":"Malkas pirts kr\u0101sns Skamet PS-110 GL"},"content":{"rendered":"<p>Komplekt\u0101 ietilpst <strong>malkas pirts kr\u0101sns<\/strong>. Kr\u0101snij nepiecie\u0161ami 20 kg pirts akme\u0146u un piesl\u0113gums skurstenim (piesl\u0113gums no aug\u0161as). <\/p>\n<p>Skamet sav\u0101m malkas pirts kr\u0101sn\u012bm iesaka visbie\u017e\u0101k izmantotos gabro-diab\u0101za pirts akme\u0146us, kas \u0101tri uzkr\u0101j siltumu, bet atdod to pak\u0101peniski. Tie\u0161i \u0161\u0101dus akme\u0146us m\u0113s pieg\u0101d\u0101jam kop\u0101 ar kr\u0101sni, ja izv\u0113laties pas\u016bt\u012bt ar\u012b pirts akme\u0146us. <\/p>\n","protected":false},"excerpt":{"rendered":"<p>\u0160\u012b ar met\u0101la korpusu apr\u012bkot\u0101, rok\u0101m izgatavot\u0101 malkas pirts kr\u0101sns Skamet PS-110 GL ir paredz\u0113ta maz\u0101k\u0101m pirts telp\u0101m un kublu apsild\u012b\u0161anai. Pirts kr\u0101sns ir apr\u012bkota ar dubult\u0101m sien\u0101m tr\u012bs pus\u0113s (s\u0101nos un aizmugur\u0113), kas samazina minim\u0101lo dro\u0161\u012bbas att\u0101lumu l\u012bdz pat uz pusi sal\u012bdzin\u0101jum\u0101 ar cit\u0101m Skamet P un S s\u0113rijas pirts kr\u0101sn\u012bm. <\/p>\n<p>\u0160\u012b no pirts telpas kurin\u0101m\u0101, ar met\u0101la korpusu apr\u012bkot\u0101 malkas pirts kr\u0101sns ir lieliski piem\u0113rota 5\u201312 m\u00b3 liel\u0101m pirt\u012bm.<\/p>\n<p>Atbilsto\u0161i person\u012bgaj\u0101m v\u0113lm\u0113m malkas pirts kr\u0101sni var pas\u016bt\u012bt ar stikla durv\u012bm, kas atveras pa kreisi vai pa labi.<\/p>\n","protected":false},"featured_media":17915,"comment_status":"closed","ping_status":"closed","template":"","meta":{"_acf_changed":false},"product_brand":[5530],"product_cat":[5130],"product_tag":[5147],"class_list":{"0":"post-17914","1":"product","2":"type-product","3":"status-publish","4":"has-post-thumbnail","6":"product_brand-skamet","7":"product_cat-malkas-pirts-krasnis","8":"product_tag-skamet-pirts-krasnis","9":"product_shipping_class-skamet","10":"tm-has-options","12":"first","13":"instock","14":"taxable","15":"shipping-taxable","16":"purchasable","17":"product-type-simple"},"acf":[],"_links":{"self":[{"href":"https:\/\/calor.ee\/lv\/wp-json\/wp\/v2\/product\/17914","targetHints":{"allow":["GET"]}}],"collection":[{"href":"https:\/\/calor.ee\/lv\/wp-json\/wp\/v2\/product"}],"about":[{"href":"https:\/\/calor.ee\/lv\/wp-json\/wp\/v2\/types\/product"}],"replies":[{"embeddable":true,"href":"https:\/\/calor.ee\/lv\/wp-json\/wp\/v2\/comments?post=17914"}],"wp:featuredmedia":[{"embeddable":true,"href":"https:\/\/calor.ee\/lv\/wp-json\/wp\/v2\/media\/17915"}],"wp:attachment":[{"href":"https:\/\/calor.ee\/lv\/wp-json\/wp\/v2\/media?parent=17914"}],"wp:term":[{"taxonomy":"product_brand","embeddable":true,"href":"https:\/\/calor.ee\/lv\/wp-json\/wp\/v2\/product_brand?post=17914"},{"taxonomy":"product_cat","embeddable":true,"href":"https:\/\/calor.ee\/lv\/wp-json\/wp\/v2\/product_cat?post=17914"},{"taxonomy":"product_tag","embeddable":true,"href":"https:\/\/calor.ee\/lv\/wp-json\/wp\/v2\/product_tag?post=17914"}],"curies":[{"name":"wp","href":"https:\/\/api.w.org\/{rel}","templated":true}]}}