{"id":17893,"date":"2021-07-27T12:44:03","date_gmt":"2021-07-27T10:44:03","guid":{"rendered":"https:\/\/calor.ee\/ugunskura-vieta-cozy-fire\/"},"modified":"2021-07-27T12:44:03","modified_gmt":"2021-07-27T10:44:03","slug":"ugunskura-vieta-cozy-fire","status":"publish","type":"product","link":"https:\/\/calor.ee\/lv\/ugunskura-vieta-cozy-fire\/","title":{"rendered":"Ugunskura vieta COZY FIRE"},"content":{"rendered":"<p>Komplekt\u0101 ietilpst ugunskura vieta, kas paredz\u0113ta koksnes kurin\u0101\u0161anai. Ugunskura vietai nepiecie\u0161ami 60-100 kilogrami (atkar\u012bb\u0101 no izm\u0113ra) akme\u0146u ar diametru l\u012bdz 9 cm. <\/p>\n","protected":false},"excerpt":{"rendered":"<p>Noteikti daudziem ir paz\u012bstama situ\u0101cija, kad, atrodoties p\u0101r\u0101k tuvu ugunskuram, k\u013c\u016bst neizturami karsti, bet, atk\u0101pjoties t\u0101l\u0101k, k\u013c\u016bst nepat\u012bkami v\u0113si. <strong>Ugunskura vieta COZY FIRE<\/strong> \u013cauj \u0113rti atrasties pavarda tuvum\u0101, jo starp iek\u0161\u0113jo un \u0101r\u0113jo re\u017e\u0123i atrodas akme\u0146i. Akme\u0146i pasarg\u0101 no karst\u0101s liesmas, vienlaikus izstarojot pat\u012bkamu siltumu. <\/p>\n<p>\u0160\u012b ugunskura vieta ir lieliski piem\u0113rota ar\u012b lieto\u0161anai ziemas vakaros, jo starp akme\u0146iem redzam\u0101 mirgojo\u0161\u0101 liesma rada \u012bpa\u0161i svin\u012bgu noska\u0146u. COZY FIRE ugunskura vieta tum\u0161\u0101 nakt\u012b izskat\u0101s tik skaisti, ka pat Vecgada vakar\u0101 nerodas v\u0113lme laist sal\u016btus \u2013 pietiek vienk\u0101r\u0161i baud\u012bt liesmu rota\u013cas, ko pied\u0101v\u0101 \u0161is ugunskura pavards. <\/p>\n<p>\u0160\u012b unik\u0101l\u0101 ugunskura vieta \u013cauj baud\u012bt dz\u012bvu uguni vai gril\u0113t jebkur\u0101 gadalaik\u0101!<\/p>\n","protected":false},"featured_media":17894,"comment_status":"closed","ping_status":"closed","template":"","meta":{"_acf_changed":false},"product_brand":[5529],"product_cat":[5145],"product_tag":[],"class_list":{"0":"post-17893","1":"product","2":"type-product","3":"status-publish","4":"has-post-thumbnail","6":"product_brand-cozy","7":"product_cat-ugunskura-vietas","8":"tm-no-options","10":"first","11":"instock","12":"taxable","13":"shipping-taxable","14":"purchasable","15":"product-type-simple"},"acf":[],"_links":{"self":[{"href":"https:\/\/calor.ee\/lv\/wp-json\/wp\/v2\/product\/17893","targetHints":{"allow":["GET"]}}],"collection":[{"href":"https:\/\/calor.ee\/lv\/wp-json\/wp\/v2\/product"}],"about":[{"href":"https:\/\/calor.ee\/lv\/wp-json\/wp\/v2\/types\/product"}],"replies":[{"embeddable":true,"href":"https:\/\/calor.ee\/lv\/wp-json\/wp\/v2\/comments?post=17893"}],"wp:featuredmedia":[{"embeddable":true,"href":"https:\/\/calor.ee\/lv\/wp-json\/wp\/v2\/media\/17894"}],"wp:attachment":[{"href":"https:\/\/calor.ee\/lv\/wp-json\/wp\/v2\/media?parent=17893"}],"wp:term":[{"taxonomy":"product_brand","embeddable":true,"href":"https:\/\/calor.ee\/lv\/wp-json\/wp\/v2\/product_brand?post=17893"},{"taxonomy":"product_cat","embeddable":true,"href":"https:\/\/calor.ee\/lv\/wp-json\/wp\/v2\/product_cat?post=17893"},{"taxonomy":"product_tag","embeddable":true,"href":"https:\/\/calor.ee\/lv\/wp-json\/wp\/v2\/product_tag?post=17893"}],"curies":[{"name":"wp","href":"https:\/\/api.w.org\/{rel}","templated":true}]}}