{"id":17866,"date":"2024-01-25T15:04:13","date_gmt":"2024-01-25T13:04:13","guid":{"rendered":"https:\/\/calor.ee\/rezgis-akmeniem-cozy-o-malkas-pirts-krasnij-50-cm\/"},"modified":"2025-11-19T16:12:25","modified_gmt":"2025-11-19T14:12:25","slug":"rezgis-akmeniem-cozy-o-malkas-pirts-krasnij-50-cm","status":"publish","type":"product","link":"https:\/\/calor.ee\/lv\/rezgis-akmeniem-cozy-o-malkas-pirts-krasnij-50-cm\/","title":{"rendered":"Re\u017e\u0123is akme\u0146iem COZY O malkas pirts kr\u0101snij 50 cm"},"content":{"rendered":"","protected":false},"excerpt":{"rendered":"<p>Re\u017e\u0123is akme\u0146iem ir piem\u0113rots COZY 12, COZY 12 O, COZY 12 TW, COZY 12 O-TW, COZY 18, COZY 18 O, COZY 18 TW ja COZY 18 O-TW malkas pirts kr\u0101sn\u012bm. Re\u017e\u0123is tiek uzst\u0101d\u012bts ap d\u016bmvadu virs kr\u0101sns, un, to izmantojot, siltums, kas izdal\u0101s no d\u016bmvada, uzkr\u0101jas pirts akme\u0146os. <\/p>\n<p>Re\u017e\u0123im akme\u0146iem ir nepiecie\u0161ami papildu pirts akme\u0146i.<\/p>\n","protected":false},"featured_media":17868,"comment_status":"closed","ping_status":"closed","template":"","meta":{"_acf_changed":false},"product_brand":[5529],"product_cat":[5135],"product_tag":[],"class_list":{"0":"post-17866","1":"product","2":"type-product","3":"status-publish","4":"has-post-thumbnail","6":"product_brand-cozy","7":"product_cat-pirts-piederumi","8":"product_shipping_class-cozy","9":"tm-no-options","11":"first","12":"instock","13":"taxable","14":"shipping-taxable","15":"purchasable","16":"product-type-simple"},"acf":[],"_links":{"self":[{"href":"https:\/\/calor.ee\/lv\/wp-json\/wp\/v2\/product\/17866","targetHints":{"allow":["GET"]}}],"collection":[{"href":"https:\/\/calor.ee\/lv\/wp-json\/wp\/v2\/product"}],"about":[{"href":"https:\/\/calor.ee\/lv\/wp-json\/wp\/v2\/types\/product"}],"replies":[{"embeddable":true,"href":"https:\/\/calor.ee\/lv\/wp-json\/wp\/v2\/comments?post=17866"}],"wp:featuredmedia":[{"embeddable":true,"href":"https:\/\/calor.ee\/lv\/wp-json\/wp\/v2\/media\/17868"}],"wp:attachment":[{"href":"https:\/\/calor.ee\/lv\/wp-json\/wp\/v2\/media?parent=17866"}],"wp:term":[{"taxonomy":"product_brand","embeddable":true,"href":"https:\/\/calor.ee\/lv\/wp-json\/wp\/v2\/product_brand?post=17866"},{"taxonomy":"product_cat","embeddable":true,"href":"https:\/\/calor.ee\/lv\/wp-json\/wp\/v2\/product_cat?post=17866"},{"taxonomy":"product_tag","embeddable":true,"href":"https:\/\/calor.ee\/lv\/wp-json\/wp\/v2\/product_tag?post=17866"}],"curies":[{"name":"wp","href":"https:\/\/api.w.org\/{rel}","templated":true}]}}