{"id":17865,"date":"2024-01-25T14:21:00","date_gmt":"2024-01-25T12:21:00","guid":{"rendered":"https:\/\/calor.ee\/dekorativais-ramis-cozy-18-malkas-pirts-krasnij\/"},"modified":"2025-11-19T16:11:26","modified_gmt":"2025-11-19T14:11:26","slug":"dekorativais-ramis-cozy-18-malkas-pirts-krasnij","status":"publish","type":"product","link":"https:\/\/calor.ee\/lv\/dekorativais-ramis-cozy-18-malkas-pirts-krasnij\/","title":{"rendered":"Dekorat\u012bvais r\u0101mis COZY 18 malkas pirts kr\u0101snij"},"content":{"rendered":"","protected":false},"excerpt":{"rendered":"<p>Dekorat\u012bvais r\u0101mis, kas paredz\u0113ts caur sienu kurin\u0101majai COZY 18 malkas pirts kr\u0101snij, ir ide\u0101li piem\u0113rots kurtuves atveres apdares pabeig\u0161anai.<\/p>\n","protected":false},"featured_media":17861,"comment_status":"closed","ping_status":"closed","template":"","meta":{"_acf_changed":false},"product_brand":[5529],"product_cat":[5135],"product_tag":[],"class_list":{"0":"post-17865","1":"product","2":"type-product","3":"status-publish","4":"has-post-thumbnail","6":"product_brand-cozy","7":"product_cat-pirts-piederumi","8":"product_shipping_class-cozy","9":"tm-no-options","11":"first","12":"instock","13":"taxable","14":"shipping-taxable","15":"purchasable","16":"product-type-simple"},"acf":[],"_links":{"self":[{"href":"https:\/\/calor.ee\/lv\/wp-json\/wp\/v2\/product\/17865","targetHints":{"allow":["GET"]}}],"collection":[{"href":"https:\/\/calor.ee\/lv\/wp-json\/wp\/v2\/product"}],"about":[{"href":"https:\/\/calor.ee\/lv\/wp-json\/wp\/v2\/types\/product"}],"replies":[{"embeddable":true,"href":"https:\/\/calor.ee\/lv\/wp-json\/wp\/v2\/comments?post=17865"}],"wp:featuredmedia":[{"embeddable":true,"href":"https:\/\/calor.ee\/lv\/wp-json\/wp\/v2\/media\/17861"}],"wp:attachment":[{"href":"https:\/\/calor.ee\/lv\/wp-json\/wp\/v2\/media?parent=17865"}],"wp:term":[{"taxonomy":"product_brand","embeddable":true,"href":"https:\/\/calor.ee\/lv\/wp-json\/wp\/v2\/product_brand?post=17865"},{"taxonomy":"product_cat","embeddable":true,"href":"https:\/\/calor.ee\/lv\/wp-json\/wp\/v2\/product_cat?post=17865"},{"taxonomy":"product_tag","embeddable":true,"href":"https:\/\/calor.ee\/lv\/wp-json\/wp\/v2\/product_tag?post=17865"}],"curies":[{"name":"wp","href":"https:\/\/api.w.org\/{rel}","templated":true}]}}