{"id":17813,"date":"2021-07-27T11:36:40","date_gmt":"2021-07-27T09:36:40","guid":{"rendered":"https:\/\/calor.ee\/malkas-pirts-krasns-cozy-12-og-tw\/"},"modified":"2025-11-19T15:52:02","modified_gmt":"2025-11-19T13:52:02","slug":"malkas-pirts-krasns-cozy-12-og-tw","status":"publish","type":"product","link":"https:\/\/calor.ee\/lv\/malkas-pirts-krasns-cozy-12-og-tw\/","title":{"rendered":"Malkas pirts kr\u0101sns COZY 12 OG-TW"},"content":{"rendered":"<p>Komplekt\u0101 ietilpst no blakus telpas kurin\u0101m\u0101 jeb ar pagarin\u0101tu kurtuvi <strong>malkas pirts kr\u0101sns<\/strong>. Kr\u0101snij nepiecie\u0161ami 120 kg pirts akme\u0146u un piesl\u0113gums skurstenim. No izv\u0113les piederumiem ir iesp\u0113jams ieg\u0101d\u0101ties kurtuves r\u0101mi, aizsargpl\u0101ksni un re\u017e\u0123i akme\u0146iem.  <\/p>\n<p>P\u0113c individu\u0101la pas\u016bt\u012bjuma ir iesp\u0113jams izgatavot kr\u0101sni tie\u0161i t\u0101d\u0101 kr\u0101s\u0101, k\u0101du v\u0113laties \u2014 s\u0101kot no klasiskas melnas l\u012bdz pat spilgti oran\u017eai. \u012apa\u0161u v\u0113lmju gad\u012bjum\u0101, l\u016bdzu, sazinieties ar mums un \u0146emiet v\u0113r\u0101, ka pieg\u0101des laiks var b\u016bt nedaudz gar\u0101ks, jo kr\u0101sns tiek izgatavota atbilsto\u0161i j\u016bsu person\u012bgaj\u0101m pras\u012bb\u0101m. <\/p>\n","protected":false},"excerpt":{"rendered":"<p>COZY 12 OG-TW ir malkas pirts kr\u0101sns ar pagarin\u0101tu kurtuvi un elegantu dizainu, kas bez papildu apr\u012bkojuma ir iztur\u0113jusi T\u00dcV testu un sa\u0146\u0113musi v\u0101cu BimSch sertifik\u0101tu.<\/p>\n<p><strong>Malkas pirts kr\u0101sns COZY 12 OG-TW<\/strong> pat\u0113r\u0113 vismaz par 25% maz\u0101k kurin\u0101m\u0101, un t\u0101s d\u016bmg\u0101zes ir se\u0161as reizes t\u012br\u0101kas sal\u012bdzin\u0101jum\u0101 ar cit\u0101m l\u012bdz\u012bg\u0101m pirts kr\u0101sn\u012bm. Tai ir ar\u012b \u012bpa\u0161i mazs dro\u0161\u012bbas att\u0101lums \u2014 tikai 17 cm no dego\u0161iem materi\u0101liem (piem\u0113ram, koka sienas). Tas noz\u012bm\u0113, ka COZY 12 OG-TW pirts kr\u0101sni var uzst\u0101d\u012bt sal\u012bdzino\u0161i tuvu sienai, bez papildu aizsargl\u012bdzek\u013ciem.  <\/p>\n<p>\u0160\u012b no blakus telpas kurin\u0101m\u0101, videi draudz\u012bg\u0101 un \u013coti stil\u012bg\u0101 malkas pirts kr\u0101sns ir lieliski piem\u0113rota maz\u0101k\u0101m (6\u201313 m\u00b3) pirt\u012bm. T\u0101 k\u0101 COZY 12 OG-TW ietilpina l\u012bdz 120 kg pirts akme\u0146u, tiek nodro\u0161in\u0101ts pat\u012bkams un ilgsto\u0161s garais tvaiks. <\/p>\n","protected":false},"featured_media":17816,"comment_status":"closed","ping_status":"closed","template":"","meta":{"_acf_changed":false},"product_brand":[5529],"product_cat":[5130],"product_tag":[5150],"class_list":{"0":"post-17813","1":"product","2":"type-product","3":"status-publish","4":"has-post-thumbnail","6":"product_brand-cozy","7":"product_cat-malkas-pirts-krasnis","8":"product_tag-cozy-pirts-krasnis","9":"product_shipping_class-cozy","10":"tm-has-options","12":"first","13":"instock","14":"taxable","15":"shipping-taxable","16":"purchasable","17":"product-type-simple"},"acf":[],"_links":{"self":[{"href":"https:\/\/calor.ee\/lv\/wp-json\/wp\/v2\/product\/17813","targetHints":{"allow":["GET"]}}],"collection":[{"href":"https:\/\/calor.ee\/lv\/wp-json\/wp\/v2\/product"}],"about":[{"href":"https:\/\/calor.ee\/lv\/wp-json\/wp\/v2\/types\/product"}],"replies":[{"embeddable":true,"href":"https:\/\/calor.ee\/lv\/wp-json\/wp\/v2\/comments?post=17813"}],"wp:featuredmedia":[{"embeddable":true,"href":"https:\/\/calor.ee\/lv\/wp-json\/wp\/v2\/media\/17816"}],"wp:attachment":[{"href":"https:\/\/calor.ee\/lv\/wp-json\/wp\/v2\/media?parent=17813"}],"wp:term":[{"taxonomy":"product_brand","embeddable":true,"href":"https:\/\/calor.ee\/lv\/wp-json\/wp\/v2\/product_brand?post=17813"},{"taxonomy":"product_cat","embeddable":true,"href":"https:\/\/calor.ee\/lv\/wp-json\/wp\/v2\/product_cat?post=17813"},{"taxonomy":"product_tag","embeddable":true,"href":"https:\/\/calor.ee\/lv\/wp-json\/wp\/v2\/product_tag?post=17813"}],"curies":[{"name":"wp","href":"https:\/\/api.w.org\/{rel}","templated":true}]}}