{"id":17655,"date":"2024-07-30T16:03:18","date_gmt":"2024-07-30T14:03:18","guid":{"rendered":"https:\/\/calor.ee\/dekorativais-ramis-huum-hive-flow-ls-malkas-pirts-krasnij\/"},"modified":"2026-04-13T08:44:00","modified_gmt":"2026-04-13T06:44:00","slug":"dekorativais-ramis-huum-hive-flow-ls-malkas-pirts-krasnij","status":"publish","type":"product","link":"https:\/\/calor.ee\/lv\/dekorativais-ramis-huum-hive-flow-ls-malkas-pirts-krasnij\/","title":{"rendered":"Dekorat\u012bvais r\u0101mis HUUM HIVE Flow LS malkas pirts kr\u0101snij"},"content":{"rendered":"","protected":false},"excerpt":{"rendered":"<p>Dekorat\u012bvais r\u0101mis, kas paredz\u0113ts caur sienu kurin\u0101majai HUUM HIVE Flow LS malkas pirts kr\u0101snij, ir ide\u0101li piem\u0113rots kurtuves atveres apdares pabeig\u0161anai.<\/p>\n","protected":false},"featured_media":17656,"comment_status":"closed","ping_status":"closed","template":"","meta":{"_acf_changed":false},"product_brand":[5520],"product_cat":[5135],"product_tag":[],"class_list":{"0":"post-17655","1":"product","2":"type-product","3":"status-publish","4":"has-post-thumbnail","6":"product_brand-huum","7":"product_cat-pirts-piederumi","8":"product_shipping_class-huum","9":"tm-no-options","11":"first","12":"instock","13":"sale","14":"taxable","15":"shipping-taxable","16":"purchasable","17":"product-type-variable","18":"has-default-attributes"},"acf":[],"_links":{"self":[{"href":"https:\/\/calor.ee\/lv\/wp-json\/wp\/v2\/product\/17655","targetHints":{"allow":["GET"]}}],"collection":[{"href":"https:\/\/calor.ee\/lv\/wp-json\/wp\/v2\/product"}],"about":[{"href":"https:\/\/calor.ee\/lv\/wp-json\/wp\/v2\/types\/product"}],"replies":[{"embeddable":true,"href":"https:\/\/calor.ee\/lv\/wp-json\/wp\/v2\/comments?post=17655"}],"wp:featuredmedia":[{"embeddable":true,"href":"https:\/\/calor.ee\/lv\/wp-json\/wp\/v2\/media\/17656"}],"wp:attachment":[{"href":"https:\/\/calor.ee\/lv\/wp-json\/wp\/v2\/media?parent=17655"}],"wp:term":[{"taxonomy":"product_brand","embeddable":true,"href":"https:\/\/calor.ee\/lv\/wp-json\/wp\/v2\/product_brand?post=17655"},{"taxonomy":"product_cat","embeddable":true,"href":"https:\/\/calor.ee\/lv\/wp-json\/wp\/v2\/product_cat?post=17655"},{"taxonomy":"product_tag","embeddable":true,"href":"https:\/\/calor.ee\/lv\/wp-json\/wp\/v2\/product_tag?post=17655"}],"curies":[{"name":"wp","href":"https:\/\/api.w.org\/{rel}","templated":true}]}}