{"id":17654,"date":"2024-07-30T15:47:37","date_gmt":"2024-07-30T13:47:37","guid":{"rendered":"https:\/\/calor.ee\/aizsargplaksne-huum-hive-flow-mini-ls-malkas-pirts-krasnij\/"},"modified":"2026-04-13T09:06:42","modified_gmt":"2026-04-13T07:06:42","slug":"aizsargplaksne-huum-hive-flow-mini-ls-malkas-pirts-krasnij","status":"publish","type":"product","link":"https:\/\/calor.ee\/lv\/aizsargplaksne-huum-hive-flow-mini-ls-malkas-pirts-krasnij\/","title":{"rendered":"Aizsargpl\u0101ksne HUUM HIVE Flow Mini LS malkas pirts kr\u0101snij"},"content":{"rendered":"","protected":false},"excerpt":{"rendered":"<p>Aizsargpl\u0101ksne HUUM HIVE Flow Mini LS malkas pirts kr\u0101snij ir paredz\u0113ta izmanto\u0161anai pirts telp\u0101s, kur no blakus telpas kurin\u0101m\u0101 HUUM HIVE Flow Mini LS pirts kr\u0101sns tiek uzst\u0101d\u012bta uz koka vai cita dego\u0161a materi\u0101la gr\u012bdas. T\u0101pat iesak\u0101m to izmantot ar\u012b gad\u012bjumos, kad gr\u012bd\u0101 (zem pirts kr\u0101sns) ir ier\u012bkota \u016bdens apsild\u0101m\u0101 gr\u012bda. Aizsargpl\u0101ksne aizsarg\u0101 gan dego\u0161as gr\u012bdas virsmas, gan ar\u012b siltumapg\u0101des cauru\u013cvadus.  <\/p>\n<p>Aizsargpl\u0101ksnei ir regul\u0113jamas k\u0101jas (palielina augstumu l\u012bdz 9 cm), un t\u0101s maksim\u0101l\u0101 nestsp\u0113ja ir 300 kg.<\/p>\n<p>Aizsargpl\u0101ksne ir paredz\u0113ta tikai HUUM HIVE Flow Mini LS malkas pirts kr\u0101snij.<\/p>\n","protected":false},"featured_media":17652,"comment_status":"closed","ping_status":"closed","template":"","meta":{"_acf_changed":false},"product_brand":[5520],"product_cat":[5135],"product_tag":[],"class_list":{"0":"post-17654","1":"product","2":"type-product","3":"status-publish","4":"has-post-thumbnail","6":"product_brand-huum","7":"product_cat-pirts-piederumi","8":"product_shipping_class-huum","9":"tm-no-options","11":"first","12":"instock","13":"sale","14":"taxable","15":"shipping-taxable","16":"purchasable","17":"product-type-simple"},"acf":[],"_links":{"self":[{"href":"https:\/\/calor.ee\/lv\/wp-json\/wp\/v2\/product\/17654","targetHints":{"allow":["GET"]}}],"collection":[{"href":"https:\/\/calor.ee\/lv\/wp-json\/wp\/v2\/product"}],"about":[{"href":"https:\/\/calor.ee\/lv\/wp-json\/wp\/v2\/types\/product"}],"replies":[{"embeddable":true,"href":"https:\/\/calor.ee\/lv\/wp-json\/wp\/v2\/comments?post=17654"}],"wp:featuredmedia":[{"embeddable":true,"href":"https:\/\/calor.ee\/lv\/wp-json\/wp\/v2\/media\/17652"}],"wp:attachment":[{"href":"https:\/\/calor.ee\/lv\/wp-json\/wp\/v2\/media?parent=17654"}],"wp:term":[{"taxonomy":"product_brand","embeddable":true,"href":"https:\/\/calor.ee\/lv\/wp-json\/wp\/v2\/product_brand?post=17654"},{"taxonomy":"product_cat","embeddable":true,"href":"https:\/\/calor.ee\/lv\/wp-json\/wp\/v2\/product_cat?post=17654"},{"taxonomy":"product_tag","embeddable":true,"href":"https:\/\/calor.ee\/lv\/wp-json\/wp\/v2\/product_tag?post=17654"}],"curies":[{"name":"wp","href":"https:\/\/api.w.org\/{rel}","templated":true}]}}