{"id":17648,"date":"2024-07-30T15:12:43","date_gmt":"2024-07-30T13:12:43","guid":{"rendered":"https:\/\/calor.ee\/gridas-aizsargplaksne-huum-hive-flow-malkas-pirts-krasnij\/"},"modified":"2026-04-10T16:57:00","modified_gmt":"2026-04-10T14:57:00","slug":"gridas-aizsargplaksne-huum-hive-flow-malkas-pirts-krasnij","status":"publish","type":"product","link":"https:\/\/calor.ee\/lv\/gridas-aizsargplaksne-huum-hive-flow-malkas-pirts-krasnij\/","title":{"rendered":"Gr\u012bdas aizsargpl\u0101ksne HUUM HIVE Flow malkas pirts kr\u0101snij"},"content":{"rendered":"","protected":false},"excerpt":{"rendered":"<p>Gr\u012bdas aizsargpl\u0101ksne ir dro\u0161\u012bbu paaugstino\u0161s papildu piederums, kas paredz\u0113ts gad\u012bjumiem, kad pirts kr\u0101sns tiek uzst\u0101d\u012bta uz koka vai cita dego\u0161a materi\u0101la gr\u012bdas. Aizsargpl\u0101ksne pasarg\u0101 gr\u012bdu no aizdeg\u0161an\u0101s riska, iev\u0113rojot visp\u0101r\u012bg\u0101s ugunsdro\u0161\u012bbas pras\u012bbas. <\/p>\n<p>Piem\u0113rota vis\u0101m HUUM HIVE Flow malkas pirts kr\u0101sn\u012bm.<\/p>\n","protected":false},"featured_media":17650,"comment_status":"closed","ping_status":"closed","template":"","meta":{"_acf_changed":false},"product_brand":[5520],"product_cat":[5135],"product_tag":[],"class_list":{"0":"post-17648","1":"product","2":"type-product","3":"status-publish","4":"has-post-thumbnail","6":"product_brand-huum","7":"product_cat-pirts-piederumi","8":"product_shipping_class-huum","9":"tm-no-options","11":"first","12":"instock","13":"sale","14":"taxable","15":"shipping-taxable","16":"purchasable","17":"product-type-simple"},"acf":[],"_links":{"self":[{"href":"https:\/\/calor.ee\/lv\/wp-json\/wp\/v2\/product\/17648","targetHints":{"allow":["GET"]}}],"collection":[{"href":"https:\/\/calor.ee\/lv\/wp-json\/wp\/v2\/product"}],"about":[{"href":"https:\/\/calor.ee\/lv\/wp-json\/wp\/v2\/types\/product"}],"replies":[{"embeddable":true,"href":"https:\/\/calor.ee\/lv\/wp-json\/wp\/v2\/comments?post=17648"}],"wp:featuredmedia":[{"embeddable":true,"href":"https:\/\/calor.ee\/lv\/wp-json\/wp\/v2\/media\/17650"}],"wp:attachment":[{"href":"https:\/\/calor.ee\/lv\/wp-json\/wp\/v2\/media?parent=17648"}],"wp:term":[{"taxonomy":"product_brand","embeddable":true,"href":"https:\/\/calor.ee\/lv\/wp-json\/wp\/v2\/product_brand?post=17648"},{"taxonomy":"product_cat","embeddable":true,"href":"https:\/\/calor.ee\/lv\/wp-json\/wp\/v2\/product_cat?post=17648"},{"taxonomy":"product_tag","embeddable":true,"href":"https:\/\/calor.ee\/lv\/wp-json\/wp\/v2\/product_tag?post=17648"}],"curies":[{"name":"wp","href":"https:\/\/api.w.org\/{rel}","templated":true}]}}